{"id":15,"date":"2024-04-03T23:07:33","date_gmt":"2024-04-03T20:07:33","guid":{"rendered":"https:\/\/sisu.ut.ee\/hambumusanomaalia\/nao-valisvaatlus\/"},"modified":"2024-04-03T23:08:01","modified_gmt":"2024-04-03T20:08:01","slug":"nao-valisvaatlus","status":"publish","type":"page","link":"https:\/\/sisu.ut.ee\/hambumusanomaalia\/nao-valisvaatlus\/","title":{"rendered":"N\u00e4o v\u00e4lisvaatlus"},"content":{"rendered":"<p>Patsiendi vaatlus algab enne ravitoolile j\u00f5udmist. Vaadatakse lapse kehakasvu, k\u00f5nnakut ja r\u00fchti. Samuti seda, kas laps tuleb kabinetti reipalt ega karda v\u00f5i ettevaatlikult ema selja taga. N\u00f5nda saame teada lapse f\u00fc\u00fcsilistest ja ps\u00fc\u00fchilistest muredest selle kohta k\u00fcsimusi esitamata.<\/p>\n","protected":false},"excerpt":{"rendered":"<p>Patsiendi vaatlus algab enne ravitoolile j\u00f5udmist. Vaadatakse lapse kehakasvu, k\u00f5nnakut ja r\u00fchti. Samuti seda, kas laps tuleb kabinetti reipalt ega karda v\u00f5i ettevaatlikult ema selja taga. N\u00f5nda saame teada lapse f\u00fc\u00fcsilistest ja ps\u00fc\u00fchilistest muredest selle kohta k\u00fcsimusi esitamata.<\/p>\n","protected":false},"author":2,"featured_media":0,"parent":0,"menu_order":0,"comment_status":"closed","ping_status":"closed","template":"","meta":{"_acf_changed":false,"inline_featured_image":false,"footnotes":""},"class_list":["post-15","page","type-page","status-publish","hentry"],"acf":[],"_links":{"self":[{"href":"https:\/\/sisu.ut.ee\/hambumusanomaalia\/wp-json\/wp\/v2\/pages\/15","targetHints":{"allow":["GET"]}}],"collection":[{"href":"https:\/\/sisu.ut.ee\/hambumusanomaalia\/wp-json\/wp\/v2\/pages"}],"about":[{"href":"https:\/\/sisu.ut.ee\/hambumusanomaalia\/wp-json\/wp\/v2\/types\/page"}],"author":[{"embeddable":true,"href":"https:\/\/sisu.ut.ee\/hambumusanomaalia\/wp-json\/wp\/v2\/users\/2"}],"replies":[{"embeddable":true,"href":"https:\/\/sisu.ut.ee\/hambumusanomaalia\/wp-json\/wp\/v2\/comments?post=15"}],"version-history":[{"count":1,"href":"https:\/\/sisu.ut.ee\/hambumusanomaalia\/wp-json\/wp\/v2\/pages\/15\/revisions"}],"predecessor-version":[{"id":149,"href":"https:\/\/sisu.ut.ee\/hambumusanomaalia\/wp-json\/wp\/v2\/pages\/15\/revisions\/149"}],"wp:attachment":[{"href":"https:\/\/sisu.ut.ee\/hambumusanomaalia\/wp-json\/wp\/v2\/media?parent=15"}],"curies":[{"name":"wp","href":"https:\/\/api.w.org\/{rel}","templated":true}]}}