{"id":13,"date":"2024-04-03T23:07:33","date_gmt":"2024-04-03T20:07:33","guid":{"rendered":"https:\/\/sisu.ut.ee\/hambumusanomaalia\/sissejuhatus\/"},"modified":"2024-04-03T23:08:01","modified_gmt":"2024-04-03T20:08:01","slug":"sissejuhatus","status":"publish","type":"page","link":"https:\/\/sisu.ut.ee\/hambumusanomaalia\/sissejuhatus\/","title":{"rendered":"Sissejuhatus"},"content":{"rendered":"<p>Hambaarst v\u00f5iks endal ise kujundada hea tava, et k\u00f5iki patsiente uurib ta \u00fche metoodika j\u00e4rgi.<\/p>\n<p>Patsiendi uurime v\u00f5iks olla j\u00e4rgmises j\u00e4rjekorras:<\/p>\n<ul>\n<li><span style=\"line-height: 1.6em\" data-mce-mark=\"1\">Elu- ja haiguse anamnees<\/span><\/li>\n<li><span style=\"line-height: 1.6em\" data-mce-mark=\"1\">Pea \u2013 ja n\u00e4okuju vaatlus<\/span><\/li>\n<li><span style=\"line-height: 1.6em\" data-mce-mark=\"1\">Juuste ja naha vaatlus<\/span><\/li>\n<li><span style=\"line-height: 1.6em\" data-mce-mark=\"1\">N\u00e4o vertikaalsete proportsioonide vaatlemine<\/span><\/li>\n<li><span style=\"line-height: 1.6em\" data-mce-mark=\"1\">N\u00e4o parema\u00a0 ja vasema poole v\u00f5rdlemine<\/span><\/li>\n<li><span style=\"line-height: 1.6em\" data-mce-mark=\"1\">N\u00e4o profiili hindamine<\/span><\/li>\n<li><span style=\"line-height: 1.6em\" data-mce-mark=\"1\">Suuesiku vaatlus<\/span><\/li>\n<li><span style=\"line-height: 1.6em\" data-mce-mark=\"1\">Suu\u00f5\u00f5ne pehmete kudede vaatlus<\/span><\/li>\n<li><span style=\"line-height: 1.6em\" data-mce-mark=\"1\">Suu\u00f5\u00f5ne h\u00fcgieeni hindamine<\/span><\/li>\n<li><span style=\"line-height: 1.6em\" data-mce-mark=\"1\">Hammaste arvu hindamine (kas j\u00e4\u00e4v- v\u00f5i piimahambad) ja staatuse m\u00e4\u00e4ramine<\/span><\/li>\n<li><span style=\"line-height: 1.6em\" data-mce-mark=\"1\">Hambakaarte kuju hindamine<\/span><\/li>\n<li><span style=\"line-height: 1.6em\" data-mce-mark=\"1\">Hambumuse m\u00e4\u00e4ramine<\/span><\/li>\n<li><span style=\"line-height: 1.6em\" data-mce-mark=\"1\">N\u00e4o-l\u00f5ualuu piirkonna funktsioonide hindamine<\/span><\/li>\n<\/ul>\n<p>Kui vaatlust teha alati \u00fches j\u00e4rjekorras, siis ei j\u00e4\u00e4 ka midagi m\u00e4rkamata.<\/p>\n<p>K\u00e4esolev \u00f5piobjekt aitab rohkete illustratsioonidega meelde tuletada, et erinevates vanustes patsientide uurimiseks on vajalikud erinevad\u00a0 eelteadmised ja siis on tulemus parem.<\/p>\n<p>Testi eesm\u00e4rk on teadmiste kinnitamine.<\/p>\n<p>Head \u00f5ppimist!<\/p>\n","protected":false},"excerpt":{"rendered":"<p>Hambaarst v\u00f5iks endal ise kujundada hea tava, et k\u00f5iki patsiente uurib ta \u00fche metoodika j\u00e4rgi. Patsiendi uurime v\u00f5iks olla j\u00e4rgmises j\u00e4rjekorras: Elu- ja haiguse anamnees Pea \u2013 ja n\u00e4okuju vaatlus Juuste ja naha vaatlus N\u00e4o vertikaalsete proportsioonide vaatlemine N\u00e4o parema\u00a0 &#8230;<\/p>\n","protected":false},"author":2,"featured_media":0,"parent":0,"menu_order":0,"comment_status":"closed","ping_status":"closed","template":"","meta":{"_acf_changed":false,"inline_featured_image":false,"footnotes":""},"class_list":["post-13","page","type-page","status-publish","hentry"],"acf":[],"_links":{"self":[{"href":"https:\/\/sisu.ut.ee\/hambumusanomaalia\/wp-json\/wp\/v2\/pages\/13","targetHints":{"allow":["GET"]}}],"collection":[{"href":"https:\/\/sisu.ut.ee\/hambumusanomaalia\/wp-json\/wp\/v2\/pages"}],"about":[{"href":"https:\/\/sisu.ut.ee\/hambumusanomaalia\/wp-json\/wp\/v2\/types\/page"}],"author":[{"embeddable":true,"href":"https:\/\/sisu.ut.ee\/hambumusanomaalia\/wp-json\/wp\/v2\/users\/2"}],"replies":[{"embeddable":true,"href":"https:\/\/sisu.ut.ee\/hambumusanomaalia\/wp-json\/wp\/v2\/comments?post=13"}],"version-history":[{"count":1,"href":"https:\/\/sisu.ut.ee\/hambumusanomaalia\/wp-json\/wp\/v2\/pages\/13\/revisions"}],"predecessor-version":[{"id":151,"href":"https:\/\/sisu.ut.ee\/hambumusanomaalia\/wp-json\/wp\/v2\/pages\/13\/revisions\/151"}],"wp:attachment":[{"href":"https:\/\/sisu.ut.ee\/hambumusanomaalia\/wp-json\/wp\/v2\/media?parent=13"}],"curies":[{"name":"wp","href":"https:\/\/api.w.org\/{rel}","templated":true}]}}