{"id":12,"date":"2024-04-03T23:07:33","date_gmt":"2024-04-03T20:07:33","guid":{"rendered":"https:\/\/sisu.ut.ee\/hambumusanomaalia\/normaalne-hambumus-vahelduvhammaskonnas\/"},"modified":"2024-04-03T23:08:01","modified_gmt":"2024-04-03T20:08:01","slug":"normaalne-hambumus-vahelduvhammaskonnas","status":"publish","type":"page","link":"https:\/\/sisu.ut.ee\/hambumusanomaalia\/normaalne-hambumus-vahelduvhammaskonnas\/","title":{"rendered":"Normaalne hambumus vahelduvhammaskonnas"},"content":{"rendered":"<p><\/p><div class=\"ratio ratio-16x9 mb-3\"><div class=\"video-placeholder-wrapper video-placeholder-wrapper--16x9\">\n\t\t\t    <div class=\"video-placeholder d-flex justify-content-center align-items-center\">\n\t\t\t        <div class=\"overlay text-white p-2 w-100 text-center d-block justify-content-center align-items-center\">\n\t\t\t            <div>Kolmandate osapoolte sisu n\u00e4gemiseks palun n\u00f5ustu k\u00fcpsistega.<\/div>\n\t\t\t            <button class=\"btn btn-secondary btn-sm mt-1 consent-change\">Muuda n\u00f5usolekut<\/button>\n\t\t\t        <\/div>\n\t\t\t    <\/div>\n\t\t\t<\/div>\n<\/div>\n<p>Varajast vahelduvhammaskonda, kui l\u00f5ikunud on ainult alumised tsentraalsed intsisiivid, vt. j\u00e4rgmisel pildil.<\/p>\n<p><img loading=\"lazy\" decoding=\"async\" width=\"400\" height=\"264\" class=\"alignnone wp-image-40\" style=\"margin-left: auto;margin-right: auto\" src=\"https:\/\/sisu.ut.ee\/wp-content\/uploads\/sites\/9\/npv5.png\" title=\"npv5.png\" alt=\"npv5.png\" srcset=\"https:\/\/sisu.ut.ee\/wp-content\/uploads\/sites\/9\/npv5.png 400w, https:\/\/sisu.ut.ee\/wp-content\/uploads\/sites\/9\/npv5-300x198.png 300w\" sizes=\"auto, (max-width: 400px) 100vw, 400px\"><\/p>\n<p>Varajase vahelduvhammaskonna perioodis 6\u20137-aastasel lapsel v\u00f5ite n\u00e4ha suus j\u00e4rgmist pilti.<\/p>\n<p><img loading=\"lazy\" decoding=\"async\" width=\"400\" height=\"230\" class=\"alignnone wp-image-41\" style=\"margin-left: auto;margin-right: auto\" src=\"https:\/\/sisu.ut.ee\/wp-content\/uploads\/sites\/9\/npv6.png\" title=\"npv6.png\" alt=\"npv6.png\" srcset=\"https:\/\/sisu.ut.ee\/wp-content\/uploads\/sites\/9\/npv6.png 400w, https:\/\/sisu.ut.ee\/wp-content\/uploads\/sites\/9\/npv6-300x173.png 300w\" sizes=\"auto, (max-width: 400px) 100vw, 400px\"><\/p>\n<p style=\"text-align: center\"><img loading=\"lazy\" decoding=\"async\" width=\"400\" height=\"278\" class=\"alignnone wp-image-42\" src=\"https:\/\/sisu.ut.ee\/wp-content\/uploads\/sites\/9\/npv7.png\" title=\"npv7.png\" alt=\"npv7.png\" srcset=\"https:\/\/sisu.ut.ee\/wp-content\/uploads\/sites\/9\/npv7.png 400w, https:\/\/sisu.ut.ee\/wp-content\/uploads\/sites\/9\/npv7-300x209.png 300w\" sizes=\"auto, (max-width: 400px) 100vw, 400px\"><\/p>\n<p style=\"text-align: center\"><em>Eveli Sibul, erakogu<\/em><\/p>\n<p>Tegemist on \u201einetu pardipoja\u201c staadiumiga, ka n\u00fc\u00fcd peate lapsevanematele selgitama, et see on normaalne ja ortodontilist ravi ei ole kohe vaja, sest j\u00e4rgnevate j\u00e4\u00e4vhammaste l\u00f5ikumisel muutub ka esihammaste asend.<\/p>\n<p>Ka v\u00e4hene ruumipuudus alumiste intsisiivide piirkonnas 8\u20139-aastastel lastel laheneb sageli iseenesest ja selleks on kolm p\u00f5hjust:<\/p>\n<ol>\n<li>kaniinidevaheline laius suureneb umbes 2 mm;<\/li>\n<li>hambad liiguvad l\u00f5ikumise k\u00e4igus mitte ainult oklusaalsele, vaid ka bukaalsele, intsisiivid kalduvad labiaalsele ja tekib 1\u20133 mm lisaruumi;<\/li>\n<li>alumiste kaniinide nihkumine distaalsemale arenguvahede arvel annab umbes 1 mm lisaruumi.<\/li>\n<\/ol>\n<p>Hilises vahelduvhammaskonna staadiumis peavad vestiibulumis olema palpeeritavad kaniinide algmed. Eemalda piimakaniinid \u00f5igeaegselt! J\u00e4\u00e4vkaniinide ebas\u00fcmmeetrilise l\u00f5ikumise korral tee patsiendile ortopantomogramm ja suuna ta ortodondi vastuv\u00f5tule.\u00a0<\/p>\n","protected":false},"excerpt":{"rendered":"<p>Kolmandate osapoolte sisu n\u00e4gemiseks palun n\u00f5ustu k\u00fcpsistega. Muuda n\u00f5usolekut Varajast vahelduvhammaskonda, kui l\u00f5ikunud on ainult alumised tsentraalsed intsisiivid, vt. j\u00e4rgmisel pildil. Varajase vahelduvhammaskonna perioodis 6\u20137-aastasel lapsel v\u00f5ite n\u00e4ha suus j\u00e4rgmist pilti. Eveli Sibul, erakogu Tegemist on \u201einetu pardipoja\u201c staadiumiga, ka &#8230;<\/p>\n","protected":false},"author":2,"featured_media":0,"parent":0,"menu_order":0,"comment_status":"closed","ping_status":"closed","template":"","meta":{"_acf_changed":false,"inline_featured_image":false,"footnotes":""},"class_list":["post-12","page","type-page","status-publish","hentry"],"acf":[],"_links":{"self":[{"href":"https:\/\/sisu.ut.ee\/hambumusanomaalia\/wp-json\/wp\/v2\/pages\/12","targetHints":{"allow":["GET"]}}],"collection":[{"href":"https:\/\/sisu.ut.ee\/hambumusanomaalia\/wp-json\/wp\/v2\/pages"}],"about":[{"href":"https:\/\/sisu.ut.ee\/hambumusanomaalia\/wp-json\/wp\/v2\/types\/page"}],"author":[{"embeddable":true,"href":"https:\/\/sisu.ut.ee\/hambumusanomaalia\/wp-json\/wp\/v2\/users\/2"}],"replies":[{"embeddable":true,"href":"https:\/\/sisu.ut.ee\/hambumusanomaalia\/wp-json\/wp\/v2\/comments?post=12"}],"version-history":[{"count":1,"href":"https:\/\/sisu.ut.ee\/hambumusanomaalia\/wp-json\/wp\/v2\/pages\/12\/revisions"}],"predecessor-version":[{"id":152,"href":"https:\/\/sisu.ut.ee\/hambumusanomaalia\/wp-json\/wp\/v2\/pages\/12\/revisions\/152"}],"wp:attachment":[{"href":"https:\/\/sisu.ut.ee\/hambumusanomaalia\/wp-json\/wp\/v2\/media?parent=12"}],"curies":[{"name":"wp","href":"https:\/\/api.w.org\/{rel}","templated":true}]}}