{"id":11,"date":"2024-04-03T23:07:33","date_gmt":"2024-04-03T20:07:33","guid":{"rendered":"https:\/\/sisu.ut.ee\/hambumusanomaalia\/nao-profiil\/"},"modified":"2024-04-03T23:08:01","modified_gmt":"2024-04-03T20:08:01","slug":"nao-profiil","status":"publish","type":"page","link":"https:\/\/sisu.ut.ee\/hambumusanomaalia\/nao-profiil\/","title":{"rendered":"N\u00e4o profiil"},"content":{"rendered":"<p>K\u00fcljelt vaadates peetakse normaalseks, kui profiil on sirge, nagu on n\u00e4idatud j\u00e4rgmisel joonisel. Ninaotsa ja l\u00f5uatsiotsa vahele t\u00f5mmatud m\u00f5tteline joon aitab hinnata huulte asendit, mis normaalselt peaaegu puutuvad esteetilise joone vastu v\u00f5i j\u00e4\u00e4vad sellest veidi tahapoole.<\/p>\n<p>Profiili oluline muutus annab m\u00e4rku l\u00f5ualuude kasvu erip\u00e4rast. J\u00e4rgmisel joonisel on vasakul ettesuunatud alal\u00f5ug, keskel normaalne n\u00e4gu, paremal on alal\u00f5ug tagapool.<\/p>\n<p><img loading=\"lazy\" decoding=\"async\" width=\"546\" height=\"255\" class=\"alignnone wp-image-38\" style=\"margin-left: auto;margin-right: auto\" src=\"https:\/\/sisu.ut.ee\/wp-content\/uploads\/sites\/9\/vv18.png\" title=\"vv18.png\" alt=\"vv18.png\" srcset=\"https:\/\/sisu.ut.ee\/wp-content\/uploads\/sites\/9\/vv18.png 546w, https:\/\/sisu.ut.ee\/wp-content\/uploads\/sites\/9\/vv18-300x140.png 300w\" sizes=\"auto, (max-width: 546px) 100vw, 546px\"><\/p>\n<p style=\"text-align: center\"><em>Joonis: Aide Eendra<\/em><\/p>\n<p>Huulte asendit aitab m\u00e4\u00e4rata nasolabiaalnurga uurimine. J\u00e4rgmisel joonisel keskel n\u00e4idatakse nurga m\u00f5\u00f5tmist. Parempoolsel pildil on liiga v\u00e4ike nasolabiaalnurk, mis on iseloomulik Angle II-1 hambumusanomaaliale. Vasakpoolsel pildil on liiga suur nasolabiaalnurk, mis n\u00e4itab, et \u00fclahuul on liiga tagapool. Normaalne on midagi kahe pildi vahepealset.<\/p>\n<p><img loading=\"lazy\" decoding=\"async\" width=\"499\" height=\"219\" class=\"alignnone wp-image-39\" style=\"margin-left: auto;margin-right: auto\" src=\"https:\/\/sisu.ut.ee\/wp-content\/uploads\/sites\/9\/vv19.png\" title=\"vv19.png\" alt=\"vv19.png\" srcset=\"https:\/\/sisu.ut.ee\/wp-content\/uploads\/sites\/9\/vv19.png 499w, https:\/\/sisu.ut.ee\/wp-content\/uploads\/sites\/9\/vv19-300x132.png 300w\" sizes=\"auto, (max-width: 499px) 100vw, 499px\"><\/p>\n<p style=\"text-align: center\"><em><a href=\"http:\/\/www.blin-ayusawa.com\" target=\"_blank\" rel=\"noopener\">http:\/\/<span style=\"line-height: 1.6em\" data-mce-mark=\"1\">www.blin-ayusawa.com<\/span><\/a><\/em><\/p>\n<p>L\u00f5uatsi kuju v\u00f5ib olla erisugune, kuid samas ei pea erilise kujuga alati kaasnema hambumusanomaaliat.<\/p>\n","protected":false},"excerpt":{"rendered":"<p>K\u00fcljelt vaadates peetakse normaalseks, kui profiil on sirge, nagu on n\u00e4idatud j\u00e4rgmisel joonisel. Ninaotsa ja l\u00f5uatsiotsa vahele t\u00f5mmatud m\u00f5tteline joon aitab hinnata huulte asendit, mis normaalselt peaaegu puutuvad esteetilise joone vastu v\u00f5i j\u00e4\u00e4vad sellest veidi tahapoole. Profiili oluline muutus annab &#8230;<\/p>\n","protected":false},"author":2,"featured_media":0,"parent":0,"menu_order":0,"comment_status":"closed","ping_status":"closed","template":"","meta":{"_acf_changed":false,"inline_featured_image":false,"footnotes":""},"class_list":["post-11","page","type-page","status-publish","hentry"],"acf":[],"_links":{"self":[{"href":"https:\/\/sisu.ut.ee\/hambumusanomaalia\/wp-json\/wp\/v2\/pages\/11","targetHints":{"allow":["GET"]}}],"collection":[{"href":"https:\/\/sisu.ut.ee\/hambumusanomaalia\/wp-json\/wp\/v2\/pages"}],"about":[{"href":"https:\/\/sisu.ut.ee\/hambumusanomaalia\/wp-json\/wp\/v2\/types\/page"}],"author":[{"embeddable":true,"href":"https:\/\/sisu.ut.ee\/hambumusanomaalia\/wp-json\/wp\/v2\/users\/2"}],"replies":[{"embeddable":true,"href":"https:\/\/sisu.ut.ee\/hambumusanomaalia\/wp-json\/wp\/v2\/comments?post=11"}],"version-history":[{"count":1,"href":"https:\/\/sisu.ut.ee\/hambumusanomaalia\/wp-json\/wp\/v2\/pages\/11\/revisions"}],"predecessor-version":[{"id":153,"href":"https:\/\/sisu.ut.ee\/hambumusanomaalia\/wp-json\/wp\/v2\/pages\/11\/revisions\/153"}],"wp:attachment":[{"href":"https:\/\/sisu.ut.ee\/hambumusanomaalia\/wp-json\/wp\/v2\/media?parent=11"}],"curies":[{"name":"wp","href":"https:\/\/api.w.org\/{rel}","templated":true}]}}