{"id":10,"date":"2024-04-03T23:07:33","date_gmt":"2024-04-03T20:07:33","guid":{"rendered":"https:\/\/sisu.ut.ee\/hambumusanomaalia\/huuled\/"},"modified":"2024-04-03T23:08:01","modified_gmt":"2024-04-03T20:08:01","slug":"huuled","status":"publish","type":"page","link":"https:\/\/sisu.ut.ee\/hambumusanomaalia\/huuled\/","title":{"rendered":"Huuled"},"content":{"rendered":"<p>Patsienti vaadeldes ja temaga suheldes j\u00e4lgige, kas ta hingab suu v\u00f5i nina kaudu. Nina kaudu hingavatel lastel on huuled suletud ja suu kaudu hingavatel lastel avatud. Vaata j\u00e4rgnevaid pilte <strong style=\"line-height: 1.6em\">huulte asendi<\/strong> kohta.\u00a0<\/p>\n<p><img loading=\"lazy\" decoding=\"async\" width=\"545\" height=\"205\" class=\"alignnone wp-image-37\" style=\"margin-left: auto;margin-right: auto\" src=\"https:\/\/sisu.ut.ee\/wp-content\/uploads\/sites\/9\/vv17.png\" title=\"vv17.png\" alt=\"vv17.png\" srcset=\"https:\/\/sisu.ut.ee\/wp-content\/uploads\/sites\/9\/vv17.png 545w, https:\/\/sisu.ut.ee\/wp-content\/uploads\/sites\/9\/vv17-300x113.png 300w\" sizes=\"auto, (max-width: 545px) 100vw, 545px\"><\/p>\n<p style=\"text-align: center\"><em><br>Joonis: Aide Eendra<\/em><\/p>\n<p>Tark hambaarst hajutab lapsega suheldes lapse murepilvi ja kartust ning samas j\u00e4lgib ka lapse k\u00f5nemaneeri, kas k\u00f5ne on defektidega v\u00f5i ilma. N\u00e4iteks kui lapsel on huuled avatud ja te n\u00e4ete, et hammaste vahelt paistab ka keel, siis v\u00f5ite ka kuulda hammastevahelise <em>S<\/em>-i h\u00e4\u00e4ldust. Lapsega suheldes saate ka teada, kas tema vastused on eakohased.<\/p>\n<p><strong>Alahuule vale asend v\u00f5i pinge<\/strong> v\u00f5ib olla p\u00f5hjuseks, et neelatamise ajal lapse huuled ei sulgugi, vaid alahuul j\u00e4\u00e4b \u00fclemiste hammaste taha, nihutades \u00fclahambaid aina rohkem ettepoole. Lapsel v\u00f5ib olla ka kahjulik harjumus n\u00e4rida v\u00f5i imeda alahuult, siis on n\u00e4ha, et \u00fclahuul on valkjat v\u00e4rvi ja alahuul tunduvalt punasem.<\/p>\n","protected":false},"excerpt":{"rendered":"<p>Patsienti vaadeldes ja temaga suheldes j\u00e4lgige, kas ta hingab suu v\u00f5i nina kaudu. Nina kaudu hingavatel lastel on huuled suletud ja suu kaudu hingavatel lastel avatud. Vaata j\u00e4rgnevaid pilte huulte asendi kohta.\u00a0 Joonis: Aide Eendra Tark hambaarst hajutab lapsega suheldes &#8230;<\/p>\n","protected":false},"author":2,"featured_media":0,"parent":0,"menu_order":0,"comment_status":"closed","ping_status":"closed","template":"","meta":{"_acf_changed":false,"inline_featured_image":false,"footnotes":""},"class_list":["post-10","page","type-page","status-publish","hentry"],"acf":[],"_links":{"self":[{"href":"https:\/\/sisu.ut.ee\/hambumusanomaalia\/wp-json\/wp\/v2\/pages\/10","targetHints":{"allow":["GET"]}}],"collection":[{"href":"https:\/\/sisu.ut.ee\/hambumusanomaalia\/wp-json\/wp\/v2\/pages"}],"about":[{"href":"https:\/\/sisu.ut.ee\/hambumusanomaalia\/wp-json\/wp\/v2\/types\/page"}],"author":[{"embeddable":true,"href":"https:\/\/sisu.ut.ee\/hambumusanomaalia\/wp-json\/wp\/v2\/users\/2"}],"replies":[{"embeddable":true,"href":"https:\/\/sisu.ut.ee\/hambumusanomaalia\/wp-json\/wp\/v2\/comments?post=10"}],"version-history":[{"count":1,"href":"https:\/\/sisu.ut.ee\/hambumusanomaalia\/wp-json\/wp\/v2\/pages\/10\/revisions"}],"predecessor-version":[{"id":154,"href":"https:\/\/sisu.ut.ee\/hambumusanomaalia\/wp-json\/wp\/v2\/pages\/10\/revisions\/154"}],"wp:attachment":[{"href":"https:\/\/sisu.ut.ee\/hambumusanomaalia\/wp-json\/wp\/v2\/media?parent=10"}],"curies":[{"name":"wp","href":"https:\/\/api.w.org\/{rel}","templated":true}]}}