{"id":86,"date":"2025-02-13T12:58:20","date_gmt":"2025-02-13T10:58:20","guid":{"rendered":"https:\/\/sisu.ut.ee\/hambatraumad\/?page_id=86"},"modified":"2025-03-18T13:05:58","modified_gmt":"2025-03-18T11:05:58","slug":"piimahamba-avulsioon","status":"publish","type":"page","link":"https:\/\/sisu.ut.ee\/hambatraumad\/piimahamba-avulsioon\/","title":{"rendered":"Piimahamba avulsioon\u00a0"},"content":{"rendered":"<figure class=\"wp-block-image aligncenter size-full\"><img loading=\"lazy\" decoding=\"async\" width=\"948\" height=\"345\" src=\"https:\/\/sisu.ut.ee\/wp-content\/uploads\/sites\/887\/Screenshot-2025-02-13-at-12.52.48.png\" alt=\"\" class=\"wp-image-87\" srcset=\"https:\/\/sisu.ut.ee\/wp-content\/uploads\/sites\/887\/Screenshot-2025-02-13-at-12.52.48.png 948w, https:\/\/sisu.ut.ee\/wp-content\/uploads\/sites\/887\/Screenshot-2025-02-13-at-12.52.48-300x109.png 300w, https:\/\/sisu.ut.ee\/wp-content\/uploads\/sites\/887\/Screenshot-2025-02-13-at-12.52.48-768x279.png 768w\" sizes=\"auto, (max-width: 948px) 100vw, 948px\"><figcaption class=\"wp-element-caption\"><em>Foto 5. Piima- ja j\u00e4\u00e4vhambad eri vanuses lastel<\/em><\/figcaption><\/figure>\n\n\n\n<p>Piimahammas on v\u00e4iksem ja sirge l\u00f5ikeservaga, patsient tavaliselt &lt;6-aastane. J\u00e4\u00e4vhammas on laiem ja l\u00f5ikeserv on tal sakiline (vt Foto 5).\u00a0<\/p>\n\n\n\n<blockquote class=\"wp-block-quote is-layout-flow wp-block-quote-is-layout-flow\">\n<p>Avulseerunud piimahammast ei tohi ise tagasi asetada. <\/p>\n<\/blockquote>\n\n\n\n<p>Ainult hambaarst oskab \u00f5igesti hinnata, kas tegemist on piima- v\u00f5i j\u00e4\u00e4vhambaga. Kui ei saa aru, kas tegemist on piima- v\u00f5i j\u00e4\u00e4vhambaga, tee \u00f5rnalt repositsioon v\u00f5i aseta hammas f\u00fcsioloogilise lahuse, piima v\u00f5i kannatanu s\u00fclje sisse ja p\u00f6\u00f6rdu kohe hambaarsti vastuv\u00f5tule.<\/p>\n\n\n\n<figure class=\"wp-block-image aligncenter size-full\"><img loading=\"lazy\" decoding=\"async\" width=\"600\" height=\"334\" src=\"https:\/\/sisu.ut.ee\/wp-content\/uploads\/sites\/887\/Screenshot-2025-02-13-at-12.55.22.png\" alt=\"\" class=\"wp-image-88\" srcset=\"https:\/\/sisu.ut.ee\/wp-content\/uploads\/sites\/887\/Screenshot-2025-02-13-at-12.55.22.png 600w, https:\/\/sisu.ut.ee\/wp-content\/uploads\/sites\/887\/Screenshot-2025-02-13-at-12.55.22-300x167.png 300w\" sizes=\"auto, (max-width: 600px) 100vw, 600px\"><figcaption class=\"wp-element-caption\"><em>Foto 6. Avulseerunud piimahammas ja suusisene r\u00f6ntgen\u00fclesv\u00f5te, millel on n\u00e4ha j\u00e4\u00e4vhammas eemaldunud piimahamba kohal<\/em><\/figcaption><\/figure>\n\n\n\n<p>Miks ei tohi piimahammast ise alveooli tagasi asetada ehk replanteerida?\u00a0<\/p>\n\n\n\n<ul class=\"wp-block-list\">\n<li>See v\u00f5ib kahjustada l\u00f5ualuu sees paiknevat j\u00e4\u00e4vhammast (vt Foto 6).\u00a0\u00a0<\/li>\n\n\n\n<li>Veritsuse peatamiseks kasutada marlitampooni v\u00f5i selle puudumisel salvr\u00e4tti.\u00a0<\/li>\n\n\n\n<li>P\u00f6\u00f6rduda esimesel v\u00f5imalusel hambaarstile, sest puuduva piimahamba korral tuleb teostada r\u00f6ntgen\u00fclesv\u00f5te, veendumaks, et hammas pole intrudeerunud ehk liikunud luu sisse ega pole tegemist juuremurruga.\u202f\u00a0<\/li>\n<\/ul>\n\n\n\n<figure class=\"wp-block-image aligncenter size-full\"><img loading=\"lazy\" decoding=\"async\" width=\"887\" height=\"800\" src=\"https:\/\/sisu.ut.ee\/wp-content\/uploads\/sites\/887\/Screenshot-2025-02-13-at-12.56.48.png\" alt=\"\" class=\"wp-image-89\" srcset=\"https:\/\/sisu.ut.ee\/wp-content\/uploads\/sites\/887\/Screenshot-2025-02-13-at-12.56.48.png 887w, https:\/\/sisu.ut.ee\/wp-content\/uploads\/sites\/887\/Screenshot-2025-02-13-at-12.56.48-300x271.png 300w, https:\/\/sisu.ut.ee\/wp-content\/uploads\/sites\/887\/Screenshot-2025-02-13-at-12.56.48-768x693.png 768w\" sizes=\"auto, (max-width: 887px) 100vw, 887px\"><\/figure>\n\n\n\n<blockquote class=\"wp-block-quote is-layout-flow wp-block-quote-is-layout-flow\">\n<p><\/p>\n\n\n\n<p><strong>Pane t\u00e4hele!<\/strong> Teiste hambatraumadega piimahammaste ravimeetodi valik s\u00f5ltub lapse vanusest, sest lapse valmisolek ravi teostamiseks on oluline tegur, mis m\u00f5jutab raviplaani ja -kulgu. Seisundit peab hindama hambaarst. Seniks tuleb anda soovitus hambaarsti vastuv\u00f5tule p\u00f6\u00f6rdumiseks.\u00a0<\/p>\n<\/blockquote>\n\n\n\n<p><strong>T\u00e4iendav lugemine: SA Tartu \u00dclikooli Kliinikumi patsiendi infomaterjal <\/strong><a href=\"https:\/\/www.kliinikum.ee\/patsiendiinfo-andmebaas\/hambatraumad-jaavhamba-eemaldumine-hambasombust\/\" target=\"_blank\" rel=\"noreferrer noopener\">Hambatraumad: J\u00e4\u00e4vhamba eemaldumine hambasombust \u2013 Tartu \u00dclikooli Kliinikum<\/a> <\/p>\n","protected":false},"excerpt":{"rendered":"<p>Piimahammas on v\u00e4iksem ja sirge l\u00f5ikeservaga, patsient tavaliselt &lt;6-aastane. J\u00e4\u00e4vhammas on laiem ja l\u00f5ikeserv on tal sakiline (vt Foto 5).\u00a0 Avulseerunud piimahammast ei tohi ise tagasi asetada. Ainult hambaarst oskab \u00f5igesti hinnata, kas tegemist on piima- v\u00f5i j\u00e4\u00e4vhambaga. Kui ei &#8230;<\/p>\n","protected":false},"author":9,"featured_media":0,"parent":0,"menu_order":0,"comment_status":"closed","ping_status":"closed","template":"","meta":{"_acf_changed":false,"inline_featured_image":false,"footnotes":""},"class_list":["post-86","page","type-page","status-publish","hentry"],"acf":[],"_links":{"self":[{"href":"https:\/\/sisu.ut.ee\/hambatraumad\/wp-json\/wp\/v2\/pages\/86","targetHints":{"allow":["GET"]}}],"collection":[{"href":"https:\/\/sisu.ut.ee\/hambatraumad\/wp-json\/wp\/v2\/pages"}],"about":[{"href":"https:\/\/sisu.ut.ee\/hambatraumad\/wp-json\/wp\/v2\/types\/page"}],"author":[{"embeddable":true,"href":"https:\/\/sisu.ut.ee\/hambatraumad\/wp-json\/wp\/v2\/users\/9"}],"replies":[{"embeddable":true,"href":"https:\/\/sisu.ut.ee\/hambatraumad\/wp-json\/wp\/v2\/comments?post=86"}],"version-history":[{"count":5,"href":"https:\/\/sisu.ut.ee\/hambatraumad\/wp-json\/wp\/v2\/pages\/86\/revisions"}],"predecessor-version":[{"id":275,"href":"https:\/\/sisu.ut.ee\/hambatraumad\/wp-json\/wp\/v2\/pages\/86\/revisions\/275"}],"wp:attachment":[{"href":"https:\/\/sisu.ut.ee\/hambatraumad\/wp-json\/wp\/v2\/media?parent=86"}],"curies":[{"name":"wp","href":"https:\/\/api.w.org\/{rel}","templated":true}]}}