{"id":82,"date":"2025-02-13T12:42:21","date_gmt":"2025-02-13T10:42:21","guid":{"rendered":"https:\/\/sisu.ut.ee\/hambatraumad\/?page_id=82"},"modified":"2025-03-09T22:30:26","modified_gmt":"2025-03-09T20:30:26","slug":"mis-on-replantatsiooni-vastunaidustused","status":"publish","type":"page","link":"https:\/\/sisu.ut.ee\/hambatraumad\/mis-on-replantatsiooni-vastunaidustused\/","title":{"rendered":"Mis on replantatsiooni vastun\u00e4idustused?"},"content":{"rendered":"<ul class=\"wp-block-list\">\n<li>hamba ulatuslik kahjustus kaariese v\u00f5i parodontiidi t\u00f5ttu\u202f\u00a0<\/li>\n\n\n\n<li>vigastatu ei soovi hamba replantatsiooni\u202f\u00a0<\/li>\n\n\n\n<li>vigastatu ei ole koost\u00f6\u00f6v\u00f5imeline\u202f\u00a0<\/li>\n\n\n\n<li>vigastatu ei soovi hiljem p\u00f6\u00f6rduda hambaarstile. Ravi vajab v\u00e4hemalt 4 hambaravivisiiti \u2013 lahastamine, lahase eemaldamine ja juureravi.\u202f\u00a0<\/li>\n\n\n\n<li>vigastatul on: raske kognitiivne h\u00e4ire, raske immuunpuudulikkus, raske kardiaalne haigus, ravimata v\u00f5i halvasti ravitud diabeet\u202f\u00a0<\/li>\n<\/ul>\n\n\n\n<h2 class=\"wp-block-heading\">Miks on j\u00e4\u00e4vhamba \u00f5igeaegne tagasiasetamine oluline?\u00a0<\/h2>\n\n\n\n<p>Avulseerunud j\u00e4\u00e4vhammaste prognoos s\u00f5ltub hambajuure arengustaadiumist ja juurepinnal olevate periodontaalligamendi (PDL) rakkude seisundist. PDL-rakkude elumus s\u00f5ltub ekstraalveolaarsest ajast ja transportlahuse t\u00fc\u00fcbist. Uuringud on n\u00e4idanud, et 10 minuti jooksul replanteeritud hammastel on k\u00f5ige parem prognoos. Kui ekstraalveolaarne kuiv aeg \u00fcletab 30 minutit, siis enamus PDL-rakkudest ei ole eluj\u00f5ulised. Seega s\u00f5ltub avulseerunud hamba prognoos suurel m\u00e4\u00e4ral hamba k\u00e4sitlemisest ja esmaabi osutamise kiirusest \u00f5nnetuskohas. Prognoosi hindamiseks ja raviplaani valimiseks on vajalik p\u00f5hjalik anamnees ning ekstraalveolaarse ja kuiva aja dokumenteerimine.\u00a0<\/p>\n\n\n\n<p>Kuigi r\u00f5hutame siin, et oluline on \u00fclikiire tegutsemine, siis juhime t\u00e4helepanu ka sellele, et s\u00f5ltumata sellest, kui kaua on hammas suust v\u00e4ljas olnud, on j\u00e4\u00e4vhamba suhu tagasi asetamine alati vajalik. Ka halva prognoosiga replanteeritud hammas parandab esteetikat ja funktsiooni, eriti lastel. <\/p>\n\n\n\n<blockquote class=\"wp-block-quote is-layout-flow wp-block-quote-is-layout-flow\">\n<p>Isegi, kui hammast ei \u00f5nnestu t\u00e4pselt \u00f5igele kohale tagasi asetada, siis \u00e4rge muretsege \u2013 olete teinud k\u00f5ik \u00f5igesti ja v\u00f5itnud endale hamba p\u00e4\u00e4stmiseks aega juurde, et p\u00f6\u00f6rduda 24 tunni jooksul hambaarsti vastuv\u00f5tule.\u00a0<\/p>\n<\/blockquote>\n\n\n\n<h2 class=\"wp-block-heading\">Soovituslikud replantatsiooni j\u00e4rgsed tegevused raviasutuses\u00a0<\/h2>\n\n\n\n<p>Erakorralise meditsiini osakonnas v\u00f5i perearsti vastuv\u00f5tul on v\u00f5imalik hamba avulsiooni korral asetada ajutine lahas liikuva hamba fikseerimiseks (vastava koolituse l\u00e4bimise j\u00e4rgselt) ja ordineerida patsiendile prof\u00fclaktiline antibiootikumravi ning kontrollida patsiendi vaktsineeritust teetanuse suhtes:\u00a0<\/p>\n\n\n\n<ul class=\"wp-block-list\">\n<li>t\u00e4iskasvanud: amoksitsilliin 500mg v\u00f5i amoksitsilliin\/klavulaanhape 500mg +125mg iga 8h j\u00e4rel, 7 p\u00e4eva; lapsed: amoksitsilliin 40mg\/kg\/\u00f6\u00f6p\u00e4evas jagatud 3 annuseks (max 1-2g \u00f6\u00f6p\u00e4evas);\u00a0<\/li>\n\n\n\n<li>penitsilliini allergia korral \u2013 t\u00e4iskasvanud: klindam\u00fctsiin 300mg iga 8h j\u00e4rel, 5 p\u00e4eva; lapsed: 10-25mg\/kg\/\u00f6\u00f6p\u00e4evas jagatud 3 annuseks (max 1800mg \u00f6\u00f6p\u00e4evas);\u00a0<\/li>\n\n\n\n<li>vajadusel teostada vaktsineerimine teetanuse suhtes.<\/li>\n<\/ul>\n","protected":false},"excerpt":{"rendered":"<p>Miks on j\u00e4\u00e4vhamba \u00f5igeaegne tagasiasetamine oluline?\u00a0 Avulseerunud j\u00e4\u00e4vhammaste prognoos s\u00f5ltub hambajuure arengustaadiumist ja juurepinnal olevate periodontaalligamendi (PDL) rakkude seisundist. PDL-rakkude elumus s\u00f5ltub ekstraalveolaarsest ajast ja transportlahuse t\u00fc\u00fcbist. Uuringud on n\u00e4idanud, et 10 minuti jooksul replanteeritud hammastel on k\u00f5ige parem prognoos. &#8230;<\/p>\n","protected":false},"author":9,"featured_media":0,"parent":0,"menu_order":0,"comment_status":"closed","ping_status":"closed","template":"","meta":{"_acf_changed":false,"inline_featured_image":false,"footnotes":""},"class_list":["post-82","page","type-page","status-publish","hentry"],"acf":[],"_links":{"self":[{"href":"https:\/\/sisu.ut.ee\/hambatraumad\/wp-json\/wp\/v2\/pages\/82","targetHints":{"allow":["GET"]}}],"collection":[{"href":"https:\/\/sisu.ut.ee\/hambatraumad\/wp-json\/wp\/v2\/pages"}],"about":[{"href":"https:\/\/sisu.ut.ee\/hambatraumad\/wp-json\/wp\/v2\/types\/page"}],"author":[{"embeddable":true,"href":"https:\/\/sisu.ut.ee\/hambatraumad\/wp-json\/wp\/v2\/users\/9"}],"replies":[{"embeddable":true,"href":"https:\/\/sisu.ut.ee\/hambatraumad\/wp-json\/wp\/v2\/comments?post=82"}],"version-history":[{"count":4,"href":"https:\/\/sisu.ut.ee\/hambatraumad\/wp-json\/wp\/v2\/pages\/82\/revisions"}],"predecessor-version":[{"id":197,"href":"https:\/\/sisu.ut.ee\/hambatraumad\/wp-json\/wp\/v2\/pages\/82\/revisions\/197"}],"wp:attachment":[{"href":"https:\/\/sisu.ut.ee\/hambatraumad\/wp-json\/wp\/v2\/media?parent=82"}],"curies":[{"name":"wp","href":"https:\/\/api.w.org\/{rel}","templated":true}]}}