{"id":74,"date":"2025-02-13T12:34:34","date_gmt":"2025-02-13T10:34:34","guid":{"rendered":"https:\/\/sisu.ut.ee\/hambatraumad\/?page_id=74"},"modified":"2025-03-09T22:21:30","modified_gmt":"2025-03-09T20:21:30","slug":"jaavhamba-avulsioon","status":"publish","type":"page","link":"https:\/\/sisu.ut.ee\/hambatraumad\/jaavhamba-avulsioon\/","title":{"rendered":"J\u00e4\u00e4vhamba avulsioon\u00a0"},"content":{"rendered":"<p>J\u00e4\u00e4vhamba avulsiooni korral (vt Foto 2) on tegemist kiireloomulise seisundiga, kus tuleb koheselt teostada hamba replantatsioon ehk asetada hammas tagasi hambasompu ehk alveooli. Avulseerunud j\u00e4\u00e4vhamba prognoos s\u00f5ltub suurel m\u00e4\u00e4ral sellest, kui kaua see oli alveooliv\u00e4lises keskkonnas ja ka suuv\u00e4lisest keskkonnast. Viivitamine replantatsiooniga ehk hamba tagasi asetamisega suurendab t\u00fcsistuste riski. Replanteerida tuleb ka horisontaalse juuremurru t\u00f5ttu avulseerunud j\u00e4\u00e4vhammas.\u00a0\u00a0<\/p>\n\n\n\n<p>Joonistel on n\u00e4ha horisontaalne juuremurd. Juuremurru korral v\u00f5ib hammas suust eemalduda ja l\u00f5ualuu sisse j\u00e4\u00e4b osa hambajuurest. Selliselt eemaldunud hammas tuleb samuti koheselt suhu tagasi asetada ja p\u00f6\u00f6rduda 24 tunni jooksul hambaarsti vastuv\u00f5tule.\u00a0<\/p>\n\n\n\n<figure class=\"wp-block-image aligncenter size-full is-resized\"><img loading=\"lazy\" decoding=\"async\" width=\"785\" height=\"319\" src=\"https:\/\/sisu.ut.ee\/wp-content\/uploads\/sites\/887\/Screenshot-2025-02-13-at-12.29.11.png\" alt=\"\" class=\"wp-image-70\" style=\"width:785px;height:auto\" srcset=\"https:\/\/sisu.ut.ee\/wp-content\/uploads\/sites\/887\/Screenshot-2025-02-13-at-12.29.11.png 785w, https:\/\/sisu.ut.ee\/wp-content\/uploads\/sites\/887\/Screenshot-2025-02-13-at-12.29.11-300x122.png 300w, https:\/\/sisu.ut.ee\/wp-content\/uploads\/sites\/887\/Screenshot-2025-02-13-at-12.29.11-768x312.png 768w\" sizes=\"auto, (max-width: 785px) 100vw, 785px\"><\/figure>\n\n\n\n<p>Vahel v\u00f5ib t\u00e4iendavalt kaasneda ka hammast \u00fcmbritseva alveolaarluu murd, kuid hammast tuleb p\u00fc\u00fcda igal juhul alati koheselt oma kohale tagasi asetada.\u00a0<\/p>\n\n\n\n<figure class=\"wp-block-image aligncenter size-full\"><img loading=\"lazy\" decoding=\"async\" width=\"955\" height=\"639\" src=\"https:\/\/sisu.ut.ee\/wp-content\/uploads\/sites\/887\/Screenshot-2025-02-13-at-12.30.14.png\" alt=\"\" class=\"wp-image-71\" srcset=\"https:\/\/sisu.ut.ee\/wp-content\/uploads\/sites\/887\/Screenshot-2025-02-13-at-12.30.14.png 955w, https:\/\/sisu.ut.ee\/wp-content\/uploads\/sites\/887\/Screenshot-2025-02-13-at-12.30.14-300x201.png 300w, https:\/\/sisu.ut.ee\/wp-content\/uploads\/sites\/887\/Screenshot-2025-02-13-at-12.30.14-768x514.png 768w\" sizes=\"auto, (max-width: 955px) 100vw, 955px\"><figcaption class=\"wp-element-caption\"><em>Foto 2. J\u00e4\u00e4vhamba avulsioon<\/em><\/figcaption><\/figure>\n\n\n\n<p><\/p>\n","protected":false},"excerpt":{"rendered":"<p>J\u00e4\u00e4vhamba avulsiooni korral (vt Foto 2) on tegemist kiireloomulise seisundiga, kus tuleb koheselt teostada hamba replantatsioon ehk asetada hammas tagasi hambasompu ehk alveooli. Avulseerunud j\u00e4\u00e4vhamba prognoos s\u00f5ltub suurel m\u00e4\u00e4ral sellest, kui kaua see oli alveooliv\u00e4lises keskkonnas ja ka suuv\u00e4lisest keskkonnast. &#8230;<\/p>\n","protected":false},"author":9,"featured_media":0,"parent":0,"menu_order":0,"comment_status":"closed","ping_status":"closed","template":"","meta":{"_acf_changed":false,"inline_featured_image":false,"footnotes":""},"class_list":["post-74","page","type-page","status-publish","hentry"],"acf":[],"_links":{"self":[{"href":"https:\/\/sisu.ut.ee\/hambatraumad\/wp-json\/wp\/v2\/pages\/74","targetHints":{"allow":["GET"]}}],"collection":[{"href":"https:\/\/sisu.ut.ee\/hambatraumad\/wp-json\/wp\/v2\/pages"}],"about":[{"href":"https:\/\/sisu.ut.ee\/hambatraumad\/wp-json\/wp\/v2\/types\/page"}],"author":[{"embeddable":true,"href":"https:\/\/sisu.ut.ee\/hambatraumad\/wp-json\/wp\/v2\/users\/9"}],"replies":[{"embeddable":true,"href":"https:\/\/sisu.ut.ee\/hambatraumad\/wp-json\/wp\/v2\/comments?post=74"}],"version-history":[{"count":3,"href":"https:\/\/sisu.ut.ee\/hambatraumad\/wp-json\/wp\/v2\/pages\/74\/revisions"}],"predecessor-version":[{"id":189,"href":"https:\/\/sisu.ut.ee\/hambatraumad\/wp-json\/wp\/v2\/pages\/74\/revisions\/189"}],"wp:attachment":[{"href":"https:\/\/sisu.ut.ee\/hambatraumad\/wp-json\/wp\/v2\/media?parent=74"}],"curies":[{"name":"wp","href":"https:\/\/api.w.org\/{rel}","templated":true}]}}