{"id":7,"date":"2025-02-13T08:30:04","date_gmt":"2025-02-13T06:30:04","guid":{"rendered":"https:\/\/sisu.ut.ee\/hambatraumad\/?page_id=7"},"modified":"2025-03-11T13:46:48","modified_gmt":"2025-03-11T11:46:48","slug":"1-hambatraumad-ja-nende-ennetamine","status":"publish","type":"page","link":"https:\/\/sisu.ut.ee\/hambatraumad\/1-hambatraumad-ja-nende-ennetamine\/","title":{"rendered":"1. Hambatraumad ja nende ennetamine\u00a0"},"content":{"rendered":"<p>Hambatrauma on hammast v\u00f5i seda \u00fcmbritsevate kudede vigastus, mille tagaj\u00e4rjel v\u00f5ib tekkida hambakrooni v\u00f5i \u2013juure murd, hammast \u00fcmbritseva luu ja pehmete kudede vigastus, hamba asendi muutumine v\u00f5i hamba eemaldumine l\u00f5ualuust.\u00a0<\/p>\n\n\n\n<p>Traumaatilised hambavigastused (THV) moodustavad m\u00e4rkimisv\u00e4\u00e4rse osa kehavigastustest. Maailmas on hambatraumade levimus j\u00e4\u00e4vhammaskonnas 15% ja piimahammaskonnas 23%.\u00a0\u00a0<\/p>\n\n\n\n<h2 class=\"wp-block-heading\">Kelle seas hambatraumad esinevad?\u00a0<\/h2>\n\n\n\n<p>Hambatraumad v\u00f5ivad esineda igas vanuses, kuid need on k\u00f5ige levinumad laste ja noorte t\u00e4iskasvanute seas, esinedes rohkem meestel kui naistel. 25% lastest ja 33% t\u00e4iskasvanutest on elu jooksul kogenud j\u00e4\u00e4vhamba traumat. Hambavigastuste esinemissagedus erivajadustega inimeste seas on 23%. Spordi tegemine suurendab samuti hambatraumade esinemisv\u00f5imalust, v\u00f5istlussportlaste seas on hambatraumade esinemissagedus 53%. Eriti sagedased on sellised vigastused kontaktsetel spordialadel nagu jalgpall ja korvpall.\u00a0<\/p>\n\n\n\n<p>Tervisekassa andmete j\u00e4rgi osutati hambatrauma diagnoosiga seotud Tervisekassa poolt rahastatud tervishoiuteenuseid\u202f Eestis 2022. aastal 966 isikule, 2023. aastal 1011 isikule ja\u202f 2024. aastal 1075 isikule. Enamus abi vajajatest on olnud alla 19-aastased. Tegelik hambatraumade arv v\u00f5ib olla aga suurem.\u202f\u202f\u00a0<\/p>\n\n\n\n<blockquote class=\"wp-block-quote is-layout-flow wp-block-quote-is-layout-flow\">\n<p>Miks v\u00f5ib tegelik hambatraumade arv Eestis olla suurem?\u00a0<\/p>\n\n\n\n<ul class=\"wp-block-list\">\n<li>Hambatrauma diagnoosikoodina m\u00e4\u00e4ratakse midagi muud kui Rahvusvahelises haiguste klassifikatsioonis RHK-10 v\u00e4lja toodud S02.5 Hambamurd v\u00f5i S03.2 Hamba dislokatsioon ja see ei kajastu Tervisekassa statistikas.\u00a0<\/li>\n\n\n\n<li>Kuigi Tervisekassa rahastab hambatraumade korral v\u00e4ltimatu abi andmist, ei ole k\u00f5ik raviasutused Tervisekassa lepingupartnerid. Seega puuduvad Tervisekassal andmed nende inimeste kohta.\u00a0<\/li>\n\n\n\n<li>K\u00f5ik inimesed ei p\u00f6\u00f6rdu hambatrauma j\u00e4rgselt hambaarsti vastuv\u00f5tule ja hambatrauma diagnoos j\u00e4\u00e4b m\u00e4\u00e4ramata.\u00a0<\/li>\n<\/ul>\n<\/blockquote>\n","protected":false},"excerpt":{"rendered":"<p>Hambatrauma on hammast v\u00f5i seda \u00fcmbritsevate kudede vigastus, mille tagaj\u00e4rjel v\u00f5ib tekkida hambakrooni v\u00f5i \u2013juure murd, hammast \u00fcmbritseva luu ja pehmete kudede vigastus, hamba asendi muutumine v\u00f5i hamba eemaldumine l\u00f5ualuust.\u00a0 Traumaatilised hambavigastused (THV) moodustavad m\u00e4rkimisv\u00e4\u00e4rse osa kehavigastustest. Maailmas on hambatraumade &#8230;<\/p>\n","protected":false},"author":9,"featured_media":0,"parent":0,"menu_order":0,"comment_status":"closed","ping_status":"closed","template":"","meta":{"_acf_changed":false,"inline_featured_image":false,"footnotes":""},"class_list":["post-7","page","type-page","status-publish","hentry"],"acf":[],"_links":{"self":[{"href":"https:\/\/sisu.ut.ee\/hambatraumad\/wp-json\/wp\/v2\/pages\/7","targetHints":{"allow":["GET"]}}],"collection":[{"href":"https:\/\/sisu.ut.ee\/hambatraumad\/wp-json\/wp\/v2\/pages"}],"about":[{"href":"https:\/\/sisu.ut.ee\/hambatraumad\/wp-json\/wp\/v2\/types\/page"}],"author":[{"embeddable":true,"href":"https:\/\/sisu.ut.ee\/hambatraumad\/wp-json\/wp\/v2\/users\/9"}],"replies":[{"embeddable":true,"href":"https:\/\/sisu.ut.ee\/hambatraumad\/wp-json\/wp\/v2\/comments?post=7"}],"version-history":[{"count":5,"href":"https:\/\/sisu.ut.ee\/hambatraumad\/wp-json\/wp\/v2\/pages\/7\/revisions"}],"predecessor-version":[{"id":262,"href":"https:\/\/sisu.ut.ee\/hambatraumad\/wp-json\/wp\/v2\/pages\/7\/revisions\/262"}],"wp:attachment":[{"href":"https:\/\/sisu.ut.ee\/hambatraumad\/wp-json\/wp\/v2\/media?parent=7"}],"curies":[{"name":"wp","href":"https:\/\/api.w.org\/{rel}","templated":true}]}}