{"id":63,"date":"2025-02-13T12:19:40","date_gmt":"2025-02-13T10:19:40","guid":{"rendered":"https:\/\/sisu.ut.ee\/hambatraumad\/?page_id=63"},"modified":"2025-03-09T22:19:22","modified_gmt":"2025-03-09T20:19:22","slug":"2-avulsioon","status":"publish","type":"page","link":"https:\/\/sisu.ut.ee\/hambatraumad\/2-avulsioon\/","title":{"rendered":"2. Avulsioon"},"content":{"rendered":"<p>J\u00e4rgnevalt tutvume l\u00e4hemalt avulsiooniga. See on hambatrauma, mille korral on vajalik kiire kohene esmaabi. Rahvusvahelise haiguste klassifikatsiooni (RHK-10) j\u00e4rgi on avusliooni diagnoosikood S03.2.<\/p>\n\n\n\n<figure class=\"wp-block-image aligncenter size-full\"><img loading=\"lazy\" decoding=\"async\" width=\"774\" height=\"329\" src=\"https:\/\/sisu.ut.ee\/wp-content\/uploads\/sites\/887\/Screenshot-2025-02-13-at-12.18.53.png\" alt=\"\" class=\"wp-image-64\" srcset=\"https:\/\/sisu.ut.ee\/wp-content\/uploads\/sites\/887\/Screenshot-2025-02-13-at-12.18.53.png 774w, https:\/\/sisu.ut.ee\/wp-content\/uploads\/sites\/887\/Screenshot-2025-02-13-at-12.18.53-300x128.png 300w, https:\/\/sisu.ut.ee\/wp-content\/uploads\/sites\/887\/Screenshot-2025-02-13-at-12.18.53-768x326.png 768w\" sizes=\"auto, (max-width: 774px) 100vw, 774px\"><\/figure>\n\n\n\n<p>Avulsiooni korral eemaldub hammas t\u00e4ielikult oma hambasombust ehk alveoolist. Alveool v\u00f5ib j\u00e4\u00e4da t\u00fchjaks v\u00f5i t\u00e4ituda vereh\u00fc\u00fcbega.<\/p>\n\n\n\n<figure class=\"wp-block-image aligncenter size-full is-resized\"><img loading=\"lazy\" decoding=\"async\" width=\"817\" height=\"349\" src=\"https:\/\/sisu.ut.ee\/wp-content\/uploads\/sites\/887\/Screenshot-2025-02-13-at-12.23.36.png\" alt=\"\" class=\"wp-image-68\" style=\"width:775px;height:auto\" srcset=\"https:\/\/sisu.ut.ee\/wp-content\/uploads\/sites\/887\/Screenshot-2025-02-13-at-12.23.36.png 817w, https:\/\/sisu.ut.ee\/wp-content\/uploads\/sites\/887\/Screenshot-2025-02-13-at-12.23.36-300x128.png 300w, https:\/\/sisu.ut.ee\/wp-content\/uploads\/sites\/887\/Screenshot-2025-02-13-at-12.23.36-768x328.png 768w\" sizes=\"auto, (max-width: 817px) 100vw, 817px\"><\/figure>\n\n\n\n<p>Esmaabi algab tuvastamisest, kas avulseerunud hammas on piima- v\u00f5i j\u00e4\u00e4vhammas. Piimahambad on \u00fcldiselt \u00fcsna v\u00e4ikesed, sirge l\u00f5ikeservaga ja kannatanu on tavaliselt noorem kui 6-aastane. J\u00e4\u00e4vhammas on laiem ja l\u00f5ikeserv on sakiline (vt Foto 1).<\/p>\n\n\n\n<figure class=\"wp-block-image aligncenter size-full\"><img loading=\"lazy\" decoding=\"async\" width=\"957\" height=\"670\" src=\"https:\/\/sisu.ut.ee\/wp-content\/uploads\/sites\/887\/Screenshot-2025-02-13-at-12.25.11.png\" alt=\"\" class=\"wp-image-69\" srcset=\"https:\/\/sisu.ut.ee\/wp-content\/uploads\/sites\/887\/Screenshot-2025-02-13-at-12.25.11.png 957w, https:\/\/sisu.ut.ee\/wp-content\/uploads\/sites\/887\/Screenshot-2025-02-13-at-12.25.11-300x210.png 300w, https:\/\/sisu.ut.ee\/wp-content\/uploads\/sites\/887\/Screenshot-2025-02-13-at-12.25.11-768x538.png 768w\" sizes=\"auto, (max-width: 957px) 100vw, 957px\"><figcaption class=\"wp-element-caption\"><em>Foto 1. P \u2013 piimahammas, J \u2013 j\u00e4\u00e4vhammas<\/em>\u00a0<\/figcaption><\/figure>\n","protected":false},"excerpt":{"rendered":"<p>J\u00e4rgnevalt tutvume l\u00e4hemalt avulsiooniga. See on hambatrauma, mille korral on vajalik kiire kohene esmaabi. Rahvusvahelise haiguste klassifikatsiooni (RHK-10) j\u00e4rgi on avusliooni diagnoosikood S03.2. Avulsiooni korral eemaldub hammas t\u00e4ielikult oma hambasombust ehk alveoolist. Alveool v\u00f5ib j\u00e4\u00e4da t\u00fchjaks v\u00f5i t\u00e4ituda vereh\u00fc\u00fcbega. Esmaabi &#8230;<\/p>\n","protected":false},"author":9,"featured_media":0,"parent":0,"menu_order":0,"comment_status":"closed","ping_status":"closed","template":"","meta":{"_acf_changed":false,"inline_featured_image":false,"footnotes":""},"class_list":["post-63","page","type-page","status-publish","hentry"],"acf":[],"_links":{"self":[{"href":"https:\/\/sisu.ut.ee\/hambatraumad\/wp-json\/wp\/v2\/pages\/63","targetHints":{"allow":["GET"]}}],"collection":[{"href":"https:\/\/sisu.ut.ee\/hambatraumad\/wp-json\/wp\/v2\/pages"}],"about":[{"href":"https:\/\/sisu.ut.ee\/hambatraumad\/wp-json\/wp\/v2\/types\/page"}],"author":[{"embeddable":true,"href":"https:\/\/sisu.ut.ee\/hambatraumad\/wp-json\/wp\/v2\/users\/9"}],"replies":[{"embeddable":true,"href":"https:\/\/sisu.ut.ee\/hambatraumad\/wp-json\/wp\/v2\/comments?post=63"}],"version-history":[{"count":7,"href":"https:\/\/sisu.ut.ee\/hambatraumad\/wp-json\/wp\/v2\/pages\/63\/revisions"}],"predecessor-version":[{"id":186,"href":"https:\/\/sisu.ut.ee\/hambatraumad\/wp-json\/wp\/v2\/pages\/63\/revisions\/186"}],"wp:attachment":[{"href":"https:\/\/sisu.ut.ee\/hambatraumad\/wp-json\/wp\/v2\/media?parent=63"}],"curies":[{"name":"wp","href":"https:\/\/api.w.org\/{rel}","templated":true}]}}