{"id":55,"date":"2025-02-13T09:47:21","date_gmt":"2025-02-13T07:47:21","guid":{"rendered":"https:\/\/sisu.ut.ee\/hambatraumad\/?page_id=55"},"modified":"2025-02-14T09:03:12","modified_gmt":"2025-02-14T07:03:12","slug":"enesetest-1","status":"publish","type":"page","link":"https:\/\/sisu.ut.ee\/hambatraumad\/enesetest-1\/","title":{"rendered":"Enesetest 1"},"content":{"rendered":"<p>Selleks, et loetu paremini kinnistuks, on Sul v\u00f5imalus l\u00e4bida viiest valikvastustega k\u00fcsimusest koosnev enesetest. Julget pealehakkamist!<\/p>\n\n\n\n<div class=\"h5p-iframe-wrapper\"><div class=\"video-placeholder-wrapper video-placeholder-wrapper--fixed\" style=\"height: 366px;\">\n\t\t\t    <div class=\"video-placeholder d-flex justify-content-center align-items-center\">\n\t\t\t        <div class=\"overlay text-white p-2 w-100 text-center d-block justify-content-center align-items-center\">\n\t\t\t            <div>Kolmandate osapoolte sisu n\u00e4gemiseks palun n\u00f5ustu k\u00fcpsistega.<\/div>\n\t\t\t            <button class=\"btn btn-secondary btn-sm mt-1 consent-change\">Muuda n\u00f5usolekut<\/button>\n\t\t\t        <\/div>\n\t\t\t    <\/div>\n\t\t\t<\/div>\n<\/div>\n\n\n<div class=\"accordion-block mb-3\">\n\t\t<div class=\"accordion \" id=\"accordion-accordion-69dbcf1f79097\">\n\t\t\t\t\t\t\t<div class=\"accordion-item accordion-item--white\">\n\t\t\t\t\t<h2 class=\"accordion-header\" id=\"accordion-69dbcf1f79097-heading-1\">\n\t\t\t\t\t\t<button class=\"accordion-button collapsed\" type=\"button\" data-bs-toggle=\"collapse\" data-bs-target=\"#accordion-69dbcf1f79097-collapse-1\" aria-expanded=\"true\" aria-controls=\"accordion-69dbcf1f79097-collapse-1\">\n\t\t\t\t\t\t\tSelgitused\n\t\t\t\t\t\t<\/button>\n\t\t\t\t\t<\/h2>\n\t\t\t\t\t<div id=\"accordion-69dbcf1f79097-collapse-1\" class=\"accordion-collapse collapse \" aria-labelledby=\"accordion-69dbcf1f79097-heading-1\">\n\t\t\t\t\t\t<div class=\"accordion-body\">\n\t\t\t\t\t\t\t<ul>\n<li>Kukkumised on k\u00f5ige sagedasem p\u00f5hjus hambatraumade tekkimisel, eriti kodus ja igap\u00e4evategevuste k\u00e4igus.<\/li>\n<li>Lapsed ja noored t\u00e4iskasvanud on k\u00f5ige rohkem seotud aktiivsete tegevustega (m\u00e4ngimine, sport), kus traumad v\u00f5ivad kergemini juhtuda.<\/li>\n<li>Avulsioon t\u00e4hendab, et hammas on koos juurega t\u00e4ielikult eemaldunud ja vajab kiiret esmaabi.<\/li>\n<li>Neuromuskulaarsed h\u00e4ired, nagu tserebraalparal\u00fc\u00fcs, suurendavad kukkumiste ja hambatraumade riski, kuna m\u00f5jutavad liikumist ja koordinatsiooni. Intellektipuudega isikud v\u00f5ivad olla v\u00e4hem teadlikud ohtudest v\u00f5i mitte osata \u00f5igesti reageerida traumaatilistele olukordadele, mist\u00f5ttu m\u00f5lema r\u00fchma puhul on oluline lisaj\u00e4relevalve ja kaitsevahendite kasutamine traumade ennetamiseks.<\/li>\n<li>Kuigi lapsed on selles vanuses veel v\u00e4ikesed, aitab varajane harjumine ohutusreeglitega ja kaitsevahendite kasutamine kaasa nende edasisele teadlikkusele ja ohutusk\u00e4itumisele hilisemas eas.<\/li>\n<\/ul>\n\n\t\t\t\t\t\t<\/div>\n\t\t\t\t\t<\/div>\n\t\t\t\t<\/div>\n\t\t\t\t\t<\/div>\n\t<\/div>\n","protected":false},"excerpt":{"rendered":"<p>Selleks, et loetu paremini kinnistuks, on Sul v\u00f5imalus l\u00e4bida viiest valikvastustega k\u00fcsimusest koosnev enesetest. Julget pealehakkamist!<\/p>\n","protected":false},"author":9,"featured_media":0,"parent":0,"menu_order":0,"comment_status":"closed","ping_status":"closed","template":"","meta":{"_acf_changed":false,"inline_featured_image":false,"footnotes":""},"class_list":["post-55","page","type-page","status-publish","hentry"],"acf":[],"_links":{"self":[{"href":"https:\/\/sisu.ut.ee\/hambatraumad\/wp-json\/wp\/v2\/pages\/55","targetHints":{"allow":["GET"]}}],"collection":[{"href":"https:\/\/sisu.ut.ee\/hambatraumad\/wp-json\/wp\/v2\/pages"}],"about":[{"href":"https:\/\/sisu.ut.ee\/hambatraumad\/wp-json\/wp\/v2\/types\/page"}],"author":[{"embeddable":true,"href":"https:\/\/sisu.ut.ee\/hambatraumad\/wp-json\/wp\/v2\/users\/9"}],"replies":[{"embeddable":true,"href":"https:\/\/sisu.ut.ee\/hambatraumad\/wp-json\/wp\/v2\/comments?post=55"}],"version-history":[{"count":4,"href":"https:\/\/sisu.ut.ee\/hambatraumad\/wp-json\/wp\/v2\/pages\/55\/revisions"}],"predecessor-version":[{"id":119,"href":"https:\/\/sisu.ut.ee\/hambatraumad\/wp-json\/wp\/v2\/pages\/55\/revisions\/119"}],"wp:attachment":[{"href":"https:\/\/sisu.ut.ee\/hambatraumad\/wp-json\/wp\/v2\/media?parent=55"}],"curies":[{"name":"wp","href":"https:\/\/api.w.org\/{rel}","templated":true}]}}