{"id":264,"date":"2025-03-11T14:49:04","date_gmt":"2025-03-11T12:49:04","guid":{"rendered":"https:\/\/sisu.ut.ee\/hambatraumad\/?page_id=264"},"modified":"2025-03-18T13:23:48","modified_gmt":"2025-03-18T11:23:48","slug":"sonastik","status":"publish","type":"page","link":"https:\/\/sisu.ut.ee\/hambatraumad\/sonastik\/","title":{"rendered":"S\u00f5nastik"},"content":{"rendered":"<a name=\"name_directory_position2\"><\/a><div class=\"name_directory_index\"><a class=\"name_directory_startswith\" href=\"https:\/\/sisu.ut.ee\/hambatraumad\/sonastik\/?dir=2&amp;name_directory_startswith=\">All<\/a> | <a class=\"name_directory_startswith \" href=\"https:\/\/sisu.ut.ee\/hambatraumad\/sonastik\/?dir=2&amp;name_directory_startswith=A\">A<\/a>  <a class=\"name_directory_startswith \" href=\"https:\/\/sisu.ut.ee\/hambatraumad\/sonastik\/?dir=2&amp;name_directory_startswith=D\">D<\/a>  <a class=\"name_directory_startswith \" href=\"https:\/\/sisu.ut.ee\/hambatraumad\/sonastik\/?dir=2&amp;name_directory_startswith=E\">E<\/a>  <a class=\"name_directory_startswith \" href=\"https:\/\/sisu.ut.ee\/hambatraumad\/sonastik\/?dir=2&amp;name_directory_startswith=F\">F<\/a>  <a class=\"name_directory_startswith \" href=\"https:\/\/sisu.ut.ee\/hambatraumad\/sonastik\/?dir=2&amp;name_directory_startswith=H\">H<\/a>  <a class=\"name_directory_startswith \" href=\"https:\/\/sisu.ut.ee\/hambatraumad\/sonastik\/?dir=2&amp;name_directory_startswith=I\">I<\/a>  <a class=\"name_directory_startswith \" href=\"https:\/\/sisu.ut.ee\/hambatraumad\/sonastik\/?dir=2&amp;name_directory_startswith=K\">K<\/a>  <a class=\"name_directory_startswith \" href=\"https:\/\/sisu.ut.ee\/hambatraumad\/sonastik\/?dir=2&amp;name_directory_startswith=L\">L<\/a>  <a class=\"name_directory_startswith \" href=\"https:\/\/sisu.ut.ee\/hambatraumad\/sonastik\/?dir=2&amp;name_directory_startswith=N\">N<\/a>  <a class=\"name_directory_startswith \" href=\"https:\/\/sisu.ut.ee\/hambatraumad\/sonastik\/?dir=2&amp;name_directory_startswith=P\">P<\/a>  <a class=\"name_directory_startswith \" href=\"https:\/\/sisu.ut.ee\/hambatraumad\/sonastik\/?dir=2&amp;name_directory_startswith=R\">R<\/a>  <a class=\"name_directory_startswith \" href=\"https:\/\/sisu.ut.ee\/hambatraumad\/sonastik\/?dir=2&amp;name_directory_startswith=S\">S<\/a>  <a class=\"name_directory_startswith \" href=\"https:\/\/sisu.ut.ee\/hambatraumad\/sonastik\/?dir=2&amp;name_directory_startswith=T\">T<\/a> <\/div><div class=\"name_directory_total\"><\/div><div class=\"name_directory_names\"><div class=\"name_directory_column name_directory_nr1\"><div class=\"name_directory_name_box\"><a name=\"namedirectory_ABCDEprintsiip\"><\/a><strong role=\"term\">ABCDE printsiip<\/strong><br><div role=\"definition\">kiirabis ja erakorralises meditsiinis kasutusel olev haige k\u00e4sitluse alusp\u00f5him\u00f5te patsiendi seisundi hindamiseks ja esmaseks k\u00e4sitluseks.  A \u2013 taga avatud hingamisteed B \u2013 vajadusel lisahapnik ja ventilatsioon C \u2013 veetustumise korral infusioon (kristalloid) D \u2013 hinda teadvust (GCS) E \u2013 febriilse temperatuuri korral antip\u00fcreetiline ravi.<\/div><\/div><hr><div class=\"name_directory_name_box\"><a name=\"namedirectory_ASD\"><\/a><strong role=\"term\">ASD<\/strong><br><div role=\"definition\">(Academy for Sports Dentistry) - Spordihambaarstide Akadeemia, mis tegeleb spordiga seotud hambavigastuste ennetamise ja ravisoovituste v\u00e4ljat\u00f6\u00f6tamisega.<\/div><\/div><hr><div class=\"name_directory_name_box\"><a name=\"namedirectory_Alveolaarluu\"><\/a><strong role=\"term\">Alveolaarluu<\/strong><br><div role=\"definition\">luustruktuur, milles asuvad hambasombud ja kuhu hambad kinnituvad.<\/div><\/div><hr><div class=\"name_directory_name_box\"><a name=\"namedirectory_Alveolaarmurd\"><\/a><strong role=\"term\">Alveolaarmurd<\/strong><br><div role=\"definition\">alveolaarluu murd, mis v\u00f5ib kaasneda hambatraumadega ja m\u00f5jutada hamba p\u00fcsivust (stabiilsust).<\/div><\/div><hr><div class=\"name_directory_name_box\"><a name=\"namedirectory_Alveool\"><\/a><strong role=\"term\">Alveool<\/strong><br><div role=\"definition\">hambasomp ehk \u00f5\u00f5nsus l\u00f5ualuus, milles paikneb hambajuur.<\/div><\/div><hr><div class=\"name_directory_name_box\"><a name=\"namedirectory_Ankloos\"><\/a><strong role=\"term\">Ank\u00fcloos<\/strong><br><div role=\"definition\">luu ja hambajuure kokkukasv, hambajuure asendumine luukoega.<\/div><\/div><hr><div class=\"name_directory_name_box\"><a name=\"namedirectory_Antibiootikum\"><\/a><strong role=\"term\">Antibiootikum<\/strong><br><div role=\"definition\">ravim, mis p\u00e4rsib mikroobide elutegevust v\u00f5i surmab neid.<\/div><\/div><hr><div class=\"name_directory_name_box\"><a name=\"namedirectory_Aspiratsioonikahtlus\"><\/a><strong role=\"term\">Aspiratsiooni kahtlus<\/strong><br><div role=\"definition\">seisund, kus hambakild v\u00f5ib olla sattunud hingamisteedesse, mist\u00f5ttu v\u00f5ib olla vajalik rindkere r\u00f6ntgenuuring.<\/div><\/div><hr><div class=\"name_directory_name_box\"><a name=\"namedirectory_Avulsioon\"><\/a><strong role=\"term\">Avulsioon<\/strong><br><div role=\"definition\">hamba t\u00e4ielik eemaldumine hambasombust trauma tagaj\u00e4rjel.<\/div><\/div><hr><div class=\"name_directory_name_box\"><a name=\"namedirectory_Dislokatsioon\"><\/a><strong role=\"term\">Dislokatsioon<\/strong><br><div role=\"definition\">hamba nihkumine algsest asendist trauma t\u00f5ttu.<\/div><\/div><hr><div class=\"name_directory_name_box\"><a name=\"namedirectory_Ekstrusioon\"><\/a><strong role=\"term\">Ekstrusioon<\/strong><br><div role=\"definition\">osaline hamba eemaldumine hambasombust, hammas on nihkunud v\u00e4ljapoole ja paistab suus pikem kui k\u00f5rvalhambad.<\/div><\/div><hr><div class=\"name_directory_name_box\"><a name=\"namedirectory_Email\"><\/a><strong role=\"term\">Email<\/strong><br><div role=\"definition\">hambaemail ehk hambavaap on inimkeha tugevaim kude, mis koosneb emailiprismadest ja katab kogu hamba krooniosa. Emaili paksus on erinev \u2013 k\u00f5ige paksem on see m\u00e4lumispinnal ning \u00f5heneb k\u00fclgpindadel hambakaela suunas. Kulumise, lahustumise v\u00f5i m\u00f5nel muul p\u00f5hjusel (n\u00e4iteks trauma t\u00f5ttu) kaotatud email ei taastu.<\/div><\/div><hr><div class=\"name_directory_name_box\"><a name=\"namedirectory_Emailimurd\"><\/a><strong role=\"term\">Emailimurd<\/strong><br><div role=\"definition\">hambatrauma t\u00fc\u00fcp, kus kahjustub ainult hamba emailikiht.<\/div><\/div><hr><div class=\"name_directory_name_box\"><a name=\"namedirectory_FujiIX\"><\/a><strong role=\"term\">Fuji IX<\/strong><br><div role=\"definition\">klaasionomeertsement, mida kasutatakse liikuvate hammaste ajutiseks stabiliseerimiseks hambatrauma korral.<\/div><\/div><hr><div class=\"name_directory_name_box\"><a name=\"namedirectory_Fsioloogilinelahus\"><\/a><strong role=\"term\">F\u00fcsioloogiline lahus<\/strong><br><div role=\"definition\">vereplasmale l\u00e4hedane soola v\u00f5i sooli sisaldav vesilahus, mida m\u00fc\u00fcakse apteegis.<\/div><\/div><hr><div class=\"name_directory_name_box\"><a name=\"namedirectory_Hambaalge\"><\/a><strong role=\"term\">Hambaalge<\/strong><br><div role=\"definition\">arenguj\u00e4rgus hambakude, millest kujuneb v\u00e4lja l\u00f5plik hammas. Hambaalge v\u00f5ib saada kahjustada trauma tagaj\u00e4rjel, mis v\u00f5ib m\u00f5jutada hamba edasist arengut ja p\u00f5hjustada struktuurimuutusi v\u00f5i hamba arengu peetust.<\/div><\/div><hr><div class=\"name_directory_name_box\"><a name=\"namedirectory_Hambajuuremurd\"><\/a><strong role=\"term\">Hambajuure murd<\/strong><br><div role=\"definition\">murd, mis h\u00f5lmab hambajuurt ja v\u00f5ib kulgeda erinevas juure tasapinnas.<\/div><\/div><hr><div class=\"name_directory_name_box\"><a name=\"namedirectory_Hambakaitse\"><\/a><strong role=\"term\">Hambakaitse<\/strong><br><div role=\"definition\">abivahend hammaste kaitsmiseks (nt l\u00f6\u00f6kide eest).<\/div><\/div><hr><div class=\"name_directory_name_box\"><a name=\"namedirectory_Hambaprutus\"><\/a><strong role=\"term\">Hambap\u00f5rutus<\/strong><br><div role=\"definition\">trauma, mille korral hammas pole nihkunud ega liikuv, kuid hamba kinnituskude ja hambakude v\u00f5ib olla kahjustatud.<\/div><\/div><hr><div class=\"name_directory_name_box\"><a name=\"namedirectory_Hambatrauma\"><\/a><strong role=\"term\">Hambatrauma<\/strong><br><div role=\"definition\">igasugune mehaaniline vigastus, mis m\u00f5jutab hambaid, igemeid, alveolaarluud v\u00f5i l\u00f5ualuud.<\/div><\/div><hr><div class=\"name_directory_name_box\"><a name=\"namedirectory_Hambumushire\"><\/a><strong role=\"term\">Hambumush\u00e4ire<\/strong><br><div role=\"definition\">olukord, kus hammaste asend on muutunud, sest muutunud on \u00fche v\u00f5i m\u00f5lema l\u00f5ualuu suurus v\u00f5i asend, mis toob kaasa muutused n\u00e4o kujus ja profiilis v\u00f5i on see tingitud hammaste valest asendist v\u00f5i kuhjumisest (nt hammaste enneaegse kaotuse t\u00f5ttu).<\/div><\/div><hr><div class=\"name_directory_name_box\"><a name=\"namedirectory_IADT\"><\/a><strong role=\"term\">IADT<\/strong><br><div role=\"definition\">(International Association of Dental Traumatology) - rahvusvaheline hambatraumatoloogia organisatsioon, mis koostab juhiseid hambatraumade k\u00e4sitlemiseks.<\/div><\/div><hr><div class=\"name_directory_name_box\"><a name=\"namedirectory_IASD\"><\/a><strong role=\"term\">IASD<\/strong><br><div role=\"definition\">(International Academy of Sports Dentistry) - rahvusvaheline spordihambaravi organisatsioon.<\/div><\/div><hr><div class=\"name_directory_name_box\"><a name=\"namedirectory_Intrusioon\"><\/a><strong role=\"term\">Intrusioon<\/strong><br><div role=\"definition\">hamba nihkumine s\u00fcgavamale alveolaarluusse, hammas paistab k\u00f5rvalhammastest l\u00fchem.<\/div><\/div><hr><div class=\"name_directory_name_box\"><a name=\"namedirectory_Kape\"><\/a><strong role=\"term\">Kape<\/strong><br><div role=\"definition\">suukaitsevahend, mida kasutatakse spordis hammaste kaitsmiseks.<\/div><\/div><hr><div class=\"name_directory_name_box\"><a name=\"namedirectory_Kloorheksidiin\"><\/a><strong role=\"term\">Kloorheksidiin<\/strong><br><div role=\"definition\">antimikroobse toimega aine, mille lahust kasutatakse suuvees igemehaiguste ennetamiseks.<\/div><\/div><hr><div class=\"name_directory_name_box\"><a name=\"namedirectory_Kroonimurd\"><\/a><strong role=\"term\">Kroonimurd<\/strong><br><div role=\"definition\">hamba krooniosa kahjustus, mis v\u00f5ib h\u00f5lmata ainult emaili v\u00f5i ulatuda s\u00fcgavamatesse hambakudedesse.<\/div><\/div><hr><div class=\"name_directory_name_box\"><a name=\"namedirectory_Lahastamine\"><\/a><strong role=\"term\">Lahastamine<\/strong><br><div role=\"definition\">meetod hamba stabiliseerimiseks p\u00e4rast traumat.<\/div><\/div><hr><div class=\"name_directory_name_box\"><a name=\"namedirectory_Lateraalneluksatsioon\"><\/a><strong role=\"term\">Lateraalne luksatsioon<\/strong><br><div role=\"definition\">hamba nihkumine trauma tagaj\u00e4rjel k\u00fclgsuunas, tihti huulte v\u00f5i keele poole, \u00fcmbritsev alveolaarluu v\u00f5ib olla murdunud.<\/div><\/div><hr><div class=\"name_directory_name_box\"><a name=\"namedirectory_Luksatsioon\"><\/a><strong role=\"term\">Luksatsioon<\/strong><br><div role=\"definition\">\u00fcldm\u00f5iste, mis kirjeldab hamba asendi muutust trauma tagaj\u00e4rjel, n\u00e4iteks intrusioon, ekstrusioon v\u00f5i dislokatsioon.<\/div><\/div><hr><div class=\"name_directory_name_box\"><a name=\"namedirectory_Neuromuskulaarsedhaigused\"><\/a><strong role=\"term\">Neuromuskulaarsed haigused<\/strong><br><div role=\"definition\">n\u00e4rvis\u00fcsteemi ja lihaskonnaga seotud haigused, mis p\u00f5hjustavad sarnaseid haigusn\u00e4hte: peamiselt lihasn\u00f5rkus, tundlikkush\u00e4ired.<\/div><\/div><hr><div class=\"name_directory_name_box\"><a name=\"namedirectory_Parodontiit\"><\/a><strong role=\"term\">Parodontiit<\/strong><br><div role=\"definition\">igemete kroonilist p\u00f5letikulist haigust, mille peamiseks p\u00f5hjuseks on suu\u00f5\u00f5nes elavad mikroorganismid. Samuti on olulisteks haigust esilekutsuvateks faktoriteks p\u00e4rilik eelsoodumus (ehk haiguse esinemine l\u00e4hisugulastel), inimese \u00fcldtervislik seisund (kroonilised haigused nagu diabeet, s\u00fcdame- ja veresoonkonna haigused jt), kahjulikud harjumused (suitsetamine, mokatubakas, alkoholi liigtarbimine jt) ja halb suuh\u00fcgieen. K\u00f5ik eelnimetatud tegurid kiirendavad haiguse v\u00e4ljakujunemist ja halvendavad prognoosi.<\/div><\/div><hr><div class=\"name_directory_name_box\"><a name=\"namedirectory_Periodontaalligament\"><\/a><strong role=\"term\">Periodontaalligament<\/strong><br><div role=\"definition\">kollageenist koosnev kiudkude, mille abil hammas kinnitub l\u00f5ualuusse, amortiseerib m\u00e4lumisel tekkivaid j\u00f5ude ja hoiab hammast paigal.<\/div><\/div><hr><div class=\"name_directory_name_box\"><a name=\"namedirectory_Pulp\"><\/a><strong role=\"term\">Pulp<\/strong><br><div role=\"definition\">hamba sees, emaili ja dentiini all, asub pehme kude \u2013 hambapulp, mis koosneb veresoontest, n\u00e4rvikiududest ja sidekoest. See ulatub hambakrooni \u00fclemisest osast juuretippudeni ning on seotud juurt \u00fcmbritsevate kudedega. Pulp vastutab hamba kasvu ja arengu eest.<\/div><\/div><hr><div class=\"name_directory_name_box\"><a name=\"namedirectory_Replantatsioon\"><\/a><strong role=\"term\">Replantatsioon<\/strong><br><div role=\"definition\">trauma t\u00f5ttu v\u00e4lja tulnud hamba tagasi asetamine hambasompu ehk alveooli.<\/div><\/div><hr><div class=\"name_directory_name_box\"><a name=\"namedirectory_Splintimine\"><\/a><strong role=\"term\">Splintimine<\/strong><br><div role=\"definition\">hamba fikseerimine p\u00e4rast traumat, et tagada kudede paranemine ja stabiilsus.<\/div><\/div><hr><div class=\"name_directory_name_box\"><a name=\"namedirectory_Subluksatsioon\"><\/a><strong role=\"term\">Subluksatsioon<\/strong><br><div role=\"definition\">hambatrauma, mille korral hammas j\u00e4\u00e4b oma kohale, kuid on veidi liikuv ja v\u00f5ib esineda igemete veritsus.<\/div><\/div><hr><div class=\"name_directory_name_box\"><a name=\"namedirectory_ToothSOS\"><\/a><strong role=\"term\">ToothSOS<\/strong><br><div role=\"definition\">Rahvusvahelise hambatraumatoloogia organisatsiooni mobiilirakendus, mis pakub teadus- ja t\u00f5endusp\u00f5hiseid juhiseid hambatrauma esmaabi kohta.<\/div><\/div><hr><div class=\"name_directory_name_box\"><a name=\"namedirectory_Tsistunudhambatrauma\"><\/a><strong role=\"term\">T\u00fcsistunud hambatrauma<\/strong><br><div role=\"definition\">hambavigastus, mis h\u00f5lmab pulpi, juuri v\u00f5i \u00fcmbritsevaid kudesid ja vajab keerukamat ravi.<\/div><\/div><\/div><\/div><style>\n            .name_directory_readmore_state ~ .name_directory_readmore_trigger:before {\n                content: '... Show more';\n            }\n\n            .name_directory_readmore_state:checked ~ .name_directory_readmore_trigger:before {\n                content: 'Show less';\n            }\n            <\/style>\n","protected":false},"excerpt":{"rendered":"","protected":false},"author":9,"featured_media":0,"parent":0,"menu_order":0,"comment_status":"closed","ping_status":"closed","template":"","meta":{"_acf_changed":false,"inline_featured_image":false,"footnotes":""},"class_list":["post-264","page","type-page","status-publish","hentry"],"acf":[],"_links":{"self":[{"href":"https:\/\/sisu.ut.ee\/hambatraumad\/wp-json\/wp\/v2\/pages\/264","targetHints":{"allow":["GET"]}}],"collection":[{"href":"https:\/\/sisu.ut.ee\/hambatraumad\/wp-json\/wp\/v2\/pages"}],"about":[{"href":"https:\/\/sisu.ut.ee\/hambatraumad\/wp-json\/wp\/v2\/types\/page"}],"author":[{"embeddable":true,"href":"https:\/\/sisu.ut.ee\/hambatraumad\/wp-json\/wp\/v2\/users\/9"}],"replies":[{"embeddable":true,"href":"https:\/\/sisu.ut.ee\/hambatraumad\/wp-json\/wp\/v2\/comments?post=264"}],"version-history":[{"count":1,"href":"https:\/\/sisu.ut.ee\/hambatraumad\/wp-json\/wp\/v2\/pages\/264\/revisions"}],"predecessor-version":[{"id":266,"href":"https:\/\/sisu.ut.ee\/hambatraumad\/wp-json\/wp\/v2\/pages\/264\/revisions\/266"}],"wp:attachment":[{"href":"https:\/\/sisu.ut.ee\/hambatraumad\/wp-json\/wp\/v2\/media?parent=264"}],"curies":[{"name":"wp","href":"https:\/\/api.w.org\/{rel}","templated":true}]}}