{"id":247,"date":"2025-03-10T14:55:20","date_gmt":"2025-03-10T12:55:20","guid":{"rendered":"https:\/\/sisu.ut.ee\/hambatraumad\/?page_id=247"},"modified":"2025-03-11T07:29:38","modified_gmt":"2025-03-11T05:29:38","slug":"autorid","status":"publish","type":"page","link":"https:\/\/sisu.ut.ee\/hambatraumad\/autorid\/","title":{"rendered":"Autorid ja t\u00e4nus\u00f5nad"},"content":{"rendered":"<p>\u00d5ppematerjali koostasid Tartu \u00dclikooli hambaarstiteaduse instituudi \u00f5ppej\u00f5ud dr Marjo Sinij\u00e4rv, 5. kursuse \u00fcli\u00f5pilased Tatjana Andrejeva, Olga Vassilevskaja ja dr Anna Firsova. T\u00e4iendavalt aitasid meeskonnaliikmeid dr Hanna-Lii Piirsoo, kes andis loa kasutada oma uurimist\u00f6\u00f6 materjale ja dr Siim Pikkaro.\u00a0<\/p>\n\n\n\n<p>Fotode autor: dr Anna Firsova.\u00a0<\/p>\n\n\n\n<p>Illustratsioonide autori\u00f5igused: Tervisekassa\u00a0<\/p>\n\n\n\n<p>\u00d5ppematerjalide ja e-kursuse tehniline teostus: T\u00dc \u00f5ppeosakonna elukestva \u00f5ppe keskuse meditsiiniteaduste valdkonna \u00f5ppedisainer Triin Marandi.\u00a0<\/p>\n\n\n\n<p>Soovime t\u00e4nada Tervisekassat ja hambaravi usaldusarst dr Tiia Zeigot, kes on j\u00e4rjepidevalt toetanud meie soovi parandada hambatraumadega seotud teadmise ja meditsiinilise abi k\u00e4ttesaadavust Eestis ning Vivika Tamrat, kes on aidanud elanikkonnale suunatud infomaterjalide Eesti inimestele k\u00e4ttesaadavaks tegemisel.\u00a0<\/p>\n\n\n\n<p>Oleme t\u00e4nulikud Eesti Hambaarstide Liidule ja projektile Suukool koost\u00f6\u00f6 eest ning Deltakutse meeskonnale, et aitate meie \u201ehambatrauma vajab kiiret abi\u201c s\u00f5numit tervishoiut\u00f6\u00f6tajate seas levitada.\u00a0<\/p>\n\n\n\n<p>T\u00e4name Triin Marandit, kes meile MOOC\u2019i (vaba juurdep\u00e4\u00e4suga tasuta e-\u00f5ppematerjal) ja inspireerivaid eeskujusid tutvustas ning tehnilise teostusega aitas.\u00a0<\/p>\n\n\n\n<p>Palju t\u00e4nu loomer\u00fchma kuulunud praegustele ja tulevastele kolleegidele, kellega koost\u00f6\u00f6s kursus valmis sai: Tatjana Andrejeva ja Olga Vassilevskaja, dr Anna Firsova, dr Hanna-Lii Piirsoo, dr Siim Pikkaro. Dr Anna Firsova \u2013 ait\u00e4h, et meid k\u00f5iki sel teekonnal inspireerinud oled!\u00a0<\/p>\n\n\n\n<p>Autorite eriline t\u00e4nu kuulub k\u00f5ikidele nendele inimestele, kes on andnud ja annavad edaspidi oma panuse selleks, et igale inimesele Eestis oleks hambatraumade korral tagatud kiire hambaid p\u00e4\u00e4stev esmaabi!\u00a0\u00a0<\/p>\n","protected":false},"excerpt":{"rendered":"<p>\u00d5ppematerjali koostasid Tartu \u00dclikooli hambaarstiteaduse instituudi \u00f5ppej\u00f5ud dr Marjo Sinij\u00e4rv, 5. kursuse \u00fcli\u00f5pilased Tatjana Andrejeva, Olga Vassilevskaja ja dr Anna Firsova. T\u00e4iendavalt aitasid meeskonnaliikmeid dr Hanna-Lii Piirsoo, kes andis loa kasutada oma uurimist\u00f6\u00f6 materjale ja dr Siim Pikkaro.\u00a0 Fotode autor: &#8230;<\/p>\n","protected":false},"author":9,"featured_media":0,"parent":0,"menu_order":0,"comment_status":"closed","ping_status":"closed","template":"","meta":{"_acf_changed":false,"inline_featured_image":false,"footnotes":""},"class_list":["post-247","page","type-page","status-publish","hentry"],"acf":[],"_links":{"self":[{"href":"https:\/\/sisu.ut.ee\/hambatraumad\/wp-json\/wp\/v2\/pages\/247","targetHints":{"allow":["GET"]}}],"collection":[{"href":"https:\/\/sisu.ut.ee\/hambatraumad\/wp-json\/wp\/v2\/pages"}],"about":[{"href":"https:\/\/sisu.ut.ee\/hambatraumad\/wp-json\/wp\/v2\/types\/page"}],"author":[{"embeddable":true,"href":"https:\/\/sisu.ut.ee\/hambatraumad\/wp-json\/wp\/v2\/users\/9"}],"replies":[{"embeddable":true,"href":"https:\/\/sisu.ut.ee\/hambatraumad\/wp-json\/wp\/v2\/comments?post=247"}],"version-history":[{"count":4,"href":"https:\/\/sisu.ut.ee\/hambatraumad\/wp-json\/wp\/v2\/pages\/247\/revisions"}],"predecessor-version":[{"id":255,"href":"https:\/\/sisu.ut.ee\/hambatraumad\/wp-json\/wp\/v2\/pages\/247\/revisions\/255"}],"wp:attachment":[{"href":"https:\/\/sisu.ut.ee\/hambatraumad\/wp-json\/wp\/v2\/media?parent=247"}],"curies":[{"name":"wp","href":"https:\/\/api.w.org\/{rel}","templated":true}]}}