{"id":239,"date":"2025-03-10T14:50:48","date_gmt":"2025-03-10T12:50:48","guid":{"rendered":"https:\/\/sisu.ut.ee\/hambatraumad\/?page_id=239"},"modified":"2025-03-11T15:17:38","modified_gmt":"2025-03-11T13:17:38","slug":"7-abi-ja-info-saamine-eestis","status":"publish","type":"page","link":"https:\/\/sisu.ut.ee\/hambatraumad\/7-abi-ja-info-saamine-eestis\/","title":{"rendered":"7. Abi ja info saamine Eestis"},"content":{"rendered":"<p>V\u00e4ltimatu hambaravi saamiseks tuleb p\u00f6\u00f6rduda Tervisekassaga lepingu s\u00f5lminud raviasutuste poole, sest Tervisekassa maksab nii ravikindlustatud kui ka ravikindlustamata t\u00e4iskasvanule osutatud v\u00e4ltimatu abi teenuse eest ainult oma lepingupartneritele. J\u00e4relravi, sh juureravi on t\u00e4iskasvanud patsiendi jaoks tasuline.\u00a0\u00a0<\/p>\n\n\n\n<p>Alla 19-aastaste hambaraviks tuleb p\u00f6\u00f6rduda laste hambaravi lepingupartnerite poole (osutavad ka lastele erakorralist abi).\u00a0<\/p>\n\n\n\n<p>Tervisekassa partnerid leiab siit:<a href=\"https:\/\/www.tervisekassa.ee\/tervisekassa-lepingupartnerid\/hambaarstid\" target=\"_blank\" rel=\"noreferrer noopener\">\u202f<\/a><a href=\"https:\/\/www.tervisekassa.ee\/tervisekassa-lepingupartnerid\/hambaarstid\" target=\"_blank\" rel=\"noreferrer noopener\">https:\/\/www.tervisekassa.ee\/tervisekassa-lepingupartnerid\/hambaarstid<\/a>.\u00a0<\/p>\n\n\n\n<p>T\u00e4iendav info Tervisekassa poolt rahastatud v\u00e4ltimatu hambaravi teenuste kohta on leitav siit: <a href=\"https:\/\/www.tervisekassa.ee\/inimesele\/hambaravi\/taiskasvanute-hambaravi\/valtimatu-hambaravi\" target=\"_blank\" rel=\"noreferrer noopener\">V\u00e4ltimatu hambaravi | Tervisekassa<\/a>\u00a0<\/p>\n\n\n\n<blockquote class=\"wp-block-quote is-layout-flow wp-block-quote-is-layout-flow\">\n<p><strong>Pane t\u00e4hele! <\/strong>Hambaarsti vastuv\u00f5tuv\u00e4lisel ajal p\u00f6\u00f6rduda n\u00e4o-l\u00f5ualuudepiirkonna traumadega esmaabi saamiseks erakorralise meditsiini osakonda. Ulatuslike vigastuste puhul kutsuge kiirabi v\u00f5i p\u00f6\u00f6rduge koheselt ise erakorralise meditsiini osakonda.\u00a0<\/p>\n\n\n\n<p>Seej\u00e4rel p\u00f6\u00f6rduda esimesel v\u00f5imalusel, soovituslikult 24 tunni jooksul hambaarsti vastuv\u00f5tule.\u00a0<\/p>\n<\/blockquote>\n\n\n\n<h2 class=\"wp-block-heading\">V\u00e4ltimatu hambaravi n\u00e4dalavahetustel ja riigip\u00fchadel<\/h2>\n\n\n\n<p>Tervisekassa poolt rahastatud t\u00e4iskasvanute v\u00e4ltimatut hambaravi pakuvad riigip\u00fchadel ja n\u00e4dalavahetustel:\u00a0<\/p>\n\n\n\n<p><strong>SA Tartu \u00dclikooli Kliinikumi Stomatoloogia kliinik<\/strong>\u00a0<\/p>\n\n\n\n<ul class=\"wp-block-list\">\n<li><a href=\"https:\/\/www.kliinikum.ee\/patsiendile\/erakorraline-vastuvott\/stomatoloogiakliinik\">https:\/\/www.kliinikum.ee\/patsiendile\/erakorraline-vastuvott\/stomatoloogiakliinik<\/a><\/li>\n\n\n\n<li>731 9100<\/li>\n\n\n\n<li><a href=\"https:\/\/kliinikum.ee\/stomatoloogia\">https:\/\/kliinikum.ee\/stomatoloogia<\/a>\u00a0<\/li>\n\n\n\n<li>E-R 8:00-18:00, L-P 9:00\u201313:00\u00a0<\/li>\n<\/ul>\n\n\n\n<p><strong>SA Tallinna Hambakliinik<\/strong>\u00a0<\/p>\n\n\n\n<ul class=\"wp-block-list\">\n<li>1920<\/li>\n\n\n\n<li><a href=\"https:\/\/hambapol.ee\">https:\/\/hambapol.ee<\/a>\u00a0<\/li>\n\n\n\n<li>E-R 8:00-20:00, L 9:00\u201315:00, P 9:00\u201314:00\u00a0<\/li>\n<\/ul>\n\n\n\n<h2 class=\"wp-block-heading\">Kust leida kiirelt infot?\u00a0<\/h2>\n\n\n\n<p>Erinevad veebiplatvormid sh mobiilirakendused on loonud v\u00f5imaluse hambatraumadega seotud info kiireks leidmiseks ja kasutamiseks. Toome v\u00e4lja m\u00f5ned neist.\u00a0<\/p>\n\n\n\n<p><strong>Tervisekassa<\/strong>\u00a0<\/p>\n\n\n\n<ul class=\"wp-block-list\">\n<li>Tervisekassa hambatraumade infomaterjal <a href=\"https:\/\/www.tervisekassa.ee\/infomaterjalid\/hambatraumad\" target=\"_blank\" rel=\"noreferrer noopener\">Hambatraumad | Tervisekassa<\/a>\u00a0<\/li>\n\n\n\n<li>Infomaterjali saab tasuta tellida ja oma asutuses jagada: <a href=\"mailto:trykised@tervisekassa.ee\" target=\"_blank\" rel=\"noreferrer noopener\">trykised@tervisekassa.ee<\/a>\u00a0<\/li>\n<\/ul>\n\n\n\n<p><strong>Suukool<\/strong>\u00a0\u00a0<\/p>\n\n\n\n<p>Suukool on \u00fcleriigiline projekt, mis tegeleb laste ja noorte hambahaiguste ennetusega. Projekti rahastab Tervisekassa ja see toimib koost\u00f6\u00f6s Eesti Hambaarstide Liiduga. Suukool on m\u00f5eldud nii lastele kui ka k\u00f5igile, kes nendega kokku puutuvad: lapsevanematele, vanavanematele, \u00f5petajatele, kasvatajatele, hooldajatele, hambaarstidele jne. Projekti eesm\u00e4rgiks on t\u00f5sta teadlikkust suutervisest, et Eestis kasvaksid tervete hammastega lapsed. Suukool.ee-st saate teada, kuidas hoida enda ja oma lapse hambaid tervena.\u00a0<\/p>\n\n\n\n<p>Tutvu l\u00e4hemalt: <a href=\"https:\/\/suukool.ee\/et\/\" target=\"_blank\" rel=\"noreferrer noopener\">Suukool.ee \u2013 Laste hammaste tervis \u2013 Avaleht<\/a>\u00a0<\/p>\n\n\n\n<p>Suukooli lehel on selged ja lihtsad juhised hambatrauma korral tegutsemiseks ja alla on laetav hambatrauma plakat: <a href=\"https:\/\/suukool.ee\/et\/laps-ja-vanem\/hambatrauma\" target=\"_blank\" rel=\"noreferrer noopener\">Suukool.ee \u2013 Laste hammaste tervis \u2013 Hambatrauma<\/a>\u00a0<\/p>\n\n\n\n<p><strong>ToothSOS rakendus\u00a0<\/strong><\/p>\n\n\n\n<p>Rahvusvaheline Hambatraumatoloogia Assotsiatsioon (IADT) avaldas 2018. aastal ToothSOS rakenduse (<a href=\"https:\/\/iadt-dentaltrauma.org\/patients-toothsos\/\" target=\"_blank\" rel=\"noreferrer noopener\">https:\/\/iadt-dentaltrauma.org\/patients-toothsos\/<\/a>), mille abil on igal inimesel juurdep\u00e4\u00e4s t\u00f5endusp\u00f5hisele hambatraumadega seotud infole, ennetusest esmaabini.\u00a0<\/p>\n\n\n\n<p>ToothSOS rakendus:\u00a0<\/p>\n\n\n\n<ul class=\"wp-block-list\">\n<li>eesm\u00e4rk on harida inimesi: patsiente, sportlasi, treenereid, lapsevanemaid, \u00f5petajaid ning hambaravi- ja meditsiinit\u00f6\u00f6tajaid.\u00a0\u00a0<\/li>\n\n\n\n<li>inglise keeles;\u00a0<\/li>\n\n\n\n<li>nutitelefoni tasuta alla laetav;\u00a0<\/li>\n\n\n\n<li>info on igal ajal kergesti k\u00e4ttesaadav.\u00a0<\/li>\n<\/ul>\n\n\n\n<p>Rakendus on nutitelefoni tasuta alla laetav ja sellel on patsientidele v\u00f5i elanikkonnale m\u00f5eldud kasutajaosa, milles on v\u00e4lja toodud p\u00f5hiteave erinevate hambatraumade ja nende esmaabi v\u00f5tete kohta. Rakendusest saab teavet ka meditsiinipersonalile sh hambaarstidele, sest tagatud on juurdep\u00e4\u00e4s k\u00f5ige uuematele teadusp\u00f5histele ravisoovitustele.\u202f\u202fRakendust saab kasutada koolitusvahendina esmaabi osutamiseks, reaalse esmaabi vajaduse korral v\u00f5i ka hambatraumade ennetuses. Kahjuks ei ole rakendus eesti keeles, kuid on kasutatav inglise keeles.\u202f\u202f\u202f\u00a0<\/p>\n","protected":false},"excerpt":{"rendered":"<p>V\u00e4ltimatu hambaravi saamiseks tuleb p\u00f6\u00f6rduda Tervisekassaga lepingu s\u00f5lminud raviasutuste poole, sest Tervisekassa maksab nii ravikindlustatud kui ka ravikindlustamata t\u00e4iskasvanule osutatud v\u00e4ltimatu abi teenuse eest ainult oma lepingupartneritele. J\u00e4relravi, sh juureravi on t\u00e4iskasvanud patsiendi jaoks tasuline.\u00a0\u00a0 Alla 19-aastaste hambaraviks tuleb p\u00f6\u00f6rduda &#8230;<\/p>\n","protected":false},"author":9,"featured_media":0,"parent":0,"menu_order":0,"comment_status":"closed","ping_status":"closed","template":"","meta":{"_acf_changed":false,"inline_featured_image":false,"footnotes":""},"class_list":["post-239","page","type-page","status-publish","hentry"],"acf":[],"_links":{"self":[{"href":"https:\/\/sisu.ut.ee\/hambatraumad\/wp-json\/wp\/v2\/pages\/239","targetHints":{"allow":["GET"]}}],"collection":[{"href":"https:\/\/sisu.ut.ee\/hambatraumad\/wp-json\/wp\/v2\/pages"}],"about":[{"href":"https:\/\/sisu.ut.ee\/hambatraumad\/wp-json\/wp\/v2\/types\/page"}],"author":[{"embeddable":true,"href":"https:\/\/sisu.ut.ee\/hambatraumad\/wp-json\/wp\/v2\/users\/9"}],"replies":[{"embeddable":true,"href":"https:\/\/sisu.ut.ee\/hambatraumad\/wp-json\/wp\/v2\/comments?post=239"}],"version-history":[{"count":4,"href":"https:\/\/sisu.ut.ee\/hambatraumad\/wp-json\/wp\/v2\/pages\/239\/revisions"}],"predecessor-version":[{"id":270,"href":"https:\/\/sisu.ut.ee\/hambatraumad\/wp-json\/wp\/v2\/pages\/239\/revisions\/270"}],"wp:attachment":[{"href":"https:\/\/sisu.ut.ee\/hambatraumad\/wp-json\/wp\/v2\/media?parent=239"}],"curies":[{"name":"wp","href":"https:\/\/api.w.org\/{rel}","templated":true}]}}