{"id":222,"date":"2025-03-10T13:59:11","date_gmt":"2025-03-10T11:59:11","guid":{"rendered":"https:\/\/sisu.ut.ee\/hambatraumad\/?page_id=222"},"modified":"2025-03-18T13:21:23","modified_gmt":"2025-03-18T11:21:23","slug":"tegevused-parast-hambatraumat","status":"publish","type":"page","link":"https:\/\/sisu.ut.ee\/hambatraumad\/tegevused-parast-hambatraumat\/","title":{"rendered":"5. Tegevused p\u00e4rast hambatraumat\u00a0"},"content":{"rendered":"<p>Edasised tegevused p\u00e4rast hambatraumat s\u00f5ltuvad vigastuse raskusastmest, trauma t\u00fc\u00fcbist ja sellest, kui kiiresti osutatakse asjakohast ravi. Traumaatiliselt kahjustatud hambad on vastuv\u00f5tlikumad korduvatele vigastustele, isegi kui esmane ravi on olnud edukas. N\u00e4iteks v\u00f5ib hamba taastamiseks kinnitatud hambafragment uue trauma korral taas lahti tulla v\u00f5i hammas ise uuesti murduda. Traumaj\u00e4rgsetel kuudel on soovituslik hoiduda spordist ja f\u00fc\u00fcsilisest koormusest. Traumaj\u00e4rgne naasmine spordi juurde s\u00f5ltub vigastuse raskusastmest ja paranemise protsessist. L\u00f5plik otsus peaks toimuma koost\u00f6\u00f6s hambaarstiga ja arvestama t\u00e4iendavate kaitsevahendite kasutamise vajadust.\u00a0\u00a0<\/p>\n\n\n\n<p>Hambatraumade ravi on enamasti edukas, kuid trauma tagaj\u00e4rjel v\u00f5ivad tekkida mitmed t\u00fcsistused. Iga hambatrauma korral ei ole v\u00f5imalik t\u00fcsistuste tekke t\u00f5en\u00e4osust ja hamba s\u00e4ilitamise v\u00f5imalikkust ette ennustada.\u00a0<\/p>\n\n\n\n<blockquote class=\"wp-block-quote is-layout-flow wp-block-quote-is-layout-flow\">\n<p><strong>Pane t\u00e4hele! <\/strong>Hambatrauma j\u00e4rgselt on oluline k\u00e4ia j\u00e4relkontrollides, et j\u00e4lgida piirkonna paranemist\u00a0 ning hinnata hamba t\u00e4iendava ravi vajadust.<\/p>\n<\/blockquote>\n\n\n\n<p>Trauma korral hammastele pandud lahas tuleb kindlasti 2-4 n\u00e4dala jooksul eemaldada. Tavaliselt on j\u00e4relkontrolli intervallid: 2 n\u00e4dalat, 1 kuu, 2 kuud, 3 kuud, 6 kuud, 1 aasta p\u00e4rast traumat ning seej\u00e4rel igal j\u00e4rgneval aastal 5 aasta jooksul.\u00a0<\/p>\n\n\n\n<p>Paljud traumaatiliselt kahjustatud hambad vajavad juureravi, sest hamban\u00e4rv on p\u00f6\u00f6rdumatult kahjustunud. Hambad, mis on traumaj\u00e4rgselt nihkunud ehk lukseerunud, vajavad piisavalt aega, et hamba kinnituskude saaks t\u00e4ielikult paraneda (kudede eeldatav paranemisaeg: periodontaalligament 2 n\u00e4dalat, alveolaarluu 4 n\u00e4dalat). Vahel v\u00f5ib paranemine v\u00f5tta aega kauem. Enne seda perioodi ei tohiks patsient naasta aktiivse f\u00fc\u00fcsilise tegevuse juurde, kuna uus vigastus v\u00f5ib oluliselt halvendada paranemise prognoosi.\u00a0<\/p>\n\n\n\n<p>Hambatraumaga patsiendid peavad teadma, et piisav paranemisaeg on oluline ja kuidas kaitsta vigastatud hambaid edasiste traumade eest. V\u00e4ga oluline on hoida head suuh\u00fcgieeni (t\u00e4iendavad juhised leitavad: <a href=\"http:\/\/www.suukool.ee\/\" target=\"_blank\" rel=\"noreferrer noopener\">www.suukool.ee<\/a>) ja kasutada edaspidi kaitsevahendeid hammaste kaitsmiseks. Kuna hambatraumadel v\u00f5ivad olla elukestvad tagaj\u00e4rjed (eriti lastel), on oluline, et inimesed oleksid traumaatilistest hambavigastustest, nende tagaj\u00e4rgedest ning ennetusmeetmetest teadlikud.\u00a0<\/p>\n\n\n\n<blockquote class=\"wp-block-quote is-layout-flow wp-block-quote-is-layout-flow\">\n<p><strong>Pane t\u00e4hele! <\/strong>Hambatrauma j\u00e4rgselt suureneb hambaarsti k\u00fclastamise vajadus.<\/p>\n<\/blockquote>\n\n\n\n<p>S\u00f5ltuvalt vigastuse raskusastmest on vajalikud kontrollvisiidid ja t\u00e4iendav ravi. Oluline on m\u00f5ista, et vaatamata osutatud esmaabile, ei ole alati v\u00f5imalik hambaid p\u00e4\u00e4sta.\u00a0\u00a0\u00a0<\/p>\n\n\n\n<p><strong>K\u00f5ige sagedasemad hammaste vigastustega kaasnevad t\u00fcsistused on:<\/strong>\u00a0<\/p>\n\n\n\n<ul class=\"wp-block-list\">\n<li>hambavalu,\u00a0<\/li>\n\n\n\n<li>hamban\u00e4rvi suremine ja juurep\u00f5letiku teke,\u00a0<\/li>\n\n\n\n<li>hamba liikuvaks muutumine,\u00a0<\/li>\n\n\n\n<li>hamba v\u00e4rvi muutus,\u00a0<\/li>\n\n\n\n<li>hamba asendi muutus,\u00a0<\/li>\n\n\n\n<li>hamba juure sise- v\u00f5i v\u00e4lispinna sulamine, v\u00e4lispinna asendumine luukoega (ank\u00fcloos). Hamba ank\u00fcloos lapsep\u00f5lves soodustab l\u00f5ualuu arengu mahaj\u00e4\u00e4must traumapiirkonnas ja hiljem on vajalik ortodontiline\/kirurgiline ravi.\u00a0<\/li>\n\n\n\n<li>hamba arengu peatumine,\u00a0<\/li>\n\n\n\n<li>hamba t\u00e4ielik kaotus,\u00a0<\/li>\n\n\n\n<li>piimahammaste traumade m\u00f5ju luu sees arenevatele j\u00e4\u00e4vhammastele,<\/li>\n\n\n\n<li>j\u00e4\u00e4vhammaste l\u00f5ikumish\u00e4ired (hammas ei tule \u00f5igesti suhu),\u00a0<\/li>\n\n\n\n<li>j\u00e4\u00e4vhammaste arengu peetumine (hammas ei arene t\u00e4ielikult v\u00e4lja),\u00a0<\/li>\n\n\n\n<li>j\u00e4\u00e4vhamba emaili kahjustused (hambakrooni osa on k\u00f5rvalhambast erinev).\u00a0<\/li>\n<\/ul>\n","protected":false},"excerpt":{"rendered":"<p>Edasised tegevused p\u00e4rast hambatraumat s\u00f5ltuvad vigastuse raskusastmest, trauma t\u00fc\u00fcbist ja sellest, kui kiiresti osutatakse asjakohast ravi. Traumaatiliselt kahjustatud hambad on vastuv\u00f5tlikumad korduvatele vigastustele, isegi kui esmane ravi on olnud edukas. N\u00e4iteks v\u00f5ib hamba taastamiseks kinnitatud hambafragment uue trauma korral taas &#8230;<\/p>\n","protected":false},"author":9,"featured_media":0,"parent":0,"menu_order":0,"comment_status":"closed","ping_status":"closed","template":"","meta":{"_acf_changed":false,"inline_featured_image":false,"footnotes":""},"class_list":["post-222","page","type-page","status-publish","hentry"],"acf":[],"_links":{"self":[{"href":"https:\/\/sisu.ut.ee\/hambatraumad\/wp-json\/wp\/v2\/pages\/222","targetHints":{"allow":["GET"]}}],"collection":[{"href":"https:\/\/sisu.ut.ee\/hambatraumad\/wp-json\/wp\/v2\/pages"}],"about":[{"href":"https:\/\/sisu.ut.ee\/hambatraumad\/wp-json\/wp\/v2\/types\/page"}],"author":[{"embeddable":true,"href":"https:\/\/sisu.ut.ee\/hambatraumad\/wp-json\/wp\/v2\/users\/9"}],"replies":[{"embeddable":true,"href":"https:\/\/sisu.ut.ee\/hambatraumad\/wp-json\/wp\/v2\/comments?post=222"}],"version-history":[{"count":3,"href":"https:\/\/sisu.ut.ee\/hambatraumad\/wp-json\/wp\/v2\/pages\/222\/revisions"}],"predecessor-version":[{"id":282,"href":"https:\/\/sisu.ut.ee\/hambatraumad\/wp-json\/wp\/v2\/pages\/222\/revisions\/282"}],"wp:attachment":[{"href":"https:\/\/sisu.ut.ee\/hambatraumad\/wp-json\/wp\/v2\/media?parent=222"}],"curies":[{"name":"wp","href":"https:\/\/api.w.org\/{rel}","templated":true}]}}