{"id":216,"date":"2025-03-10T13:50:58","date_gmt":"2025-03-10T11:50:58","guid":{"rendered":"https:\/\/sisu.ut.ee\/hambatraumad\/?page_id=216"},"modified":"2025-03-10T13:55:16","modified_gmt":"2025-03-10T11:55:16","slug":"enesetest-4","status":"publish","type":"page","link":"https:\/\/sisu.ut.ee\/hambatraumad\/enesetest-4\/","title":{"rendered":"Enesetest 4"},"content":{"rendered":"<p>Selleks, et loetu paremini kinnistuks, on Sul v\u00f5imalus l\u00e4bida viiest valikvastustega k\u00fcsimusest koosnev enesetest. Julget pealehakkamist!<\/p>\n\n\n\n<div class=\"h5p-iframe-wrapper\"><div class=\"video-placeholder-wrapper video-placeholder-wrapper--fixed\" style=\"height: 366px;\">\n\t\t\t    <div class=\"video-placeholder d-flex justify-content-center align-items-center\">\n\t\t\t        <div class=\"overlay text-white p-2 w-100 text-center d-block justify-content-center align-items-center\">\n\t\t\t            <div>Kolmandate osapoolte sisu n\u00e4gemiseks palun n\u00f5ustu k\u00fcpsistega.<\/div>\n\t\t\t            <button class=\"btn btn-secondary btn-sm mt-1 consent-change\">Muuda n\u00f5usolekut<\/button>\n\t\t\t        <\/div>\n\t\t\t    <\/div>\n\t\t\t<\/div>\n<\/div>\n\n\n<div class=\"accordion-block mb-3\">\n\t\t<div class=\"accordion \" id=\"accordion-accordion-69dbcf3825baa\">\n\t\t\t\t\t\t\t<div class=\"accordion-item accordion-item--white\">\n\t\t\t\t\t<h2 class=\"accordion-header\" id=\"accordion-69dbcf3825baa-heading-1\">\n\t\t\t\t\t\t<button class=\"accordion-button collapsed\" type=\"button\" data-bs-toggle=\"collapse\" data-bs-target=\"#accordion-69dbcf3825baa-collapse-1\" aria-expanded=\"true\" aria-controls=\"accordion-69dbcf3825baa-collapse-1\">\n\t\t\t\t\t\t\tSelgitused\n\t\t\t\t\t\t<\/button>\n\t\t\t\t\t<\/h2>\n\t\t\t\t\t<div id=\"accordion-69dbcf3825baa-collapse-1\" class=\"accordion-collapse collapse \" aria-labelledby=\"accordion-69dbcf3825baa-heading-1\">\n\t\t\t\t\t\t<div class=\"accordion-body\">\n\t\t\t\t\t\t\t<ul>\n<li data-leveltext=\"\uf0b7\" data-font=\"Symbol\" data-listid=\"1\" data-list-defn-props='{\"335552541\":1,\"335559685\":720,\"335559991\":360,\"469769226\":\"Symbol\",\"469769242\":[8226],\"469777803\":\"left\",\"469777804\":\"\uf0b7\",\"469777815\":\"hybridMultilevel\"}' aria-setsize=\"-1\" data-aria-posinset=\"1\" data-aria-level=\"1\"><span data-contrast=\"none\">Kroonimurd t\u00e4hendab <\/span><b><span data-contrast=\"none\">hamba n\u00e4htava osa (krooni)<\/span><\/b><span data-contrast=\"none\"> osalist v\u00f5i t\u00e4ielikku <\/span><b><span data-contrast=\"none\">murdumist<\/span><\/b><span data-contrast=\"none\">. See v\u00f5ib viia hamban\u00e4rvi paljastumiseni, kuigi hammas j\u00e4\u00e4b oma algsesse asendisse ja ei ole liikuv.<\/span><span data-ccp-props='{\"201341983\":0,\"335551550\":1,\"335551620\":1,\"335559738\":20,\"335559739\":20,\"335559740\":360}'>\u00a0<\/span><\/li>\n<\/ul>\n<ul>\n<li data-leveltext=\"\uf0b7\" data-font=\"Symbol\" data-listid=\"1\" data-list-defn-props='{\"335552541\":1,\"335559685\":720,\"335559991\":360,\"469769226\":\"Symbol\",\"469769242\":[8226],\"469777803\":\"left\",\"469777804\":\"\uf0b7\",\"469777815\":\"hybridMultilevel\"}' aria-setsize=\"-1\" data-aria-posinset=\"2\" data-aria-level=\"1\"><span data-contrast=\"none\">Hambakrooni fragmenti <\/span><b><span data-contrast=\"none\">ei tohiks lasta kuivada<\/span><\/b><span data-contrast=\"none\">, kuna see v\u00f5ib kahjustada kudede edasist sidumist. Parim viis s\u00e4ilitamiseks on asetada fragment <\/span><b><span data-contrast=\"none\">f\u00fcsioloogilisse <\/span><\/b><span data-contrast=\"none\">lahusesse, <\/span><b><span data-contrast=\"none\">piima<\/span><\/b><span data-contrast=\"none\"> v\u00f5i <\/span><b><span data-contrast=\"none\">s\u00fclge<\/span><\/b><span data-contrast=\"none\">, et v\u00e4ltida kuivamist ja s\u00e4ilitada eluj\u00f5ulisust.<\/span><span data-ccp-props='{\"201341983\":0,\"335551550\":1,\"335551620\":1,\"335559738\":20,\"335559739\":20,\"335559740\":360}'>\u00a0<\/span><\/li>\n<\/ul>\n<ul>\n<li data-leveltext=\"\uf0b7\" data-font=\"Symbol\" data-listid=\"1\" data-list-defn-props='{\"335552541\":1,\"335559685\":720,\"335559991\":360,\"469769226\":\"Symbol\",\"469769242\":[8226],\"469777803\":\"left\",\"469777804\":\"\uf0b7\",\"469777815\":\"hybridMultilevel\"}' aria-setsize=\"-1\" data-aria-posinset=\"3\" data-aria-level=\"1\"><span data-contrast=\"none\">Pehmete kudede vigastuste korral tuleb hoolikalt kontrollida, et hambakildude <\/span><b><span data-contrast=\"none\">osakesed poleks sattunud huulde, p\u00f5ske v\u00f5i teistesse pehmetesse kudedesse<\/span><\/b><span data-contrast=\"none\">. Seda kontrollitakse vajadusel katsudes ja r\u00f6ntgeniga, et v\u00e4listada fragmentide olemasolu kudedes.<\/span><span data-ccp-props='{\"201341983\":0,\"335551550\":1,\"335551620\":1,\"335559738\":20,\"335559739\":20,\"335559740\":360}'>\u00a0<\/span><\/li>\n<\/ul>\n<ul>\n<li data-leveltext=\"\uf0b7\" data-font=\"Symbol\" data-listid=\"1\" data-list-defn-props='{\"335552541\":1,\"335559685\":720,\"335559991\":360,\"469769226\":\"Symbol\",\"469769242\":[8226],\"469777803\":\"left\",\"469777804\":\"\uf0b7\",\"469777815\":\"hybridMultilevel\"}' aria-setsize=\"-1\" data-aria-posinset=\"4\" data-aria-level=\"1\"><span data-contrast=\"none\">Aspiratsiooni kahtluse korral, kui on v\u00f5imalik, et <\/span><b><span data-contrast=\"none\">hambakild on sattunud hingamisteedesse<\/span><\/b><span data-contrast=\"none\">, on vajalik rindkere r\u00f6ntgenuuring, et v\u00e4listada fragmentide sattumine kopsudesse, mis v\u00f5ib omakorda p\u00f5hjustada t\u00f5siseid hingamisprobleeme.<\/span><span data-ccp-props='{\"201341983\":0,\"335551550\":1,\"335551620\":1,\"335559738\":20,\"335559739\":20,\"335559740\":360}'>\u00a0<\/span><\/li>\n<\/ul>\n<ul>\n<li data-leveltext=\"\uf0b7\" data-font=\"Symbol\" data-listid=\"1\" data-list-defn-props='{\"335552541\":1,\"335559685\":720,\"335559991\":360,\"469769226\":\"Symbol\",\"469769242\":[8226],\"469777803\":\"left\",\"469777804\":\"\uf0b7\",\"469777815\":\"hybridMultilevel\"}' aria-setsize=\"-1\" data-aria-posinset=\"5\" data-aria-level=\"1\"><b><span data-contrast=\"none\">S\u00fcgava haava<\/span><\/b><span data-contrast=\"none\"> korral, mille <\/span><b><span data-contrast=\"none\">verejooks ei peatu<\/span><\/b><span data-contrast=\"none\">, on vajalik haava sulgemine \u00f5mblustega, et v\u00e4ltida infektsiooni ja soodustada paranemist. Pindmiste marrastuste puhul piisab tavaliselt haava puhastamisest. P\u00f6\u00f6rduge verejooksu korral alati abi saamiseks erakorralise meditsiini osakonda.<\/span><span data-ccp-props='{\"201341983\":0,\"335551550\":1,\"335551620\":1,\"335559738\":20,\"335559739\":20,\"335559740\":360}'>\u00a0<\/span><\/li>\n<\/ul>\n\n\t\t\t\t\t\t<\/div>\n\t\t\t\t\t<\/div>\n\t\t\t\t<\/div>\n\t\t\t\t\t<\/div>\n\t<\/div>\n","protected":false},"excerpt":{"rendered":"<p>Selleks, et loetu paremini kinnistuks, on Sul v\u00f5imalus l\u00e4bida viiest valikvastustega k\u00fcsimusest koosnev enesetest. Julget pealehakkamist!<\/p>\n","protected":false},"author":9,"featured_media":0,"parent":0,"menu_order":0,"comment_status":"closed","ping_status":"closed","template":"","meta":{"_acf_changed":false,"inline_featured_image":false,"footnotes":""},"class_list":["post-216","page","type-page","status-publish","hentry"],"acf":[],"_links":{"self":[{"href":"https:\/\/sisu.ut.ee\/hambatraumad\/wp-json\/wp\/v2\/pages\/216","targetHints":{"allow":["GET"]}}],"collection":[{"href":"https:\/\/sisu.ut.ee\/hambatraumad\/wp-json\/wp\/v2\/pages"}],"about":[{"href":"https:\/\/sisu.ut.ee\/hambatraumad\/wp-json\/wp\/v2\/types\/page"}],"author":[{"embeddable":true,"href":"https:\/\/sisu.ut.ee\/hambatraumad\/wp-json\/wp\/v2\/users\/9"}],"replies":[{"embeddable":true,"href":"https:\/\/sisu.ut.ee\/hambatraumad\/wp-json\/wp\/v2\/comments?post=216"}],"version-history":[{"count":4,"href":"https:\/\/sisu.ut.ee\/hambatraumad\/wp-json\/wp\/v2\/pages\/216\/revisions"}],"predecessor-version":[{"id":221,"href":"https:\/\/sisu.ut.ee\/hambatraumad\/wp-json\/wp\/v2\/pages\/216\/revisions\/221"}],"wp:attachment":[{"href":"https:\/\/sisu.ut.ee\/hambatraumad\/wp-json\/wp\/v2\/media?parent=216"}],"curies":[{"name":"wp","href":"https:\/\/api.w.org\/{rel}","templated":true}]}}