{"id":20,"date":"2025-02-13T08:40:39","date_gmt":"2025-02-13T06:40:39","guid":{"rendered":"https:\/\/sisu.ut.ee\/hambatraumad\/?page_id=20"},"modified":"2025-03-09T22:13:42","modified_gmt":"2025-03-09T20:13:42","slug":"hambatraumade-korral-esmaabi-osutamine","status":"publish","type":"page","link":"https:\/\/sisu.ut.ee\/hambatraumad\/hambatraumade-korral-esmaabi-osutamine\/","title":{"rendered":"Hambatraumade korral esmaabi osutamine\u00a0"},"content":{"rendered":"<blockquote class=\"wp-block-quote is-layout-flow wp-block-quote-is-layout-flow\">\n<p>Hambatraumade korral tuleb vigastatule osutada esmaabi, sest tegemist on aegkriitilise seisundiga. Hambatrauma esmaabi tuleb osutada ainult p\u00e4rast kannatanu \u00fcldseisundi hindamist. V\u00e4listada tuleb teised t\u00f5sised kahjustused (peavigastused, p\u00f5rutus, n\u00e4rvikahjustused, sisemine verejooks, luumurrud) ja v\u00f5imalikud kannatanu v\u00e4\u00e4rkohtlemise v\u00f5i kuritarvitamise tunnused. <\/p>\n<\/blockquote>\n\n\n\n<p>Sageli on abi andmine vajalik \u00f5nnetuskohal ja esimeseks abi andjaks v\u00f5ib olla inimene, kellel puudub hambaravialane v\u00e4lja\u00f5pe. Teadmised hambatraumade esmaabist on v\u00e4ga olulised, kuid need on paljude inimeste, sh lapsevanemate, \u00f5petajate, treenerite ja muu meditsiinipersonali seas seni olnud puudulikud. 2023. aastal Tartu \u00dclikoolis l\u00e4biviidud uuring kehalise kasvatuse ja spordi eriala \u00fcli\u00f5pilaste seas n\u00e4itas, et alla poole neist oskaks anda eemaldunud hamba korral korrektset esmaabi.\u00a0<\/p>\n\n\n\n<blockquote class=\"wp-block-quote is-layout-flow wp-block-quote-is-layout-flow\">\n<p>S\u00e4ilita rahu ning uuri, mis on juhtunud, sest \u00f5ige ja kiire tegutsemine m\u00f5jutab hamba p\u00fcsimaj\u00e4\u00e4mist suus. Nii v\u00f5ib hammast ja naeratusi p\u00e4\u00e4sta aidata iga\u00fcks, kes teab, kuidas \u00f5igesti abi anda.<\/p>\n<\/blockquote>\n\n\n\n<p>Traumaatiliste hambavigastuste esmaabi on \u00fcldiste esmaabi tegevuste (hingamise, verejooksu, n\u00e4rvivigastuste ja luumurdude hindamine) laiendamine.\u202fKiirabis tuleb vastavasisulisel kutsel l\u00e4htuda ABCDE printsiibist ning siduda sinna sisse ka hambatrauma k\u00e4sitlus.\u202fIga hambatrauma korral tuleb tuvastada, kas see on juhtunud l\u00e4bi \u00f5nnetuse (tahtmatu tegevus) v\u00f5i l\u00e4bi r\u00fcnnaku (tahtlik tegevus).\u202f\u00a0<\/p>\n\n\n\n<p>K\u00f5ik s\u00fcndmuskohal tuvastatud kahjustused ja teostatud ravitegevused tuleb dokumenteerida ning v\u00f5imalikult kiiresti konsulteerida hambaarstiga, kes oskab hambatraumade edasise raviga paremini tegeleda.\u00a0<\/p>\n\n\n\n<p>Hambatraumaga kaasnevad sageli ka muud pea- ja kehavigastused, mille korral kutsub patsient v\u00f5i tema l\u00e4hedane kiirabi, p\u00f6\u00f6rdub erakorralise meditsiini osakonda v\u00f5i helistab perearsti n\u00f5uandetelefonile \u2013 seega puutuvad tervishoiuspetsialistid kokku erinevate hambatraumadega.\u202fHea, kui erakorralise abi osutajad sh kiirabi ja teised meditsiinit\u00f6\u00f6tajad on koolitatud hambatrauma j\u00e4rgselt suusisese l\u00e4bivaatuse teostamiseks ja trauma ulatuse hindamiseks. H\u00e4irekeskuse t\u00f6\u00f6tajate puhul on vajalik teadmiste olemasolu, et vajadusel abivajajat telefoni teel n\u00f5ustada. Loodud \u00f5ppematerjal neid teadmisi juurde annab.<\/p>\n\n\n\n<p>Oluline on tuvastada, kas tegemist on avulsiooni, dislokatsiooni v\u00f5i hamba kroonimurruga ja kas hambad on liikuvad v\u00f5i h\u00e4iritud on kokku hammustamine, et seej\u00e4rel osutada traumast l\u00e4htuvat esmaabi.\u00a0\u00a0<\/p>\n\n\n\n<p>Hambatraumade esmaabi on kokkuv\u00f5tvalt vajalik kolme t\u00fc\u00fcpi traumaatiliste hambavigastuste puhul:\u202f\u00a0<\/p>\n\n\n\n<ol start=\"1\" class=\"wp-block-list\">\n<li>Avulsioon \u2013 kui hammas on\u00a0 koos juurega t\u00e4ielikult suust eemaldunud.\u00a0<\/li>\n\n\n\n<li>Dislokatsioon \u2013 kui hammas on oma asendit suus muutnud, kuid ei ole suust eemaldunud.\u00a0<\/li>\n\n\n\n<li>Kroonimurd \u2013 kui eemaldub osa hambakroonist.\u00a0<\/li>\n<\/ol>\n\n\n\n<blockquote class=\"wp-block-quote is-layout-flow wp-block-quote-is-layout-flow\">\n<p><strong>Pane t\u00e4hele!<\/strong> Lisaks loetletud traumaatilistele hambavigastustele on veel hambatraumasid, mille korral tuleb esimesel v\u00f5imalusel kontrolliks hambaarsti vastuv\u00f5tule p\u00f6\u00f6rduda, kuid need seisundid ei vaja enamasti kiiret esmaabi. Need vigastused on hambap\u00f5rutus ja subluksatsioon (hamba kinnituskoe vigastus, mille korral hammas v\u00f5ib olla liikuvam, kuid pole oma asendit muutnud). Vahel v\u00f5ib olla nii, et vigastatul esineb mitmel hambal mitu erinevat hambatraumat ja kiire abi andmine on oluline. S\u00f5ltumata hambatraumast soovitame alati esimesel v\u00f5imalusel hambaarsti vastuv\u00f5tule p\u00f6\u00f6rduda, sest ainult hambaarst oskab \u00f5igesti hinnata trauma tegelikku ulatust ja sellest tingitud ravivajadust.\u00a0<\/p>\n<\/blockquote>\n\n\n\n<p><\/p>\n\n\n<div class=\"accordion-block mb-3\">\n\t\t<div class=\"accordion \" id=\"accordion-accordion-69da367eec296\">\n\t\t\t\t\t\t\t<div class=\"accordion-item accordion-item--white\">\n\t\t\t\t\t<h2 class=\"accordion-header\" id=\"accordion-69da367eec296-heading-1\">\n\t\t\t\t\t\t<button class=\"accordion-button collapsed\" type=\"button\" data-bs-toggle=\"collapse\" data-bs-target=\"#accordion-69da367eec296-collapse-1\" aria-expanded=\"true\" aria-controls=\"accordion-69da367eec296-collapse-1\">\n\t\t\t\t\t\t\tVaata lisaks: Deltakutse taskuh\u00e4\u00e4ling\u00a0\n\t\t\t\t\t\t<\/button>\n\t\t\t\t\t<\/h2>\n\t\t\t\t\t<div id=\"accordion-69da367eec296-collapse-1\" class=\"accordion-collapse collapse \" aria-labelledby=\"accordion-69da367eec296-heading-1\">\n\t\t\t\t\t\t<div class=\"accordion-body\">\n\t\t\t\t\t\t\t<p>Tervishoius t\u00f6\u00f6tavad inimesed on \u00fched k\u00f5ige entusiastlikumad ja \u00f5pihimulisemad inimesed maailmas.\u202fSA Tartu Kiirabi projekti <strong>DELTAKUTSE<\/strong>\u202fmissioon\u202fon toetada tervishoiut\u00f6\u00f6tajate\u202fkirge ja pakkuda v\u00f5imalusi meil areneda, et\u202fsaada veelgi paremaks oma eriala spetsialistiks. Kuula DELTAKUTSE taskuh\u00e4\u00e4lingut ja tutvu l\u00fchikonspektidega: DELTAKUTSE D33 Hambatraumad. <a href=\"https:\/\/deltakutse.ee\/hambatraumad\" target=\"_blank\" rel=\"noreferrer noopener\">Deltakutse \u2013 D33 \u2013 Hambatraumad<\/a> (Podcast ja konspekt hambatrauma esmaabi teemal). K\u00fclas dr Anna Firsova ja dr Marjo Sinij\u00e4rv.<\/p>\n\n\t\t\t\t\t\t<\/div>\n\t\t\t\t\t<\/div>\n\t\t\t\t<\/div>\n\t\t\t\t\t<\/div>\n\t<\/div>\n","protected":false},"excerpt":{"rendered":"<p>Hambatraumade korral tuleb vigastatule osutada esmaabi, sest tegemist on aegkriitilise seisundiga. Hambatrauma esmaabi tuleb osutada ainult p\u00e4rast kannatanu \u00fcldseisundi hindamist. V\u00e4listada tuleb teised t\u00f5sised kahjustused (peavigastused, p\u00f5rutus, n\u00e4rvikahjustused, sisemine verejooks, luumurrud) ja v\u00f5imalikud kannatanu v\u00e4\u00e4rkohtlemise v\u00f5i kuritarvitamise tunnused. Sageli on &#8230;<\/p>\n","protected":false},"author":9,"featured_media":0,"parent":0,"menu_order":0,"comment_status":"closed","ping_status":"closed","template":"","meta":{"_acf_changed":false,"inline_featured_image":false,"footnotes":""},"class_list":["post-20","page","type-page","status-publish","hentry"],"acf":[],"_links":{"self":[{"href":"https:\/\/sisu.ut.ee\/hambatraumad\/wp-json\/wp\/v2\/pages\/20","targetHints":{"allow":["GET"]}}],"collection":[{"href":"https:\/\/sisu.ut.ee\/hambatraumad\/wp-json\/wp\/v2\/pages"}],"about":[{"href":"https:\/\/sisu.ut.ee\/hambatraumad\/wp-json\/wp\/v2\/types\/page"}],"author":[{"embeddable":true,"href":"https:\/\/sisu.ut.ee\/hambatraumad\/wp-json\/wp\/v2\/users\/9"}],"replies":[{"embeddable":true,"href":"https:\/\/sisu.ut.ee\/hambatraumad\/wp-json\/wp\/v2\/comments?post=20"}],"version-history":[{"count":8,"href":"https:\/\/sisu.ut.ee\/hambatraumad\/wp-json\/wp\/v2\/pages\/20\/revisions"}],"predecessor-version":[{"id":184,"href":"https:\/\/sisu.ut.ee\/hambatraumad\/wp-json\/wp\/v2\/pages\/20\/revisions\/184"}],"wp:attachment":[{"href":"https:\/\/sisu.ut.ee\/hambatraumad\/wp-json\/wp\/v2\/media?parent=20"}],"curies":[{"name":"wp","href":"https:\/\/api.w.org\/{rel}","templated":true}]}}