{"id":2,"date":"2025-02-13T06:22:56","date_gmt":"2025-02-13T06:22:56","guid":{"rendered":"https:\/\/sisu.ut.ee\/hambatraumad\/?page_id=2"},"modified":"2025-03-11T14:25:20","modified_gmt":"2025-03-11T12:25:20","slug":"sample-page","status":"publish","type":"page","link":"https:\/\/sisu.ut.ee\/hambatraumad\/","title":{"rendered":"Avaleht"},"content":{"rendered":"<figure class=\"wp-block-embed aligncenter is-type-video is-provider-youtube wp-block-embed-youtube wp-embed-aspect-16-9 wp-has-aspect-ratio\"><div class=\"wp-block-embed__wrapper\">\n<div class=\"ratio ratio-16x9 mb-3\"><div class=\"video-placeholder-wrapper video-placeholder-wrapper--16x9\">\n\t\t\t    <div class=\"video-placeholder d-flex justify-content-center align-items-center\">\n\t\t\t        <div class=\"overlay text-white p-2 w-100 text-center d-block justify-content-center align-items-center\">\n\t\t\t            <div>Kolmandate osapoolte sisu n\u00e4gemiseks palun n\u00f5ustu k\u00fcpsistega.<\/div>\n\t\t\t            <button class=\"btn btn-secondary btn-sm mt-1 consent-change\">Muuda n\u00f5usolekut<\/button>\n\t\t\t        <\/div>\n\t\t\t    <\/div>\n\t\t\t<\/div>\n<\/div>\n<\/div><figcaption class=\"wp-element-caption\">Sissejuhatav video: <a href=\"https:\/\/www.youtube.com\/watch?v=F9Yg-EU48rY\" target=\"_blank\" rel=\"noreferrer noopener\">Hambatrauma esmaabi (youtube.com)<\/a>\u00a0<\/figcaption><\/figure>\n\n\n\n<p>Tere tulemast!\u00a0<\/p>\n\n\n\n<p>Kui dr Anna Firsova l\u00fchivideo hambatraumadest ja hambaid p\u00e4\u00e4stvast esmaabist tekitas Sinus soovi veel rohkem uusi teadmisi omandada, on see \u00f5ppematerjal just Sulle!\u00a0\u00a0<\/p>\n\n\n\n<p>Traumaatilised hambavigastused moodustavad m\u00e4rkimisv\u00e4\u00e4rse osa kehavigastustest. Maailmas on hambatraumade levimus j\u00e4\u00e4vhammaskonnas 15% ja piimahammaskonnas 23%. Meist iga\u00fchel on suur t\u00f5en\u00e4osus antud probleemiga kokku puutuda, kuid meie senised teadmised hambatraumadest v\u00f5ivad abi vajamise v\u00f5i abi andmise hetkel olla puudulikud.\u00a0\u00a0<\/p>\n\n\n\n<p>Selleks, et olla edaspidi hambatrauma korral t\u00f5eline hambakangelane:\u00a0<\/p>\n\n\n\n<ul class=\"wp-block-list\">\n<li>saad \u00f5ppematerjalist \u00fclevaate hambatraumadest ja nende ennetamisest;\u00a0<\/li>\n\n\n\n<li>saad teada, millised on esmaabiv\u00f5tted erinevate hambatraumade korral;\u00a0<\/li>\n\n\n\n<li>m\u00f5istad, millised on hambatraumade t\u00fcsistused ja traumaj\u00e4rgne ravi;\u00a0<\/li>\n\n\n\n<li>tutvud v\u00e4ltimatu hambaravi korraldusega Eestis.\u00a0<\/li>\n<\/ul>\n\n\n\n<p>K\u00f5ige t\u00e4htsam roll hamba- ja suuvigastuste ennetamisel ning neist tingitud t\u00fcsistuste v\u00e4hendamisel on teadmisel, kuidas hambatraumasid ennetada ja mida \u00f5nnetuse korral teha. Need teadmised antud \u00f5ppematerjal Sulle kindlasti annab, sest kiire ja \u00f5ige tegutsemine hambatrauma korral p\u00e4\u00e4stab hamba ja inimese naeratuse!\u00a0<\/p>\n\n\n\n<p>\u00d5ppematerjal on jagatud teemadeks, mida toetab p\u00f5hjalik pildi- ja tekstimaterjal. \u00d5ppematerjali maht on 0,5 EAP ehk 13 tundi iseseisvat t\u00f6\u00f6d.\u00a0\u00a0<\/p>\n\n\n\n<p>Kui oled materjalid l\u00e4bi t\u00f6\u00f6tanud, saad oma teadmisi enesetesti lahendades kontrollida. Loodame, et saad siit palju kasulikke teadmisi ja osutad edaspidi hambatrauma korral vajalikku kiiret esmaabi!\u00a0\u00a0<\/p>\n\n\n\n<p>Head \u00f5ppimist!\u00a0<\/p>\n\n\n\n<p>Marjo Sinij\u00e4rv\u00a0<br>marjo@ut.ee\u00a0<br>T\u00dc hambaarstiteaduse instituut, nooremlektor, nooremteadur\u00a0<\/p>\n\n\n\n<p>\u00d5ppematerjal valmis Hambaarstiteaduse \u00f5ppekava aine \u201eTeadusprojekt (ARST.01.110)\u201c raames koost\u00f6\u00f6s Tervisekassa ja Eesti Hambaarstide Liiduga. \u00d5ppematerjalis on kasutatud Eesti Hambaarstide Liidu \u00fcleriigilise projekti Suukool, mis tegeleb laste ja noorte hambahaiguste ennetusega ja mida rahastab Tervisekassa, materjale.\u00a0<\/p>\n\n\n\n<div class=\"wp-block-columns are-vertically-aligned-center is-layout-flex wp-container-core-columns-is-layout-9d6595d7 wp-block-columns-is-layout-flex\">\n<div class=\"wp-block-column is-vertically-aligned-center is-layout-flow wp-block-column-is-layout-flow\">\n<figure class=\"wp-block-image size-full\"><img loading=\"lazy\" decoding=\"async\" width=\"982\" height=\"136\" src=\"https:\/\/sisu.ut.ee\/wp-content\/uploads\/sites\/887\/tervisekassa_logo_must.png\" alt=\"\" class=\"wp-image-147\" srcset=\"https:\/\/sisu.ut.ee\/wp-content\/uploads\/sites\/887\/tervisekassa_logo_must.png 982w, https:\/\/sisu.ut.ee\/wp-content\/uploads\/sites\/887\/tervisekassa_logo_must-300x42.png 300w, https:\/\/sisu.ut.ee\/wp-content\/uploads\/sites\/887\/tervisekassa_logo_must-768x106.png 768w\" sizes=\"auto, (max-width: 982px) 100vw, 982px\"><\/figure>\n<\/div>\n\n\n\n<div class=\"wp-block-column is-vertically-aligned-center is-layout-flow wp-block-column-is-layout-flow\" style=\"flex-basis:50px\"><\/div>\n\n\n\n<div class=\"wp-block-column is-vertically-aligned-center is-layout-flow wp-block-column-is-layout-flow\">\n<figure class=\"wp-block-image size-full\"><img loading=\"lazy\" decoding=\"async\" width=\"1025\" height=\"248\" src=\"https:\/\/sisu.ut.ee\/wp-content\/uploads\/sites\/887\/thumbnail_EHL-logo1.jpg\" alt=\"\" class=\"wp-image-158\" srcset=\"https:\/\/sisu.ut.ee\/wp-content\/uploads\/sites\/887\/thumbnail_EHL-logo1.jpg 1025w, https:\/\/sisu.ut.ee\/wp-content\/uploads\/sites\/887\/thumbnail_EHL-logo1-300x73.jpg 300w, https:\/\/sisu.ut.ee\/wp-content\/uploads\/sites\/887\/thumbnail_EHL-logo1-768x186.jpg 768w\" sizes=\"auto, (max-width: 1025px) 100vw, 1025px\"><\/figure>\n<\/div>\n\n\n\n<div class=\"wp-block-column is-vertically-aligned-center is-layout-flow wp-block-column-is-layout-flow\" style=\"flex-basis:50px\"><\/div>\n\n\n\n<div class=\"wp-block-column is-vertically-aligned-center is-layout-flow wp-block-column-is-layout-flow\">\n<figure class=\"wp-block-image size-large\"><img decoding=\"async\" src=\"https:\/\/sisu.ut.ee\/wp-content\/uploads\/sites\/887\/suukool-logo-2019.svg\" alt=\"\" class=\"wp-image-149\" style=\"object-fit:cover\"><\/figure>\n<\/div>\n<\/div>\n","protected":false},"excerpt":{"rendered":"<p>Tere tulemast!\u00a0 Kui dr Anna Firsova l\u00fchivideo hambatraumadest ja hambaid p\u00e4\u00e4stvast esmaabist tekitas Sinus soovi veel rohkem uusi teadmisi omandada, on see \u00f5ppematerjal just Sulle!\u00a0\u00a0 Traumaatilised hambavigastused moodustavad m\u00e4rkimisv\u00e4\u00e4rse osa kehavigastustest. Maailmas on hambatraumade levimus j\u00e4\u00e4vhammaskonnas 15% ja piimahammaskonnas 23%. &#8230;<\/p>\n","protected":false},"author":9,"featured_media":0,"parent":0,"menu_order":0,"comment_status":"closed","ping_status":"open","template":"","meta":{"_acf_changed":false,"inline_featured_image":false,"footnotes":""},"class_list":["post-2","page","type-page","status-publish","hentry"],"acf":[],"_links":{"self":[{"href":"https:\/\/sisu.ut.ee\/hambatraumad\/wp-json\/wp\/v2\/pages\/2","targetHints":{"allow":["GET"]}}],"collection":[{"href":"https:\/\/sisu.ut.ee\/hambatraumad\/wp-json\/wp\/v2\/pages"}],"about":[{"href":"https:\/\/sisu.ut.ee\/hambatraumad\/wp-json\/wp\/v2\/types\/page"}],"author":[{"embeddable":true,"href":"https:\/\/sisu.ut.ee\/hambatraumad\/wp-json\/wp\/v2\/users\/9"}],"replies":[{"embeddable":true,"href":"https:\/\/sisu.ut.ee\/hambatraumad\/wp-json\/wp\/v2\/comments?post=2"}],"version-history":[{"count":20,"href":"https:\/\/sisu.ut.ee\/hambatraumad\/wp-json\/wp\/v2\/pages\/2\/revisions"}],"predecessor-version":[{"id":263,"href":"https:\/\/sisu.ut.ee\/hambatraumad\/wp-json\/wp\/v2\/pages\/2\/revisions\/263"}],"wp:attachment":[{"href":"https:\/\/sisu.ut.ee\/hambatraumad\/wp-json\/wp\/v2\/media?parent=2"}],"curies":[{"name":"wp","href":"https:\/\/api.w.org\/{rel}","templated":true}]}}