{"id":135,"date":"2025-02-14T09:38:29","date_gmt":"2025-02-14T07:38:29","guid":{"rendered":"https:\/\/sisu.ut.ee\/hambatraumad\/?page_id=135"},"modified":"2025-03-09T22:37:17","modified_gmt":"2025-03-09T20:37:17","slug":"luksatsioontraumade-kasitlus","status":"publish","type":"page","link":"https:\/\/sisu.ut.ee\/hambatraumad\/luksatsioontraumade-kasitlus\/","title":{"rendered":"Luksatsioontraumade k\u00e4sitlus\u00a0"},"content":{"rendered":"<blockquote class=\"wp-block-quote is-layout-flow wp-block-quote-is-layout-flow\">\n<p>P\u00f5rutuse ja subluksatsiooni korral paranevad hambad reeglina iseseisvalt ilma sekkumiseta, kuid vajavad siiski hambaarsti poolt seisundi hindamist ja j\u00e4lgimist. <\/p>\n<\/blockquote>\n\n\n\n<p>Kannatanul on soovitatav esimesetel n\u00e4dalatel s\u00fc\u00fca pehmet toitu, hoida suurep\u00e4rast suuh\u00fcgieeni ja v\u00e4ltida hambaga tugevate toitude hammustamist kuni s\u00fcmptomite kadumiseni.\u00a0<\/p>\n\n\n\n<p>Dislokatsiooni korral motiveerida vigastatut v\u00f5i proovida ise \u00f5rnalt hammast algsesse asendisse tagasi asetada (kuid see ei pruugi alati \u00f5nnestuda)\u00a0<\/p>\n\n\n\n<ul class=\"wp-block-list\">\n<li>Ekstrusiooni korral \u00fcritada hammas pessa suruda \u00f5rnalt, ilma liigse j\u00f5uta\u00a0\u00a0<\/li>\n\n\n\n<li>Luksatsiooni korral \u00fcritada taastada hamba algne asend\u00a0<\/li>\n\n\n\n<li>Intrusiooni korral mitte \u00fcritada hammast v\u00e4lja sikutada\u00a0<\/li>\n<\/ul>\n\n\n\n<p>Patsient peab \u00f5rnalt hammustama marlitampooni v\u00f5i salvr\u00e4ti kahjustunud \u00fclemiste ja alumiste hammaste vahele ja p\u00f6\u00f6rduma kohe v\u00f5i 24 tunni jooksul hambaarsti vastuv\u00f5tule.\u00a0<\/p>\n\n\n\n<h2 class=\"wp-block-heading\">Soovituslikud tegevused raviasutuses<\/h2>\n\n\n\n<p>Trauma t\u00f5ttu tekkinud hamba luksatsiooni korral ei ole esmaabi andmine nii aegkriitiline, kui avulsiooni korral, kuid kannatanu vajab siiski kohest abi. Kui hammas on liiga liikuv, aseta v\u00f5imalusel ajutine lahas. Sellise hamba repositsioon on raskem ja ilma tuimastuseta liiga valus. Suuna patsient hambaarsti juurde kohe v\u00f5i esimesel v\u00f5imalusel, kuid soovituslikult 24 tunni jooksul.\u00a0<\/p>\n\n\n\n<ol start=\"1\" class=\"wp-block-list\">\n<li>Ekstrusiooni korral \u00fcritada hammas tagasi oma kohale suruda \u00f5rnalt, ilma liigse j\u00f5uta. Asetada ajutine Fuji IX lahas.\u202f\u00a0<\/li>\n\n\n\n<li>Luksatsiooni korral \u00fcritada taastada hamba algne asend. Kuid see ei pruugi alati \u00f5nnestuda. Asetada ajutine Fuji IX lahas. Suuna hambaarsti juurde.\u202f\u00a0<\/li>\n\n\n\n<li>Intrusiooni (hammas on pessa sisse liikunud) korral mitte \u00fcritada hammast v\u00e4lja sikutada.\u202f\u00a0<\/li>\n\n\n\n<li>Hamba dislokatsiooni korral ei ole antibakteriaalne ravi \u00fcldjuhul n\u00e4idustatud. Kui aga esineb pehmete kudede vigastus, siis alusta antibakteriaalse raviga (kirjeldatud eespool avulsiooni peat\u00fckis).\u202f\u00a0<\/li>\n\n\n\n<li>Suunata patsient hambaarsti vastuv\u00f5tule kohe v\u00f5i esimesel v\u00f5imalusel (soovituslikult 24 tunni jooksul).\u202f\u00a0<\/li>\n<\/ol>\n\n\n\n<p><strong>T\u00e4iendav info kannatanule: Tervisekassa infomaterjal \u201eHambatraumad\u201c <\/strong><a href=\"https:\/\/www.tervisekassa.ee\/infomaterjalid\/hambatraumad\" target=\"_blank\" rel=\"noreferrer noopener\">Hambatraumad | Tervisekassa<\/a><\/p>\n\n\n\n<p><strong>T\u00e4iendav lugemine: SA Tartu \u00dclikooli Kliinikumi patsiendi infomaterjal <\/strong><a href=\"https:\/\/www.kliinikum.ee\/patsiendiinfo-andmebaas\/hambatraumad-hambaasendi-muutusega-traumad\/\" target=\"_blank\" rel=\"noreferrer noopener\">Hambatraumad: Hambaasendi muutusega traumad \u2013 Tartu \u00dclikooli Kliinikum<\/a> <\/p>\n","protected":false},"excerpt":{"rendered":"<p>P\u00f5rutuse ja subluksatsiooni korral paranevad hambad reeglina iseseisvalt ilma sekkumiseta, kuid vajavad siiski hambaarsti poolt seisundi hindamist ja j\u00e4lgimist. Kannatanul on soovitatav esimesetel n\u00e4dalatel s\u00fc\u00fca pehmet toitu, hoida suurep\u00e4rast suuh\u00fcgieeni ja v\u00e4ltida hambaga tugevate toitude hammustamist kuni s\u00fcmptomite kadumiseni.\u00a0 Dislokatsiooni &#8230;<\/p>\n","protected":false},"author":9,"featured_media":0,"parent":0,"menu_order":0,"comment_status":"closed","ping_status":"closed","template":"","meta":{"_acf_changed":false,"inline_featured_image":false,"footnotes":""},"class_list":["post-135","page","type-page","status-publish","hentry"],"acf":[],"_links":{"self":[{"href":"https:\/\/sisu.ut.ee\/hambatraumad\/wp-json\/wp\/v2\/pages\/135","targetHints":{"allow":["GET"]}}],"collection":[{"href":"https:\/\/sisu.ut.ee\/hambatraumad\/wp-json\/wp\/v2\/pages"}],"about":[{"href":"https:\/\/sisu.ut.ee\/hambatraumad\/wp-json\/wp\/v2\/types\/page"}],"author":[{"embeddable":true,"href":"https:\/\/sisu.ut.ee\/hambatraumad\/wp-json\/wp\/v2\/users\/9"}],"replies":[{"embeddable":true,"href":"https:\/\/sisu.ut.ee\/hambatraumad\/wp-json\/wp\/v2\/comments?post=135"}],"version-history":[{"count":4,"href":"https:\/\/sisu.ut.ee\/hambatraumad\/wp-json\/wp\/v2\/pages\/135\/revisions"}],"predecessor-version":[{"id":201,"href":"https:\/\/sisu.ut.ee\/hambatraumad\/wp-json\/wp\/v2\/pages\/135\/revisions\/201"}],"wp:attachment":[{"href":"https:\/\/sisu.ut.ee\/hambatraumad\/wp-json\/wp\/v2\/media?parent=135"}],"curies":[{"name":"wp","href":"https:\/\/api.w.org\/{rel}","templated":true}]}}