{"id":13,"date":"2025-02-13T08:33:25","date_gmt":"2025-02-13T06:33:25","guid":{"rendered":"https:\/\/sisu.ut.ee\/hambatraumad\/?page_id=13"},"modified":"2025-02-13T09:28:51","modified_gmt":"2025-02-13T07:28:51","slug":"hambatraumade-riskitegurid-ja-tekkepohjused","status":"publish","type":"page","link":"https:\/\/sisu.ut.ee\/hambatraumad\/hambatraumade-riskitegurid-ja-tekkepohjused\/","title":{"rendered":"Hambatraumade riskitegurid ja tekkep\u00f5hjused\u00a0"},"content":{"rendered":"<p>Kuigi hambatraumad v\u00f5ivad juhtuda meist iga\u00fchega ja igal ajal, on teatud riskitegurid, mis soodustavad nende teket.\u00a0\u00a0<\/p>\n\n\n\n<p>Riskitegurid ja tekkep\u00f5hjused on:\u00a0<\/p>\n\n\n\n<ol start=\"1\" class=\"wp-block-list\">\n<li>tahtmatud traumad (kukkumine, libisemine nt batuudil, redelil vm);\u202f\u00a0<\/li>\n\n\n\n<li>tahtlikud traumad (l\u00f6\u00f6gid);\u202f\u202f\u00a0<\/li>\n\n\n\n<li>kontaktspordialad (riski suurendab sportides kaitsekapede mittekandmine);\u202f\u00a0<\/li>\n\n\n\n<li>ekstreemspordialad (t\u00f5ukerattaga, rulaga, jalgrattaga, tasakaaluliikuriga s\u00f5itmine ja kaitsevarustuse mittekasutamine);\u202f\u00a0<\/li>\n\n\n\n<li>tahkete esemete (nt j\u00e4\u00e4kuubikute, pliiatsi) n\u00e4rimine;\u202f\u00a0<\/li>\n\n\n\n<li>hammastega joogipurkide, pudelite ja toidupakkide avamine;\u202f\u00a0<\/li>\n\n\n\n<li>hamba kinnituskoe haigused (nt parodontiit ehk igemete krooniline p\u00f5letikuline haigus) ja hambakaaries;\u202f\u00a0<\/li>\n\n\n\n<li>hambumush\u00e4ired;\u202f\u202f\u00a0<\/li>\n\n\n\n<li>keele- ja huuleneedid;\u00a0<\/li>\n\n\n\n<li>\u00fclekaalulisus.\u00a0<\/li>\n<\/ol>\n\n\n\n<ol start=\"2\" class=\"wp-block-list\"><\/ol>\n\n\n\n<ol start=\"3\" class=\"wp-block-list\"><\/ol>\n\n\n\n<ol start=\"4\" class=\"wp-block-list\"><\/ol>\n\n\n\n<ol start=\"5\" class=\"wp-block-list\"><\/ol>\n\n\n\n<ol start=\"6\" class=\"wp-block-list\"><\/ol>\n\n\n\n<ol start=\"7\" class=\"wp-block-list\"><\/ol>\n\n\n\n<ol start=\"8\" class=\"wp-block-list\"><\/ol>\n\n\n\n<ol start=\"9\" class=\"wp-block-list\"><\/ol>\n\n\n\n<ol start=\"10\" class=\"wp-block-list\"><\/ol>\n","protected":false},"excerpt":{"rendered":"<p>Kuigi hambatraumad v\u00f5ivad juhtuda meist iga\u00fchega ja igal ajal, on teatud riskitegurid, mis soodustavad nende teket.\u00a0\u00a0 Riskitegurid ja tekkep\u00f5hjused on:\u00a0<\/p>\n","protected":false},"author":9,"featured_media":0,"parent":0,"menu_order":0,"comment_status":"closed","ping_status":"closed","template":"","meta":{"_acf_changed":false,"inline_featured_image":false,"footnotes":""},"class_list":["post-13","page","type-page","status-publish","hentry"],"acf":[],"_links":{"self":[{"href":"https:\/\/sisu.ut.ee\/hambatraumad\/wp-json\/wp\/v2\/pages\/13","targetHints":{"allow":["GET"]}}],"collection":[{"href":"https:\/\/sisu.ut.ee\/hambatraumad\/wp-json\/wp\/v2\/pages"}],"about":[{"href":"https:\/\/sisu.ut.ee\/hambatraumad\/wp-json\/wp\/v2\/types\/page"}],"author":[{"embeddable":true,"href":"https:\/\/sisu.ut.ee\/hambatraumad\/wp-json\/wp\/v2\/users\/9"}],"replies":[{"embeddable":true,"href":"https:\/\/sisu.ut.ee\/hambatraumad\/wp-json\/wp\/v2\/comments?post=13"}],"version-history":[{"count":3,"href":"https:\/\/sisu.ut.ee\/hambatraumad\/wp-json\/wp\/v2\/pages\/13\/revisions"}],"predecessor-version":[{"id":49,"href":"https:\/\/sisu.ut.ee\/hambatraumad\/wp-json\/wp\/v2\/pages\/13\/revisions\/49"}],"wp:attachment":[{"href":"https:\/\/sisu.ut.ee\/hambatraumad\/wp-json\/wp\/v2\/media?parent=13"}],"curies":[{"name":"wp","href":"https:\/\/api.w.org\/{rel}","templated":true}]}}