{"id":126,"date":"2025-02-14T09:20:14","date_gmt":"2025-02-14T07:20:14","guid":{"rendered":"https:\/\/sisu.ut.ee\/hambatraumad\/?page_id=126"},"modified":"2025-03-09T22:34:16","modified_gmt":"2025-03-09T20:34:16","slug":"3-dislokatsioon","status":"publish","type":"page","link":"https:\/\/sisu.ut.ee\/hambatraumad\/3-dislokatsioon\/","title":{"rendered":"3. Dislokatsioon"},"content":{"rendered":"<p>Kui j\u00e4\u00e4v- v\u00f5i piimahammas ei ole kukkunud suust v\u00e4lja, kuid hamba asend hambakaares muutus ja tihti kannatanu tunneb, et ei saa kokku hammustada, siis on tegemist dislokatsiooniga ehk traumaj\u00e4rgse hamba asendi muutusega (RHK-10 diagnoosikood S03.2). Sageli v\u00f5ib traumaga kaasneda hammast \u00fcmbritseva l\u00f5ualuu murd. Dislokatsioonide alla kuuluvad luksatsioontraumad: alveolaarj\u00e4tke murd, ekstrusioon, intrusioon ja lateraalne luksatsioon. Luksatsiooni korral v\u00f5ib hammas nihkuda alveoolist v\u00e4lja (ekstrusioon), alveooli sisse (intrusioon)\u00a0 ning ette, taha v\u00f5i k\u00fclgsuunas (lateraalne luksatsioon) (vt Foto 7).\u00a0<\/p>\n\n\n\n<figure class=\"wp-block-image aligncenter size-large is-resized\"><img loading=\"lazy\" decoding=\"async\" width=\"1024\" height=\"599\" src=\"https:\/\/sisu.ut.ee\/wp-content\/uploads\/sites\/887\/Screenshot-2025-02-14-at-09.34.02-1024x599.png\" alt=\"\" class=\"wp-image-133\" style=\"width:800px\" srcset=\"https:\/\/sisu.ut.ee\/wp-content\/uploads\/sites\/887\/Screenshot-2025-02-14-at-09.34.02-1024x599.png 1024w, https:\/\/sisu.ut.ee\/wp-content\/uploads\/sites\/887\/Screenshot-2025-02-14-at-09.34.02-300x176.png 300w, https:\/\/sisu.ut.ee\/wp-content\/uploads\/sites\/887\/Screenshot-2025-02-14-at-09.34.02-768x450.png 768w, https:\/\/sisu.ut.ee\/wp-content\/uploads\/sites\/887\/Screenshot-2025-02-14-at-09.34.02-1536x899.png 1536w, https:\/\/sisu.ut.ee\/wp-content\/uploads\/sites\/887\/Screenshot-2025-02-14-at-09.34.02-1920x1124.png 1920w, https:\/\/sisu.ut.ee\/wp-content\/uploads\/sites\/887\/Screenshot-2025-02-14-at-09.34.02.png 2040w\" sizes=\"auto, (max-width: 1024px) 100vw, 1024px\"><figcaption class=\"wp-element-caption\"><em>Foto 7. Dislokatsiooniga hambatraumad:\u00a0 Ekstrusioon, lateralne luksatsioon, intrusioon. Joonised: <\/em><a href=\"https:\/\/onlinelibrary.wiley.com\/doi\/epdf\/10.1111\/edt.12578\" target=\"_blank\" rel=\"noreferrer noopener\"><em>International Association of Dental Traumatology guidelines for the management of traumatic dental injuries: 1. Fractures and luxations<\/em><\/a><\/figcaption><\/figure>\n\n\n\n<p>Traumaga v\u00f5ib kaasneda hamba liikuvus, h\u00e4ired kokku hammustamisel, verejooks ja valu. Parema parenemise ja heade pikaajaliste ravitulemuste saavutamiseks on vajalik dislokatsiooniga ehk asendit muutnud hamba kohene \u00fcmberpositsioneerimine ja stabiliseerimine. Hambaarsti vastuv\u00f5tule tuleks p\u00f6\u00f6rduda kohe v\u00f5i esimesel v\u00f5imalusel, kuid soovituslikult 24 tunni jooksul.\u00a0<\/p>\n\n\n\n<blockquote class=\"wp-block-quote is-layout-flow wp-block-quote-is-layout-flow\">\n<p><strong>Pane t\u00e4hele! <\/strong>Piimahammas, mis on v\u00e4ga liikuv, ei pruugi olla liikuv dislokatsiooniga hambatrauma t\u00f5ttu, vaid seet\u00f5ttu, et ta hakkab vahetuma! Tavaliselt hakkavad piimahambad vahetuma eelkooliealistel ehk 5-6-aastastel lastel! K\u00f5ige t\u00e4psemalt oskab olukorda hinnata hambaarst!\u00a0<\/p>\n<\/blockquote>\n\n\n\n<figure class=\"wp-block-image aligncenter size-large is-resized\"><img loading=\"lazy\" decoding=\"async\" width=\"1024\" height=\"954\" src=\"https:\/\/sisu.ut.ee\/wp-content\/uploads\/sites\/887\/Screenshot-2025-02-14-at-09.30.36-1024x954.png\" alt=\"\" class=\"wp-image-130\" style=\"width:700px;height:auto\" srcset=\"https:\/\/sisu.ut.ee\/wp-content\/uploads\/sites\/887\/Screenshot-2025-02-14-at-09.30.36-1024x954.png 1024w, https:\/\/sisu.ut.ee\/wp-content\/uploads\/sites\/887\/Screenshot-2025-02-14-at-09.30.36-300x279.png 300w, https:\/\/sisu.ut.ee\/wp-content\/uploads\/sites\/887\/Screenshot-2025-02-14-at-09.30.36-768x715.png 768w, https:\/\/sisu.ut.ee\/wp-content\/uploads\/sites\/887\/Screenshot-2025-02-14-at-09.30.36.png 1462w\" sizes=\"auto, (max-width: 1024px) 100vw, 1024px\"><\/figure>\n\n\n\n<p>Trauma t\u00f5ttu tekkinud hamba luksatsiooni korral ei ole esmaabi andmine nii aegkriitiline, kui avulsiooni korral, kuid kannatanu v\u00f5ib vajada m\u00f5nel juhul siiski kohest abi. Olenevalt vigastuse raskusastmest v\u00f5ib luksatsioon varieeruda lihtsamatest juhtudest, nagu <strong>p\u00f5rutus <\/strong>v\u00f5i <strong>subluksatsioon<\/strong>, kus hammas j\u00e4\u00e4b siiski oma kohale v\u00e4heste kahjustuste ja liikuvusega, kuni keerulisemate juhtudeni, nagu <strong>ekstrusioon<\/strong>, <strong>intrusioon<\/strong> ning <strong>lateraalne luksatsioon.<\/strong>\u00a0<\/p>\n\n\n\n<p>Siinkohal vaatleme l\u00fchidalt hamba luksatsiooni eri t\u00fc\u00fcpide iseloomulikke kliinilisi tunnuseid:\u00a0<\/p>\n\n\n\n<ol start=\"1\" class=\"wp-block-list\">\n<li>P\u00f5rutus\u00a0<\/li>\n<\/ol>\n\n\n\n<ul class=\"wp-block-list\">\n<li>Hammas ei ole nihkunud ega liikuv, kuid periodontaalligament on vigastatud.\u00a0<\/li>\n\n\n\n<li>V\u00f5ib esineda turse ja veritsus ja tundlikkus v\u00f5i valu hamba puudutamisel ning koputlusel.\u00a0<\/li>\n<\/ul>\n\n\n\n<ol start=\"2\" class=\"wp-block-list\">\n<li>Subluksatsioon\u00a0<\/li>\n<\/ol>\n\n\n\n<ul class=\"wp-block-list\">\n<li>Hammas on veidi liikuv, kuid ei ole oma asendit muutnud.\u00a0<\/li>\n\n\n\n<li>V\u00f5ib esineda igemete veritsust ja ebamugavustunnet hammustamisel.\u00a0<\/li>\n<\/ul>\n\n\n\n<ol start=\"3\" class=\"wp-block-list\">\n<li>Ekstrusioon\u00a0<\/li>\n<\/ol>\n\n\n\n<ul class=\"wp-block-list\">\n<li>Hammas on osaliselt hambasombust v\u00e4lja nihkunud, kuid j\u00e4\u00e4b suhu.\u00a0<\/li>\n\n\n\n<li>Hammas on liikuv ja naaberhammastest pikem, igemevaos v\u00f5ib n\u00e4ha veritsust.\u00a0<\/li>\n<\/ul>\n\n\n\n<ol start=\"4\" class=\"wp-block-list\">\n<li>Intrusioon\u00a0<\/li>\n<\/ol>\n\n\n\n<ul class=\"wp-block-list\">\n<li>Hammas on surutud s\u00fcgavamale hambasompu, hammas on naaberhammastest l\u00fchem.\u00a0<\/li>\n\n\n\n<li>Hammas on liikumatu ja koputlusel v\u00f5i puudutades v\u00e4ga valulik, esineb veritsust.\u00a0<\/li>\n<\/ul>\n\n\n\n<ol start=\"5\" class=\"wp-block-list\">\n<li>Lateraalne luksatsioon\u00a0<\/li>\n<\/ol>\n\n\n\n<ul class=\"wp-block-list\">\n<li>Hammas on nihkunud k\u00fclgsuunas, tihti huulte v\u00f5i keele poole.\u00a0<\/li>\n\n\n\n<li>Hammas on reeglina liikumatu ja \u00fcmbritsev alveolaarluu v\u00f5ib olla murdunud, hammas on puudutusele v\u00f5i koputlusele v\u00e4ga valulik.\u00a0<\/li>\n<\/ul>\n","protected":false},"excerpt":{"rendered":"<p>Kui j\u00e4\u00e4v- v\u00f5i piimahammas ei ole kukkunud suust v\u00e4lja, kuid hamba asend hambakaares muutus ja tihti kannatanu tunneb, et ei saa kokku hammustada, siis on tegemist dislokatsiooniga ehk traumaj\u00e4rgse hamba asendi muutusega (RHK-10 diagnoosikood S03.2). Sageli v\u00f5ib traumaga kaasneda hammast &#8230;<\/p>\n","protected":false},"author":9,"featured_media":0,"parent":0,"menu_order":0,"comment_status":"closed","ping_status":"closed","template":"","meta":{"_acf_changed":false,"inline_featured_image":false,"footnotes":""},"class_list":["post-126","page","type-page","status-publish","hentry"],"acf":[],"_links":{"self":[{"href":"https:\/\/sisu.ut.ee\/hambatraumad\/wp-json\/wp\/v2\/pages\/126","targetHints":{"allow":["GET"]}}],"collection":[{"href":"https:\/\/sisu.ut.ee\/hambatraumad\/wp-json\/wp\/v2\/pages"}],"about":[{"href":"https:\/\/sisu.ut.ee\/hambatraumad\/wp-json\/wp\/v2\/types\/page"}],"author":[{"embeddable":true,"href":"https:\/\/sisu.ut.ee\/hambatraumad\/wp-json\/wp\/v2\/users\/9"}],"replies":[{"embeddable":true,"href":"https:\/\/sisu.ut.ee\/hambatraumad\/wp-json\/wp\/v2\/comments?post=126"}],"version-history":[{"count":5,"href":"https:\/\/sisu.ut.ee\/hambatraumad\/wp-json\/wp\/v2\/pages\/126\/revisions"}],"predecessor-version":[{"id":200,"href":"https:\/\/sisu.ut.ee\/hambatraumad\/wp-json\/wp\/v2\/pages\/126\/revisions\/200"}],"wp:attachment":[{"href":"https:\/\/sisu.ut.ee\/hambatraumad\/wp-json\/wp\/v2\/media?parent=126"}],"curies":[{"name":"wp","href":"https:\/\/api.w.org\/{rel}","templated":true}]}}