{"id":122,"date":"2025-02-14T09:18:14","date_gmt":"2025-02-14T07:18:14","guid":{"rendered":"https:\/\/sisu.ut.ee\/hambatraumad\/?page_id=122"},"modified":"2025-03-18T13:08:50","modified_gmt":"2025-03-18T11:08:50","slug":"enesetest-2","status":"publish","type":"page","link":"https:\/\/sisu.ut.ee\/hambatraumad\/enesetest-2\/","title":{"rendered":"Enesetest 2"},"content":{"rendered":"<p>Selleks, et loetu paremini kinnistuks, on Sul v\u00f5imalus l\u00e4bida viiest valikvastustega k\u00fcsimusest koosnev enesetest. Julget pealehakkamist!<\/p>\n\n\n\n<div class=\"h5p-iframe-wrapper\"><div class=\"video-placeholder-wrapper video-placeholder-wrapper--fixed\" style=\"height: 366px;\">\n\t\t\t    <div class=\"video-placeholder d-flex justify-content-center align-items-center\">\n\t\t\t        <div class=\"overlay text-white p-2 w-100 text-center d-block justify-content-center align-items-center\">\n\t\t\t            <div>Kolmandate osapoolte sisu n\u00e4gemiseks palun n\u00f5ustu k\u00fcpsistega.<\/div>\n\t\t\t            <button class=\"btn btn-secondary btn-sm mt-1 consent-change\">Muuda n\u00f5usolekut<\/button>\n\t\t\t        <\/div>\n\t\t\t    <\/div>\n\t\t\t<\/div>\n<\/div>\n\n\n<div class=\"accordion-block mb-3\">\n\t\t<div class=\"accordion \" id=\"accordion-accordion-69db9f4558da8\">\n\t\t\t\t\t\t\t<div class=\"accordion-item accordion-item--white\">\n\t\t\t\t\t<h2 class=\"accordion-header\" id=\"accordion-69db9f4558da8-heading-1\">\n\t\t\t\t\t\t<button class=\"accordion-button collapsed\" type=\"button\" data-bs-toggle=\"collapse\" data-bs-target=\"#accordion-69db9f4558da8-collapse-1\" aria-expanded=\"true\" aria-controls=\"accordion-69db9f4558da8-collapse-1\">\n\t\t\t\t\t\t\tSelgitused\n\t\t\t\t\t\t<\/button>\n\t\t\t\t\t<\/h2>\n\t\t\t\t\t<div id=\"accordion-69db9f4558da8-collapse-1\" class=\"accordion-collapse collapse \" aria-labelledby=\"accordion-69db9f4558da8-heading-1\">\n\t\t\t\t\t\t<div class=\"accordion-body\">\n\t\t\t\t\t\t\t<ul>\n<li><span class=\"NormalTextRun SpellingErrorV2Themed SCXW154750034 BCX0\">Avulsioon<\/span><span class=\"NormalTextRun SCXW154750034 BCX0\"> t\u00e4hendab hamba t\u00e4ielikku eemaldumist hambasombust ehk alveoolist.<\/span><\/li>\n<li><span class=\"TextRun Highlight SCXW106526377 BCX0\" lang=\"ET-EE\" xml:lang=\"ET-EE\" data-contrast=\"none\"><span class=\"NormalTextRun SCXW106526377 BCX0\">F\u00fcsioloogiline lahus on k\u00f5ige<\/span> <span class=\"NormalTextRun SCXW106526377 BCX0\">parem<\/span><span class=\"NormalTextRun SCXW106526377 BCX0\"> lahus <\/span><span class=\"NormalTextRun SCXW106526377 BCX0\">suust eemaldunud <\/span><span class=\"NormalTextRun SCXW106526377 BCX0\">hamba transportimiseks, kuna see hoiab hambajuure rakud eluj\u00f5ulistena.<\/span><span class=\"NormalTextRun SCXW106526377 BCX0\"> T\u00e4iendavalt sobib selleks ka piim ja kannatanu s\u00fclg.<\/span><\/span><span class=\"EOP SCXW106526377 BCX0\" data-ccp-props='{\"201341983\":0,\"335551550\":1,\"335551620\":1,\"335559685\":720,\"335559738\":120,\"335559739\":240,\"335559740\":360}'>\u00a0<\/span><\/li>\n<li><span class=\"TextRun Highlight SCXW209136282 BCX0\" lang=\"ET-EE\" xml:lang=\"ET-EE\" data-contrast=\"none\"><span class=\"NormalTextRun SCXW209136282 BCX0\">M\u00e4\u00e4rdunud hammast tuleb \u00f5rnalt loputada<\/span><span class=\"NormalTextRun SCXW209136282 BCX0\"> f\u00fcsioloogilise lahuse,<\/span><span class=\"NormalTextRun SCXW209136282 BCX0\"> piima v\u00f5i s\u00fcljega, v\u00e4ltides mehaanilist puhastamist<\/span><span class=\"NormalTextRun SCXW209136282 BCX0\">, et mitte kahjustada hamba juure pinnal olevaid <\/span><span class=\"NormalTextRun SpellingErrorV2Themed SCXW209136282 BCX0\">periodontaalligamendi<\/span><span class=\"NormalTextRun SCXW209136282 BCX0\"> rakke.<\/span><\/span><span class=\"EOP SCXW209136282 BCX0\" data-ccp-props='{\"201341983\":0,\"335551550\":1,\"335551620\":1,\"335559685\":720,\"335559738\":120,\"335559739\":240,\"335559740\":360}'>\u00a0<\/span><\/li>\n<li><span class=\"TextRun Highlight SCXW99054585 BCX0\" lang=\"ET-EE\" xml:lang=\"ET-EE\" data-contrast=\"none\"><span class=\"NormalTextRun SCXW99054585 BCX0\">Mida kauem on hammas suust v\u00e4ljas ja kuivab, seda suurem on risk, et rakud hamba <\/span><span class=\"NormalTextRun SCXW99054585 BCX0\">juure<\/span><span class=\"NormalTextRun SCXW99054585 BCX0\">pinnal surevad. Kui hammas on kuiva<\/span><span class=\"NormalTextRun SCXW99054585 BCX0\">s keskkonnas olnud<\/span><span class=\"NormalTextRun SCXW99054585 BCX0\"> \u00fcle 30 minuti<\/span><span class=\"NormalTextRun SCXW99054585 BCX0\"> m\u00f5jutab see hamba pikaajalist prognoosi.<\/span><\/span><span class=\"EOP SCXW99054585 BCX0\" data-ccp-props='{\"201341983\":0,\"335551550\":1,\"335551620\":1,\"335559685\":720,\"335559738\":120,\"335559739\":240,\"335559740\":360}'>\u00a0<\/span><\/li>\n<li><span class=\"TextRun Highlight SCXW35117973 BCX0\" lang=\"ET-EE\" xml:lang=\"ET-EE\" data-contrast=\"none\"><span class=\"NormalTextRun SCXW35117973 BCX0\">Kui hammas on liiga kahjust<\/span><span class=\"NormalTextRun SCXW35117973 BCX0\">unud (kaariese t\u00f5ttu) v\u00f5i <\/span><span class=\"NormalTextRun SCXW35117973 BCX0\">kahjustunud on tema kinnituskude (igemehaiguse t\u00f5ttu), siis ei saa seda hammast p\u00e4\u00e4sta.<\/span><\/span><span class=\"EOP SCXW35117973 BCX0\" data-ccp-props='{\"201341983\":0,\"335551550\":1,\"335551620\":1,\"335559685\":720,\"335559738\":120,\"335559739\":240,\"335559740\":360}'>\u00a0<\/span><\/li>\n<\/ul>\n\n\t\t\t\t\t\t<\/div>\n\t\t\t\t\t<\/div>\n\t\t\t\t<\/div>\n\t\t\t\t\t<\/div>\n\t<\/div>\n","protected":false},"excerpt":{"rendered":"<p>Selleks, et loetu paremini kinnistuks, on Sul v\u00f5imalus l\u00e4bida viiest valikvastustega k\u00fcsimusest koosnev enesetest. Julget pealehakkamist!<\/p>\n","protected":false},"author":9,"featured_media":0,"parent":0,"menu_order":0,"comment_status":"closed","ping_status":"closed","template":"","meta":{"_acf_changed":false,"inline_featured_image":false,"footnotes":""},"class_list":["post-122","page","type-page","status-publish","hentry"],"acf":[],"_links":{"self":[{"href":"https:\/\/sisu.ut.ee\/hambatraumad\/wp-json\/wp\/v2\/pages\/122","targetHints":{"allow":["GET"]}}],"collection":[{"href":"https:\/\/sisu.ut.ee\/hambatraumad\/wp-json\/wp\/v2\/pages"}],"about":[{"href":"https:\/\/sisu.ut.ee\/hambatraumad\/wp-json\/wp\/v2\/types\/page"}],"author":[{"embeddable":true,"href":"https:\/\/sisu.ut.ee\/hambatraumad\/wp-json\/wp\/v2\/users\/9"}],"replies":[{"embeddable":true,"href":"https:\/\/sisu.ut.ee\/hambatraumad\/wp-json\/wp\/v2\/comments?post=122"}],"version-history":[{"count":2,"href":"https:\/\/sisu.ut.ee\/hambatraumad\/wp-json\/wp\/v2\/pages\/122\/revisions"}],"predecessor-version":[{"id":125,"href":"https:\/\/sisu.ut.ee\/hambatraumad\/wp-json\/wp\/v2\/pages\/122\/revisions\/125"}],"wp:attachment":[{"href":"https:\/\/sisu.ut.ee\/hambatraumad\/wp-json\/wp\/v2\/media?parent=122"}],"curies":[{"name":"wp","href":"https:\/\/api.w.org\/{rel}","templated":true}]}}