{"id":8,"date":"2024-04-04T01:59:41","date_gmt":"2024-04-03T22:59:41","guid":{"rendered":"https:\/\/sisu.ut.ee\/hambaravi5\/avaleht\/"},"modified":"2024-04-11T16:33:01","modified_gmt":"2024-04-11T13:33:01","slug":"avaleht","status":"publish","type":"page","link":"https:\/\/sisu.ut.ee\/hambaravi5\/","title":{"rendered":"Avaleht"},"content":{"rendered":"<p style=\"text-align: left;\"><strong><img loading=\"lazy\" decoding=\"async\" class=\"wp-image-75 alignright\" style=\"margin-left: auto; margin-right: auto;\" title=\"avapilt.jpg\" src=\"https:\/\/sisu.ut.ee\/wp-content\/uploads\/sites\/156\/avapilt.jpg\" alt=\"avapilt.jpg\" width=\"359\" height=\"239\" srcset=\"https:\/\/sisu.ut.ee\/wp-content\/uploads\/sites\/156\/avapilt.jpg 500w, https:\/\/sisu.ut.ee\/wp-content\/uploads\/sites\/156\/avapilt-300x200.jpg 300w\" sizes=\"auto, (max-width: 359px) 100vw, 359px\">Kursuse autor:\u00a0 hambaarst Riina Runnel<\/strong><br><strong>Tartu \u00dclikooli Hambaarstiteaduse Instituudi suu- ja hambahaiguste lektor<\/strong><br><strong>2016<\/strong><\/p>\n<p>Kursus <strong>\u201cSuu- ja hambahaigused\u201d\u00a0<\/strong>on\u00a0 m\u00f5eldud eelk\u00f5ige hambaarstiks \u00f5ppijatele, kuid ka k\u00f5igile teistele, kellele teema huvi pakub.<\/p>\n<p>Materjal katab hambaarsti\u00f5ppe vastava aine loenguteemad, tutvustades levinumaid suu- ja hambahaiguseid, kaariese tekkep\u00f5hjuseid ja kulgu ning mitmeid hamba k\u00f5vakudede patoloogiaid.<\/p>\n<hr>\n<p>\u00a0<\/p>\n\n\n<p class=\"has-extra-small-font-size\">K\u00e4esolev \u00f5piobjekt on autorikaitse all vastavalt Eesti Vabariigi autori\u00f5iguse seadusele. \u00d5piobjekti varalised \u00f5igused kuuluvad Tartu \u00dclikoolile. \u00d5piobjekti on lubatud reprodutseerida, levitada ja avalikult esitada ainult \u00f5piotstarbel kui tervikut, va refereerimine ja tsiteerimine motiveeritud mahus. \u00d5piobjekti ei ole lubatud kasutada kommertseesm\u00e4rgil. \u00d5piobjekti igakordsel kasutamisel on kasutaja kohustatud viitama \u00f5piobjekti autorile. \u00d5piobjekti pole lubatud muuta ega t\u00e4iendada.<\/p>\n","protected":false},"excerpt":{"rendered":"<p>Kursuse autor:\u00a0 hambaarst Riina RunnelTartu \u00dclikooli Hambaarstiteaduse Instituudi suu- ja hambahaiguste lektor2016 Kursus \u201cSuu- ja hambahaigused\u201d\u00a0on\u00a0 m\u00f5eldud eelk\u00f5ige hambaarstiks \u00f5ppijatele, kuid ka k\u00f5igile teistele, kellele teema huvi pakub. Materjal katab hambaarsti\u00f5ppe vastava aine loenguteemad, tutvustades levinumaid suu- ja hambahaiguseid, kaariese &#8230;<\/p>\n","protected":false},"author":12,"featured_media":0,"parent":0,"menu_order":0,"comment_status":"closed","ping_status":"closed","template":"","meta":{"_acf_changed":false,"inline_featured_image":false,"footnotes":""},"class_list":["post-8","page","type-page","status-publish","hentry"],"acf":[],"_links":{"self":[{"href":"https:\/\/sisu.ut.ee\/hambaravi5\/wp-json\/wp\/v2\/pages\/8","targetHints":{"allow":["GET"]}}],"collection":[{"href":"https:\/\/sisu.ut.ee\/hambaravi5\/wp-json\/wp\/v2\/pages"}],"about":[{"href":"https:\/\/sisu.ut.ee\/hambaravi5\/wp-json\/wp\/v2\/types\/page"}],"author":[{"embeddable":true,"href":"https:\/\/sisu.ut.ee\/hambaravi5\/wp-json\/wp\/v2\/users\/12"}],"replies":[{"embeddable":true,"href":"https:\/\/sisu.ut.ee\/hambaravi5\/wp-json\/wp\/v2\/comments?post=8"}],"version-history":[{"count":2,"href":"https:\/\/sisu.ut.ee\/hambaravi5\/wp-json\/wp\/v2\/pages\/8\/revisions"}],"predecessor-version":[{"id":295,"href":"https:\/\/sisu.ut.ee\/hambaravi5\/wp-json\/wp\/v2\/pages\/8\/revisions\/295"}],"wp:attachment":[{"href":"https:\/\/sisu.ut.ee\/hambaravi5\/wp-json\/wp\/v2\/media?parent=8"}],"curies":[{"name":"wp","href":"https:\/\/api.w.org\/{rel}","templated":true}]}}