{"id":6,"date":"2024-04-04T01:59:41","date_gmt":"2024-04-03T22:59:41","guid":{"rendered":"https:\/\/sisu.ut.ee\/hambaravi5\/kudede-kaotus\/"},"modified":"2024-04-11T16:46:50","modified_gmt":"2024-04-11T13:46:50","slug":"kudede-kaotus","status":"publish","type":"page","link":"https:\/\/sisu.ut.ee\/hambaravi5\/kudede-kaotus\/","title":{"rendered":"Kudede kaotus"},"content":{"rendered":"<p>Hambakudede kulumine\u00a0 on osa vananemisega kaasnevast protsessist. On teatud tegevusi ja p\u00f5hjuseid, mis kudede kaotust kiirendavad.<\/p>\n<h3>Bruksism<\/h3>\n<p><strong>Bruksism on tahtmatu mittefunktsionaalne ala\u00f5ua liikumine.<\/strong> Siia kuuluvad nii hammaste krigistamine kui kokkusurumine, mis viib kontakteeruvate hambapindade kulumiseni, m\u00f5rade tekkele hammastes, valulikkusele ja\/v\u00f5i pingele esmalt m\u00e4lumislihastes ja l\u00f5ualiigeses kuni kogu \u00fclav\u00f6\u00f6tme haaratuseni. Bruksismi esineb k\u00f5igis vanesegruppides. <strong>P\u00f5hjused<\/strong> on erinevad, alates lokaalsetest (n\u00e4iteks enneaegsed kontaktid, parafunktsioonid jms) kuni s\u00fcsteemseteni (eesk\u00e4tt stress, kuid ka\u00a0 \u00fcldhaigused, t\u00f6\u00f6 iseloom, ergutite kasutamine jpm)<\/p>\n<h3>Atritsioon<\/h3>\n<p><strong>Atritsioon on hammaste kulumine hammas-hamba kontakti t\u00f5ttu<\/strong>.\u00a0 Eriti h\u00e4sti on atritsioon m\u00e4rgatav intsisiivide servadel, seda eriti osalisel hambutusel, m\u00e4lumishammaste kaotuse korral, mil allesj\u00e4\u00e4nud esihammastele langeb \u00fclem\u00e4\u00e4rane koormus. <strong>P\u00f5hjuseks<\/strong> v\u00f5ivad olla ka parafunktsioonid, n\u00e4iteks bruksism.<\/p>\n<p><img loading=\"lazy\" decoding=\"async\" width=\"400\" height=\"229\" class=\"alignnone wp-image-66 aligncenter\" style=\"margin-left: auto; margin-right: auto;\" title=\"aran5.png\" src=\"https:\/\/sisu.ut.ee\/wp-content\/uploads\/sites\/156\/aran5.png\" alt=\"aran5.png\" srcset=\"https:\/\/sisu.ut.ee\/wp-content\/uploads\/sites\/156\/aran5.png 400w, https:\/\/sisu.ut.ee\/wp-content\/uploads\/sites\/156\/aran5-300x172.png 300w\" sizes=\"auto, (max-width: 400px) 100vw, 400px\"><\/p>\n<h5>Allikas: <a href=\"http:\/\/www.elearningerosion.com\/en\/elearning_erosion\/scientific-background\/tooth-wear\/attrition.html\" target=\"_blank\" rel=\"noopener\">http:\/\/www.elearningerosion.com\/en\/ elearning_erosion\/scientific-background\/tooth-wear\/attrition.html<\/a><\/h5>\n<h3>Abrasioon<\/h3>\n<p><strong>Abrasioon on kulumine m\u00f5ne muu f\u00fc\u00fcsikalise teguri toimel<\/strong> (mitte teise hamba poolt p\u00f5hjustatud). Kahjustus paikneb enamasti gingivaalses piirkonnas, olles\u00a0 n\u00f5gus v\u00f5i kiilukujuline kahjustus. K\u00f5ige sagedasem <strong>p\u00f5hjus<\/strong> on vale harjamistehnika v\u00f5i valed v\u00f5tted interproksimaalses piirkonnas.<\/p>\n<p><img loading=\"lazy\" decoding=\"async\" width=\"400\" height=\"327\" class=\"alignnone wp-image-67 aligncenter\" style=\"margin-left: auto; margin-right: auto;\" title=\"aran6.png\" src=\"https:\/\/sisu.ut.ee\/wp-content\/uploads\/sites\/156\/aran6.png\" alt=\"aran6.png\" srcset=\"https:\/\/sisu.ut.ee\/wp-content\/uploads\/sites\/156\/aran6.png 400w, https:\/\/sisu.ut.ee\/wp-content\/uploads\/sites\/156\/aran6-300x245.png 300w\" sizes=\"auto, (max-width: 400px) 100vw, 400px\"><\/p>\n<h5>Abrasioon<strong> kombineerub<\/strong> sageli <strong>igeme retsessiooniga<\/strong> \u2013 kuna juuretsement on v\u00e4hesema vastupanuga, siis kulub paljastunud juurepind harjamisel kiiresti.<\/h5>\n<h3>Abfraktsioon<\/h3>\n<p><strong>Abfraktsioon on hamba kaelaosas paiknev kiilukujuline kahjustus<\/strong>, mille p\u00f5hjuseks on \u00fclem\u00e4\u00e4rane m\u00e4lumisr\u00f5hk. Oklusaalselt langev r\u00f5hk painutab hammast ning hamba kaelaosas, kus email on \u00f5huke, v\u00f5ib see murduda.<\/p>\n<p><img loading=\"lazy\" decoding=\"async\" width=\"400\" height=\"263\" class=\"alignnone wp-image-68 aligncenter\" style=\"margin-left: auto; margin-right: auto;\" title=\"aran7.png\" src=\"https:\/\/sisu.ut.ee\/wp-content\/uploads\/sites\/156\/aran7.png\" alt=\"aran7.png\" srcset=\"https:\/\/sisu.ut.ee\/wp-content\/uploads\/sites\/156\/aran7.png 400w, https:\/\/sisu.ut.ee\/wp-content\/uploads\/sites\/156\/aran7-300x197.png 300w\" sizes=\"auto, (max-width: 400px) 100vw, 400px\"><\/p>\n<h5>Allikas: <a href=\"https:\/\/www.pinterest.com\/pin\/430797520583482279\/\">https:\/\/www.pinterest.com\/pin\/430797520583482279\/<\/a><\/h5>\n<p style=\"text-align: center;\"><strong>Hambakaela \u00a0k\u00f5vakudede kahjustuste diferentsiaaldiagnoos (tabel)<\/strong><\/p>\n<table class=\"table table-hover\" border=\"1\" cellspacing=\"0\" cellpadding=\"0\">\n<tbody>\n<tr>\n<td valign=\"top\"><\/td>\n<td valign=\"top\">\n<h6><strong>Erosioon<\/strong><\/h6>\n<\/td>\n<td valign=\"top\">\n<h6><strong>Abrasioon<\/strong><\/h6>\n<\/td>\n<td valign=\"top\">\n<h6><strong>Abfraktsioon<\/strong><\/h6>\n<\/td>\n<\/tr>\n<tr>\n<td valign=\"top\">\n<h6><strong>Paiknemine<\/strong><\/h6>\n<\/td>\n<td valign=\"top\">fatsiaalsel v\u00f5i lingvaalsel<\/td>\n<td valign=\"top\">fatsiaalsel<\/td>\n<td valign=\"top\">fatsiaalsel<\/td>\n<\/tr>\n<tr>\n<td valign=\"top\">\n<h6><strong>Kuju<\/strong><\/h6>\n<\/td>\n<td valign=\"top\">lai, madal, kausjas kahjustus<\/td>\n<td valign=\"top\">kiilukujuline<\/td>\n<td valign=\"top\">kiilukujuline<\/td>\n<\/tr>\n<tr>\n<td valign=\"top\">\n<h6><strong>Servad<\/strong><\/h6>\n<\/td>\n<td valign=\"top\">ei ole m\u00e4\u00e4ratletavad<\/td>\n<td valign=\"top\">teravad, piiritletud<\/td>\n<td valign=\"top\">teravad<\/td>\n<\/tr>\n<tr>\n<td valign=\"top\">\n<h6><strong>Emaili pind<\/strong><\/h6>\n<\/td>\n<td valign=\"top\">sile ja poleeritud<\/td>\n<td valign=\"top\">sile, v\u00f5ib n\u00e4ha olla kriipimisj\u00e4lgi<\/td>\n<td valign=\"top\">esmalt krobeline, ebatasane; hiljem v\u00f5ivad olla n\u00e4ha vaod<\/td>\n<\/tr>\n<tr>\n<td valign=\"top\">\n<h6><strong>Haaratus<\/strong><\/h6>\n<\/td>\n<td valign=\"top\">Haaratud v\u00f5ib olla palju hambaid.Sisemiste p\u00f5hjustega on kahjustus enamasti \u00fclemiste intsisiivide lingvaalsel pinnal.<\/td>\n<td valign=\"top\">Haaratud on mitmed hambad.Tavaliselt on haaratud \u00fche poole \u00fclemised hambad kaniinist molaarini.<\/td>\n<td valign=\"top\">V\u00f5ib esineda ainult \u00fchel hambal.Kahjustus v\u00f5ib paikneda ka subgingivaalselt.<\/td>\n<\/tr>\n<\/tbody>\n<\/table>\n","protected":false},"excerpt":{"rendered":"<p>Hambakudede kulumine\u00a0 on osa vananemisega kaasnevast protsessist. On teatud tegevusi ja p\u00f5hjuseid, mis kudede kaotust kiirendavad. Bruksism Bruksism on tahtmatu mittefunktsionaalne ala\u00f5ua liikumine. Siia kuuluvad nii hammaste krigistamine kui kokkusurumine, mis viib kontakteeruvate hambapindade kulumiseni, m\u00f5rade tekkele hammastes, valulikkusele ja\/v\u00f5i &#8230;<\/p>\n","protected":false},"author":12,"featured_media":0,"parent":0,"menu_order":0,"comment_status":"closed","ping_status":"closed","template":"","meta":{"_acf_changed":false,"inline_featured_image":false,"footnotes":""},"class_list":["post-6","page","type-page","status-publish","hentry"],"acf":[],"_links":{"self":[{"href":"https:\/\/sisu.ut.ee\/hambaravi5\/wp-json\/wp\/v2\/pages\/6","targetHints":{"allow":["GET"]}}],"collection":[{"href":"https:\/\/sisu.ut.ee\/hambaravi5\/wp-json\/wp\/v2\/pages"}],"about":[{"href":"https:\/\/sisu.ut.ee\/hambaravi5\/wp-json\/wp\/v2\/types\/page"}],"author":[{"embeddable":true,"href":"https:\/\/sisu.ut.ee\/hambaravi5\/wp-json\/wp\/v2\/users\/12"}],"replies":[{"embeddable":true,"href":"https:\/\/sisu.ut.ee\/hambaravi5\/wp-json\/wp\/v2\/comments?post=6"}],"version-history":[{"count":3,"href":"https:\/\/sisu.ut.ee\/hambaravi5\/wp-json\/wp\/v2\/pages\/6\/revisions"}],"predecessor-version":[{"id":346,"href":"https:\/\/sisu.ut.ee\/hambaravi5\/wp-json\/wp\/v2\/pages\/6\/revisions\/346"}],"wp:attachment":[{"href":"https:\/\/sisu.ut.ee\/hambaravi5\/wp-json\/wp\/v2\/media?parent=6"}],"curies":[{"name":"wp","href":"https:\/\/api.w.org\/{rel}","templated":true}]}}