{"id":59,"date":"2024-04-04T01:59:44","date_gmt":"2024-04-03T22:59:44","guid":{"rendered":"https:\/\/sisu.ut.ee\/hambaravi5\/hammaste-suuruse-anomaaliad\/"},"modified":"2024-04-11T16:49:48","modified_gmt":"2024-04-11T13:49:48","slug":"hammaste-suuruse-anomaaliad","status":"publish","type":"page","link":"https:\/\/sisu.ut.ee\/hambaravi5\/hammaste-suuruse-anomaaliad\/","title":{"rendered":"Hammaste suuruse anomaaliad"},"content":{"rendered":"<h3>Mikrodontia (<em>Microdontia<\/em> )<\/h3>\n<p>Hammas on<strong> normist v\u00e4iksem<\/strong>.\u00a0Esinemissagedus ei ole suur, 1-8%. Pigem esineb suhtelist mikrodontiat \u2013 suurema l\u00f5ualuu korral j\u00e4\u00e4vad hammaste vahele vahed ning hambad tunduvad normist v\u00e4iksemad. K\u00f5ige sagedamini esineb mikrodontia \u00fclemistel lateraalsetel intsisiividel ja \u00fclemistel kolmandatel molaaridel.\u00a0K\u00fcllalt sageli esineb koonusekujuline \u00fclemine\u00a0 lateraalne intsisiiv.<\/p>\n<p><img loading=\"lazy\" decoding=\"async\" width=\"444\" height=\"279\" class=\"alignnone wp-image-125 aligncenter\" style=\"margin-left: auto; margin-right: auto;\" title=\"anomaalia4.png\" src=\"https:\/\/sisu.ut.ee\/wp-content\/uploads\/sites\/156\/anomaalia4.png\" alt=\"anomaalia4.png\" srcset=\"https:\/\/sisu.ut.ee\/wp-content\/uploads\/sites\/156\/anomaalia4.png 444w, https:\/\/sisu.ut.ee\/wp-content\/uploads\/sites\/156\/anomaalia4-300x189.png 300w\" sizes=\"auto, (max-width: 444px) 100vw, 444px\"><\/p>\n<div class=\"none media-element file-os-files-xxlarge\">\n<h5>Mikrodontia. Allikas:<a href=\"http:\/\/blogkamilagodoy.com.br\/microdontia-pode-gerar-problemas-ortodonticos\/\" target=\"_blank\" rel=\"noopener\">http:\/\/blogkamilagodoy.com.br\/microdontia-pode-gerar-problemas-ortodonticos\/<\/a><\/h5>\n<\/div>\n<h3>Makrodontia (<em>Macrodontia<\/em>)<\/h3>\n<p>Hammas on <strong>normist suurem<\/strong>.\u00a0Enam esineb suhtelist makrodontiat \u2013 inimestel, kellel on v\u00e4ike l\u00f5ualuu, ei mahu ka normaalsuuruses hambad ritta, vaid kuhjuvad (vt hambumusanomaaliad).<\/p>\n<p><img loading=\"lazy\" decoding=\"async\" width=\"430\" height=\"316\" class=\"alignnone wp-image-126 aligncenter\" style=\"margin-left: auto; margin-right: auto;\" title=\"anomaalia5.png\" src=\"https:\/\/sisu.ut.ee\/wp-content\/uploads\/sites\/156\/anomaalia5.png\" alt=\"anomaalia5.png\" srcset=\"https:\/\/sisu.ut.ee\/wp-content\/uploads\/sites\/156\/anomaalia5.png 430w, https:\/\/sisu.ut.ee\/wp-content\/uploads\/sites\/156\/anomaalia5-300x220.png 300w\" sizes=\"auto, (max-width: 430px) 100vw, 430px\"><\/p>\n<div class=\"none media-element file-os-files-xxlarge\">\n<h5>Makrodontia. Allikas:<a href=\"http:\/\/www.doctoruldedinti.info\/amomalii-dentare-de-volum\/\" target=\"_blank\" rel=\"noopener\">http:\/\/www.doctoruldedinti.info\/amomalii-dentare-de-volum\/<\/a><\/h5>\n<\/div>\n","protected":false},"excerpt":{"rendered":"<p>Mikrodontia (Microdontia ) Hammas on normist v\u00e4iksem.\u00a0Esinemissagedus ei ole suur, 1-8%. Pigem esineb suhtelist mikrodontiat \u2013 suurema l\u00f5ualuu korral j\u00e4\u00e4vad hammaste vahele vahed ning hambad tunduvad normist v\u00e4iksemad. K\u00f5ige sagedamini esineb mikrodontia \u00fclemistel lateraalsetel intsisiividel ja \u00fclemistel kolmandatel molaaridel.\u00a0K\u00fcllalt sageli &#8230;<\/p>\n","protected":false},"author":12,"featured_media":0,"parent":0,"menu_order":0,"comment_status":"closed","ping_status":"closed","template":"","meta":{"_acf_changed":false,"inline_featured_image":false,"footnotes":""},"class_list":["post-59","page","type-page","status-publish","hentry"],"acf":[],"_links":{"self":[{"href":"https:\/\/sisu.ut.ee\/hambaravi5\/wp-json\/wp\/v2\/pages\/59","targetHints":{"allow":["GET"]}}],"collection":[{"href":"https:\/\/sisu.ut.ee\/hambaravi5\/wp-json\/wp\/v2\/pages"}],"about":[{"href":"https:\/\/sisu.ut.ee\/hambaravi5\/wp-json\/wp\/v2\/types\/page"}],"author":[{"embeddable":true,"href":"https:\/\/sisu.ut.ee\/hambaravi5\/wp-json\/wp\/v2\/users\/12"}],"replies":[{"embeddable":true,"href":"https:\/\/sisu.ut.ee\/hambaravi5\/wp-json\/wp\/v2\/comments?post=59"}],"version-history":[{"count":2,"href":"https:\/\/sisu.ut.ee\/hambaravi5\/wp-json\/wp\/v2\/pages\/59\/revisions"}],"predecessor-version":[{"id":352,"href":"https:\/\/sisu.ut.ee\/hambaravi5\/wp-json\/wp\/v2\/pages\/59\/revisions\/352"}],"wp:attachment":[{"href":"https:\/\/sisu.ut.ee\/hambaravi5\/wp-json\/wp\/v2\/media?parent=59"}],"curies":[{"name":"wp","href":"https:\/\/api.w.org\/{rel}","templated":true}]}}