{"id":58,"date":"2024-04-04T01:59:44","date_gmt":"2024-04-03T22:59:44","guid":{"rendered":"https:\/\/sisu.ut.ee\/hambaravi5\/hammaste-arvu-anomaaliad\/"},"modified":"2024-04-11T16:49:33","modified_gmt":"2024-04-11T13:49:33","slug":"hammaste-arvu-anomaaliad","status":"publish","type":"page","link":"https:\/\/sisu.ut.ee\/hambaravi5\/hammaste-arvu-anomaaliad\/","title":{"rendered":"Hammaste arvu anomaaliad"},"content":{"rendered":"<h3>H\u00fcpodontia (<em>Hypodontia<\/em>,\u00a0ka\u00a0<em>agenesia<\/em>)<\/h3>\n<p><strong>Hammaste arv<\/strong> on s\u00fcnnip\u00e4raselt<strong> normist v\u00e4iksem<\/strong>.\u00a0Esineb &lt;28 hammast, sest tarkusehammaste puudumist anomaaliaks ei loeta. Tegemist on levinud anomaaliaga, mille esinemissagedus on j\u00e4\u00e4vhammaskonnas 3,5-8% (v\u00e4lja arvatud kolmandad molaarid); ajutises hammaskonnas esineb harva (&lt;1%). K\u00f5ige sagedasemad puuduvad hambad on kolmandad molaarid, teised premolaarid ja lateraalsed intsisiivid. Hulgaline hammaste puudumine kaasneb enamasti m\u00f5ne s\u00fcndroomiga.<\/p>\n<p><img loading=\"lazy\" decoding=\"async\" width=\"549\" height=\"283\" class=\"alignnone wp-image-122 aligncenter\" style=\"margin-left: auto; margin-right: auto;\" title=\"anomaalia1.png\" src=\"https:\/\/sisu.ut.ee\/wp-content\/uploads\/sites\/156\/anomaalia1.png\" alt=\"anomaalia1.png\" srcset=\"https:\/\/sisu.ut.ee\/wp-content\/uploads\/sites\/156\/anomaalia1.png 549w, https:\/\/sisu.ut.ee\/wp-content\/uploads\/sites\/156\/anomaalia1-300x155.png 300w\" sizes=\"auto, (max-width: 549px) 100vw, 549px\"><\/p>\n<div class=\"none media-element file-os-files-xxlarge\">\n<h5>H\u00fcpodontia ehk <em>agenesia<\/em>.<br>\nAllikas:\u00a0<a href=\"http:\/\/locoodonto.blogspot.com\/p\/radiologia.html\" target=\"_blank\" rel=\"noopener\">http:\/\/locoodonto.blogspot.com\/p\/radiologia.html<\/a><\/h5>\n<\/div>\n<h3>Oligodontia<\/h3>\n<p>S\u00fcnnip\u00e4raselt puuduvaid hambaid on rohkem kui neli.<\/p>\n<h3>Anodontia<\/h3>\n<p>Hammaste t\u00e4ielik puudumine.\u00a0Esineb harva, peamiselt ektodermaalse d\u00fcsp\u00fclaasia s\u00fcndroomi korral.<\/p>\n<h3>H\u00fcperdontia (<em>Hyperdontia<\/em>)<\/h3>\n<p><strong>Hammaste arv<\/strong> on <strong>normist suurem<\/strong>.\u00a0Anomaalia \u00fcldine esinemissagedus on 1-3%. Enamasti esineb \u00fcks lisahammas (75-85% juhtudest) mis 90% paikneb \u00fclal\u00f5uas. K\u00f5ige sagedamini asetseb lisahammas \u00fclemiste eeshammaste piirkonnas (mesiodens), sageduselt j\u00e4rgmised on neljandad molaarid ning seej\u00e4rel \u00fclemine paramolaar, alumine premolaar ja \u00fclemine lateraalne intsisiiv. Hulgaliselt lisahambaid v\u00f5ib kaasneda m\u00f5ningate sundroomidega.<\/p>\n<div class=\"none media-element file-os-files-xxlarge\"><img loading=\"lazy\" decoding=\"async\" width=\"264\" height=\"178\" class=\"alignnone wp-image-123 aligncenter\" style=\"margin-left: auto; margin-right: auto;\" title=\"anomaalia2.png\" src=\"https:\/\/sisu.ut.ee\/wp-content\/uploads\/sites\/156\/anomaalia2.png\" alt=\"anomaalia2.png\">\n<h5 style=\"text-align: center;\">Mesiodens.<br>\nAllikas:\u00a0<a href=\"http:\/\/www.btorthodontics.com\/blog\/what-is-hyperdontia\/\" target=\"_blank\" rel=\"noopener\">http:\/\/http:\/\/www.btorthodontics.com\/ blog\/what-is-hyperdontia\/<\/a><\/h5>\n<\/div>\n<p>\u00dclemisel fotol on \u00fclemiste tsentraalsete intsisiivide vahel on n\u00e4ha v\u00e4ikene paaritu hammas \u2013 mesiodens; kaniinide jaoks puudub ruum ja need on hambareast v\u00e4ljapoole nihkunud.<\/p>\n<div class=\"none media-element file-os-files-xxlarge\"><img loading=\"lazy\" decoding=\"async\" width=\"455\" height=\"458\" class=\"alignnone wp-image-124 aligncenter\" style=\"margin-left: auto; margin-right: auto;\" title=\"anomaalia3.png\" src=\"https:\/\/sisu.ut.ee\/wp-content\/uploads\/sites\/156\/anomaalia3.png\" alt=\"anomaalia3.png\" srcset=\"https:\/\/sisu.ut.ee\/wp-content\/uploads\/sites\/156\/anomaalia3.png 455w, https:\/\/sisu.ut.ee\/wp-content\/uploads\/sites\/156\/anomaalia3-298x300.png 298w, https:\/\/sisu.ut.ee\/wp-content\/uploads\/sites\/156\/anomaalia3-150x150.png 150w\" sizes=\"auto, (max-width: 455px) 100vw, 455px\">\n<h5 style=\"text-align: center;\">Paramolaar.<br>\nAllikas:\u00a0<a href=\"http:\/\/www.jisponline.com\/viewimage.asp?img=JIndianSocPeriodontol_2013_17_3_383_115647_f2.jpg\" target=\"_blank\" rel=\"noopener\">http:\/\/www.jisponline.com\/viewimage.asp?img=JIndianSocPeriodontol_2013_17_3_383_115647_f2.jpg<\/a><\/h5>\n<\/div>\n","protected":false},"excerpt":{"rendered":"<p>H\u00fcpodontia (Hypodontia,\u00a0ka\u00a0agenesia) Hammaste arv on s\u00fcnnip\u00e4raselt normist v\u00e4iksem.\u00a0Esineb &lt;28 hammast, sest tarkusehammaste puudumist anomaaliaks ei loeta. Tegemist on levinud anomaaliaga, mille esinemissagedus on j\u00e4\u00e4vhammaskonnas 3,5-8% (v\u00e4lja arvatud kolmandad molaarid); ajutises hammaskonnas esineb harva (&lt;1%). K\u00f5ige sagedasemad puuduvad hambad on kolmandad &#8230;<\/p>\n","protected":false},"author":12,"featured_media":0,"parent":0,"menu_order":0,"comment_status":"closed","ping_status":"closed","template":"","meta":{"_acf_changed":false,"inline_featured_image":false,"footnotes":""},"class_list":["post-58","page","type-page","status-publish","hentry"],"acf":[],"_links":{"self":[{"href":"https:\/\/sisu.ut.ee\/hambaravi5\/wp-json\/wp\/v2\/pages\/58","targetHints":{"allow":["GET"]}}],"collection":[{"href":"https:\/\/sisu.ut.ee\/hambaravi5\/wp-json\/wp\/v2\/pages"}],"about":[{"href":"https:\/\/sisu.ut.ee\/hambaravi5\/wp-json\/wp\/v2\/types\/page"}],"author":[{"embeddable":true,"href":"https:\/\/sisu.ut.ee\/hambaravi5\/wp-json\/wp\/v2\/users\/12"}],"replies":[{"embeddable":true,"href":"https:\/\/sisu.ut.ee\/hambaravi5\/wp-json\/wp\/v2\/comments?post=58"}],"version-history":[{"count":2,"href":"https:\/\/sisu.ut.ee\/hambaravi5\/wp-json\/wp\/v2\/pages\/58\/revisions"}],"predecessor-version":[{"id":351,"href":"https:\/\/sisu.ut.ee\/hambaravi5\/wp-json\/wp\/v2\/pages\/58\/revisions\/351"}],"wp:attachment":[{"href":"https:\/\/sisu.ut.ee\/hambaravi5\/wp-json\/wp\/v2\/media?parent=58"}],"curies":[{"name":"wp","href":"https:\/\/api.w.org\/{rel}","templated":true}]}}