{"id":57,"date":"2024-04-04T01:59:44","date_gmt":"2024-04-03T22:59:44","guid":{"rendered":"https:\/\/sisu.ut.ee\/hambaravi5\/arenguanomaaliad\/"},"modified":"2024-04-11T16:49:16","modified_gmt":"2024-04-11T13:49:16","slug":"arenguanomaaliad","status":"publish","type":"page","link":"https:\/\/sisu.ut.ee\/hambaravi5\/arenguanomaaliad\/","title":{"rendered":"Arenguanomaaliad"},"content":{"rendered":"<p>Hammaskond koosneb 20 ajutisest ehk piimahambast\u00a0 ning 28 j\u00e4\u00e4vhambast (tarkusehammaste olemasolul kuni 32 hambast). Muutused v\u00f5ivad esineda nii hammaste arvus, suuruses kui kujus. Samuti v\u00f5ib olla h\u00e4iritud k\u00f5vakudede areng.<\/p>\n<p><img loading=\"lazy\" decoding=\"async\" width=\"400\" height=\"212\" class=\"alignnone wp-image-121 aligncenter\" style=\"margin-left: auto; margin-right: auto;\" title=\"aran1.png\" src=\"https:\/\/sisu.ut.ee\/wp-content\/uploads\/sites\/156\/aran1.png\" alt=\"aran1.png\" srcset=\"https:\/\/sisu.ut.ee\/wp-content\/uploads\/sites\/156\/aran1.png 400w, https:\/\/sisu.ut.ee\/wp-content\/uploads\/sites\/156\/aran1-300x159.png 300w\" sizes=\"auto, (max-width: 400px) 100vw, 400px\"><\/p>\n<h5>17-aastasel neiul tehtud diagnostiline OPTG, millel on juhuleiuna n\u00e4ha lisaks 8ndatele hammastele (tarkusehammastele) ka kolme 9nda j\u00e4\u00e4vhamba alged. Plaanilise operatsiooni k\u00e4igus selgus, et ka D18 juures on lisahammas, mis on tarkusehambaga kokku kasvanud.<\/h5>\n","protected":false},"excerpt":{"rendered":"<p>Hammaskond koosneb 20 ajutisest ehk piimahambast\u00a0 ning 28 j\u00e4\u00e4vhambast (tarkusehammaste olemasolul kuni 32 hambast). Muutused v\u00f5ivad esineda nii hammaste arvus, suuruses kui kujus. Samuti v\u00f5ib olla h\u00e4iritud k\u00f5vakudede areng. 17-aastasel neiul tehtud diagnostiline OPTG, millel on juhuleiuna n\u00e4ha lisaks 8ndatele &#8230;<\/p>\n","protected":false},"author":12,"featured_media":0,"parent":0,"menu_order":0,"comment_status":"closed","ping_status":"closed","template":"","meta":{"_acf_changed":false,"inline_featured_image":false,"footnotes":""},"class_list":["post-57","page","type-page","status-publish","hentry"],"acf":[],"_links":{"self":[{"href":"https:\/\/sisu.ut.ee\/hambaravi5\/wp-json\/wp\/v2\/pages\/57","targetHints":{"allow":["GET"]}}],"collection":[{"href":"https:\/\/sisu.ut.ee\/hambaravi5\/wp-json\/wp\/v2\/pages"}],"about":[{"href":"https:\/\/sisu.ut.ee\/hambaravi5\/wp-json\/wp\/v2\/types\/page"}],"author":[{"embeddable":true,"href":"https:\/\/sisu.ut.ee\/hambaravi5\/wp-json\/wp\/v2\/users\/12"}],"replies":[{"embeddable":true,"href":"https:\/\/sisu.ut.ee\/hambaravi5\/wp-json\/wp\/v2\/comments?post=57"}],"version-history":[{"count":2,"href":"https:\/\/sisu.ut.ee\/hambaravi5\/wp-json\/wp\/v2\/pages\/57\/revisions"}],"predecessor-version":[{"id":350,"href":"https:\/\/sisu.ut.ee\/hambaravi5\/wp-json\/wp\/v2\/pages\/57\/revisions\/350"}],"wp:attachment":[{"href":"https:\/\/sisu.ut.ee\/hambaravi5\/wp-json\/wp\/v2\/media?parent=57"}],"curies":[{"name":"wp","href":"https:\/\/api.w.org\/{rel}","templated":true}]}}