{"id":56,"date":"2024-04-04T01:59:44","date_gmt":"2024-04-03T22:59:44","guid":{"rendered":"https:\/\/sisu.ut.ee\/hambaravi5\/fluoriidide-tarvitamine\/"},"modified":"2024-04-11T16:44:37","modified_gmt":"2024-04-11T13:44:37","slug":"fluoriidide-tarvitamine","status":"publish","type":"page","link":"https:\/\/sisu.ut.ee\/hambaravi5\/fluoriidide-tarvitamine\/","title":{"rendered":"Fluoriidide tarvitamine"},"content":{"rendered":"<p>Teine oluline komponent kaariese ennetuses on <strong>hamba pinna (emaili) \u00a0tugevus<\/strong>, mis tagab kaitse mikroobide sissetungile.<\/p>\n<p><strong>Emaili paksus<\/strong> on suuresti geneetiliselt m\u00e4\u00e4ratud ja selle s\u00e4ilitamine s\u00f5ltub eluviisidest. N\u00e4iteks happeliste toodete sage tarbimine lahustab emaili, muutes selle \u00f5hemaks; vale hammaste harjamise tehnika v\u00f5i liiga tugev hambahari kulutab emaili.<\/p>\n<p><strong>Kaltsiumh\u00fcdroks\u00fcapatiit\u00a0 Ca<sub>10<\/sub>(PO<sub>4<\/sub>)<sub>6<\/sub>(OH)<sub>2<\/sub><\/strong>, mis on peamine hambaemaili koostiosa, ja annab <strong>emailile tugevuse<\/strong>, \u00a0kaotab mineraale kui<strong> pH hambakatus langeb alla 5,5<\/strong>.<\/p>\n<p>Sama emilipind, mis on rikastatud fluoori ioonidega (<strong>fluorapatiit Ca<sub>10<\/sub>(PO<sub>4<\/sub>)<sub>6<\/sub>F<sub>2<\/sub><\/strong>) on happelangusele tunduvalt \u00a0<strong>vastupidavam<\/strong> \u2013 mineraalide kadu algab alles siis, kui <strong>pH langeb madalamale kui 4.5.<\/strong><\/p>\n<p><img loading=\"lazy\" decoding=\"async\" width=\"600\" height=\"389\" class=\"alignnone wp-image-120 aligncenter\" style=\"margin-left: auto; margin-right: auto;\" title=\"joon37.png\" src=\"https:\/\/sisu.ut.ee\/wp-content\/uploads\/sites\/156\/joon37.png\" alt=\"joon37.png\" srcset=\"https:\/\/sisu.ut.ee\/wp-content\/uploads\/sites\/156\/joon37.png 600w, https:\/\/sisu.ut.ee\/wp-content\/uploads\/sites\/156\/joon37-300x195.png 300w\" sizes=\"auto, (max-width: 600px) 100vw, 600px\"><\/p>\n<h5>Allikas: <a href=\"http:\/\/kquinto.livejournal.com\/1794.html\" target=\"_blank\" rel=\"noopener\">http:\/\/kquinto.livejournal.com\/1794.html<\/a><\/h5>\n<p>Peamiseks fluoriidide allikaks on hamba <strong>arengu ajal joogivee fluoriidid <\/strong>(vaata l\u00e4hemalt: `Eesti joogivee fluoriidide sisaldus` <a href=\"https:\/\/sisu.ut.ee\/hambaravi5\/kaariese-levimus-eestis%20%20\">https:\/\/sisu.ut.ee\/hambaravi5\/kaariese-levimus-eestis) <\/a>\u00a0ja\u00a0 hiljem, <strong>hammaste suhul\u00f5ikumise j\u00e4rgselt<\/strong>, peamiselt lokaalselt manustatavad fluoriidid.<\/p>\n<p><strong>Parim tulemus<\/strong> saavutatakse <strong>regulaarselt fluoriididega<\/strong> hambapastat kasutades ja vajadusel lisa fluoriidide aplitseerimisel hambapinnale (fluorlakid, -geeelid jm). Viimaste kasutamise sagedus ja n\u00e4idustus s\u00f5ltub kaarieseriski m\u00e4\u00e4rast.<\/p>\n","protected":false},"excerpt":{"rendered":"<p>Teine oluline komponent kaariese ennetuses on hamba pinna (emaili) \u00a0tugevus, mis tagab kaitse mikroobide sissetungile. Emaili paksus on suuresti geneetiliselt m\u00e4\u00e4ratud ja selle s\u00e4ilitamine s\u00f5ltub eluviisidest. N\u00e4iteks happeliste toodete sage tarbimine lahustab emaili, muutes selle \u00f5hemaks; vale hammaste harjamise tehnika &#8230;<\/p>\n","protected":false},"author":12,"featured_media":0,"parent":0,"menu_order":0,"comment_status":"closed","ping_status":"closed","template":"","meta":{"_acf_changed":false,"inline_featured_image":false,"footnotes":""},"class_list":["post-56","page","type-page","status-publish","hentry"],"acf":[],"_links":{"self":[{"href":"https:\/\/sisu.ut.ee\/hambaravi5\/wp-json\/wp\/v2\/pages\/56","targetHints":{"allow":["GET"]}}],"collection":[{"href":"https:\/\/sisu.ut.ee\/hambaravi5\/wp-json\/wp\/v2\/pages"}],"about":[{"href":"https:\/\/sisu.ut.ee\/hambaravi5\/wp-json\/wp\/v2\/types\/page"}],"author":[{"embeddable":true,"href":"https:\/\/sisu.ut.ee\/hambaravi5\/wp-json\/wp\/v2\/users\/12"}],"replies":[{"embeddable":true,"href":"https:\/\/sisu.ut.ee\/hambaravi5\/wp-json\/wp\/v2\/comments?post=56"}],"version-history":[{"count":2,"href":"https:\/\/sisu.ut.ee\/hambaravi5\/wp-json\/wp\/v2\/pages\/56\/revisions"}],"predecessor-version":[{"id":341,"href":"https:\/\/sisu.ut.ee\/hambaravi5\/wp-json\/wp\/v2\/pages\/56\/revisions\/341"}],"wp:attachment":[{"href":"https:\/\/sisu.ut.ee\/hambaravi5\/wp-json\/wp\/v2\/media?parent=56"}],"curies":[{"name":"wp","href":"https:\/\/api.w.org\/{rel}","templated":true}]}}