{"id":54,"date":"2024-04-04T01:59:44","date_gmt":"2024-04-03T22:59:44","guid":{"rendered":"https:\/\/sisu.ut.ee\/hambaravi5\/hambakatu-mehaaniline-ja-keemiline-kontroll\/"},"modified":"2024-04-04T02:00:10","modified_gmt":"2024-04-03T23:00:10","slug":"hambakatu-mehaaniline-ja-keemiline-kontroll","status":"publish","type":"page","link":"https:\/\/sisu.ut.ee\/hambaravi5\/hambakatu-mehaaniline-ja-keemiline-kontroll\/","title":{"rendered":"Hambakatu mehaaniline ja keemiline kontroll"},"content":{"rendered":"<p>Kariogeensete mikroobide hulka on v\u00f5imalik kontrolli all hoida, kasutades t\u00f5husalt \u00f5igeid <strong>suuh\u00fcgieeniv\u00f5tteid<\/strong>. Siia alla kuuluvad:<\/p>\n<ul>\n<li><strong>hammaste harjamine<\/strong> \u2013 mehaaniline puhastamine v\u00e4hendab bakterite hulka hamba pinnal<\/li>\n<li>hammaste <strong>niiditamine v\u00f5i hambavaheharjade kasutamine<\/strong> \u2013 mehaaniline hambakatu eemaldamine kontaktpindadelt, kuhu hambaharjaga juurdep\u00e4\u00e4s puudub<\/li>\n<li><strong>suuloputusvahendite kasutamine<\/strong> \u2013 keemiline bakterite kontroll<\/li>\n<\/ul>\n<p><\/p><div class=\"accordion mb-3\">\n        <div class=\"accordion-item accordion-item--white\">\n        <h2 class=\"accordion-header\" id=\"accordion-69e7e6b44ad4d-heading\">\n            <button class=\"accordion-button collapsed\" type=\"button\" data-bs-toggle=\"collapse\" data-bs-target=\"#accordion-69e7e6b44ad4d-collapse\" aria-expanded=\"true\" aria-controls=\"accordion-69e7e6b44ad4d-collapse\">Vaata lisaks<\/button>\n        <\/h2>\n        <div id=\"accordion-69e7e6b44ad4d-collapse\" class=\"accordion-collapse collapse\" aria-labelledby=\"accordion-69e7e6b44ad4d-heading\">\n            <div class=\"accordion-body\">\n<ul>\n<li>Suuh\u00fcgieen (breketravi ajal):\u00a0<a style=\"background-color: #ffffff\" href=\"https:\/\/sisu.ut.ee\/breketravi\/avaleht\" target=\"_blank\" rel=\"noopener\">https:\/\/sisu.ut.ee\/breketravi\/avaleht<\/a><\/li>\n<li>Hammaste harjamise \u00f5petus:\u00a0<a style=\"background-color: #ffffff\" href=\"https:\/\/www.youtube.com\/watch?v=RF75s9ohLno\" target=\"_blank\" rel=\"noopener\">https:\/\/www.youtube.com\/watch?v=RF75s9ohLno<\/a><\/li>\n<li>Hammaste niiditamine:\u00a0<a style=\"background-color: #ffffff\" href=\"https:\/\/www.youtube.com\/watch?v=ZRHtimXCPEY\" target=\"_blank\" rel=\"noopener\">https:\/\/www.youtube.com\/watch?v=ZRHtimXCPEY<\/a><\/li>\n<\/ul>\n<p><\/p><\/div>\n        <\/div>\n        <\/div>\n    <\/div>\n","protected":false},"excerpt":{"rendered":"<p>Kariogeensete mikroobide hulka on v\u00f5imalik kontrolli all hoida, kasutades t\u00f5husalt \u00f5igeid suuh\u00fcgieeniv\u00f5tteid. Siia alla kuuluvad: hammaste harjamine \u2013 mehaaniline puhastamine v\u00e4hendab bakterite hulka hamba pinnal hammaste niiditamine v\u00f5i hambavaheharjade kasutamine \u2013 mehaaniline hambakatu eemaldamine kontaktpindadelt, kuhu hambaharjaga juurdep\u00e4\u00e4s puudub suuloputusvahendite &#8230;<\/p>\n","protected":false},"author":12,"featured_media":0,"parent":0,"menu_order":0,"comment_status":"closed","ping_status":"closed","template":"","meta":{"_acf_changed":false,"inline_featured_image":false,"footnotes":""},"class_list":["post-54","page","type-page","status-publish","hentry"],"acf":[],"_links":{"self":[{"href":"https:\/\/sisu.ut.ee\/hambaravi5\/wp-json\/wp\/v2\/pages\/54","targetHints":{"allow":["GET"]}}],"collection":[{"href":"https:\/\/sisu.ut.ee\/hambaravi5\/wp-json\/wp\/v2\/pages"}],"about":[{"href":"https:\/\/sisu.ut.ee\/hambaravi5\/wp-json\/wp\/v2\/types\/page"}],"author":[{"embeddable":true,"href":"https:\/\/sisu.ut.ee\/hambaravi5\/wp-json\/wp\/v2\/users\/12"}],"replies":[{"embeddable":true,"href":"https:\/\/sisu.ut.ee\/hambaravi5\/wp-json\/wp\/v2\/comments?post=54"}],"version-history":[{"count":1,"href":"https:\/\/sisu.ut.ee\/hambaravi5\/wp-json\/wp\/v2\/pages\/54\/revisions"}],"predecessor-version":[{"id":239,"href":"https:\/\/sisu.ut.ee\/hambaravi5\/wp-json\/wp\/v2\/pages\/54\/revisions\/239"}],"wp:attachment":[{"href":"https:\/\/sisu.ut.ee\/hambaravi5\/wp-json\/wp\/v2\/media?parent=54"}],"curies":[{"name":"wp","href":"https:\/\/api.w.org\/{rel}","templated":true}]}}