{"id":53,"date":"2024-04-04T01:59:44","date_gmt":"2024-04-03T22:59:44","guid":{"rendered":"https:\/\/sisu.ut.ee\/hambaravi5\/radioloogiline-uuring\/"},"modified":"2024-04-11T16:43:39","modified_gmt":"2024-04-11T13:43:39","slug":"radioloogiline-uuring","status":"publish","type":"page","link":"https:\/\/sisu.ut.ee\/hambaravi5\/radioloogiline-uuring\/","title":{"rendered":"Radioloogiline uuring"},"content":{"rendered":"<p>Radioloogiline (r\u00f6ntgenoloogiline) uuring on kaariese diagnoosimisel ja\/v\u00f5i kinnitamisel <strong>\u00fcks t\u00e4psemaid meetodeid.<\/strong> T\u00e4nap\u00e4evaselt kasutatav digitaalne radioloogia on \u00fclesv\u00f5tete kvaliteeti veelgi parandanud.<\/p>\n<p><strong>Interproksimaalse ja oklusaalpinna kaariese diagnoosimisel<\/strong> loetakse bitewing ehk k\u00fclg-tiib\u00fclesv\u00f5tet \u00fcheks k\u00f5ige usaldusv\u00e4\u00e4rsemaks diagnostiliseks vahendiks ja see peaks <strong>kuuluma korralise l\u00e4bivaatuse rutiinsete uuringute hulka.<\/strong><\/p>\n<table class=\"table table-hover\" style=\"width: 90%;\" border=\"1\" align=\"center\">\n<tbody>\n<tr>\n<td><strong><img loading=\"lazy\" decoding=\"async\" width=\"41\" height=\"100\" class=\"alignnone wp-image-91\" style=\"float: left; margin-left: 10px; margin-right: 10px;\" title=\"huuumark-pikk.png\" src=\"https:\/\/sisu.ut.ee\/wp-content\/uploads\/sites\/156\/huuumark-pikk-1.png\" alt=\"huuumark-pikk.png\">K\u00fclg-tiib\u00fclesv\u00f5te<\/strong>\u00a0annab meile infot interproksimaalse v\u00f5i oklusaalse kaariese olemasolust, laseb hinnata karioose protsessi ulatust, karioosse protsessi ja pulbi\u00a0 omavahelist suhet, pulbiruumi suurust, t\u00e4idiste marginaalset adaptatsiooni ehk servade vastavust (n\u00e4iteks t\u00e4idise \u00fclem\u00e4\u00e4ra), sekundaarset kaariest ja hambakivi.<\/td>\n<\/tr>\n<\/tbody>\n<\/table>\n<p><img loading=\"lazy\" decoding=\"async\" width=\"400\" height=\"300\" class=\"alignnone wp-image-118 aligncenter\" style=\"margin-left: auto; margin-right: auto;\" title=\"joon35.png\" src=\"https:\/\/sisu.ut.ee\/wp-content\/uploads\/sites\/156\/joon35.png\" alt=\"joon35.png\" srcset=\"https:\/\/sisu.ut.ee\/wp-content\/uploads\/sites\/156\/joon35.png 400w, https:\/\/sisu.ut.ee\/wp-content\/uploads\/sites\/156\/joon35-300x225.png 300w\" sizes=\"auto, (max-width: 400px) 100vw, 400px\"><\/p>\n<h5>R\u00f6ntgen\u00fclesv\u00f5ttel on n\u00e4ha hulgaliselt erinevas staadiumis kaarieskahjustusi, millest enamus oleks ainult visuaalsel vaatlusel j\u00e4\u00e4nud registreerimata. Mitmeid kahjustusi on h\u00fcgieeni t\u00f5hustamise ja dieedi korrigeerimisega v\u00f5imalik peatada (vaata j\u00e4rgmine peat\u00fckk <a href=\"https:\/\/sisu.ut.ee\/hambaravi5\/hambakaariese-ravi\">Hambakaariese ravi<\/a>). Allikas: R. Runnel erakogu.<\/h5>\n","protected":false},"excerpt":{"rendered":"<p>Radioloogiline (r\u00f6ntgenoloogiline) uuring on kaariese diagnoosimisel ja\/v\u00f5i kinnitamisel \u00fcks t\u00e4psemaid meetodeid. T\u00e4nap\u00e4evaselt kasutatav digitaalne radioloogia on \u00fclesv\u00f5tete kvaliteeti veelgi parandanud. Interproksimaalse ja oklusaalpinna kaariese diagnoosimisel loetakse bitewing ehk k\u00fclg-tiib\u00fclesv\u00f5tet \u00fcheks k\u00f5ige usaldusv\u00e4\u00e4rsemaks diagnostiliseks vahendiks ja see peaks kuuluma korralise l\u00e4bivaatuse &#8230;<\/p>\n","protected":false},"author":12,"featured_media":0,"parent":0,"menu_order":0,"comment_status":"closed","ping_status":"closed","template":"","meta":{"_acf_changed":false,"inline_featured_image":false,"footnotes":""},"class_list":["post-53","page","type-page","status-publish","hentry"],"acf":[],"_links":{"self":[{"href":"https:\/\/sisu.ut.ee\/hambaravi5\/wp-json\/wp\/v2\/pages\/53","targetHints":{"allow":["GET"]}}],"collection":[{"href":"https:\/\/sisu.ut.ee\/hambaravi5\/wp-json\/wp\/v2\/pages"}],"about":[{"href":"https:\/\/sisu.ut.ee\/hambaravi5\/wp-json\/wp\/v2\/types\/page"}],"author":[{"embeddable":true,"href":"https:\/\/sisu.ut.ee\/hambaravi5\/wp-json\/wp\/v2\/users\/12"}],"replies":[{"embeddable":true,"href":"https:\/\/sisu.ut.ee\/hambaravi5\/wp-json\/wp\/v2\/comments?post=53"}],"version-history":[{"count":2,"href":"https:\/\/sisu.ut.ee\/hambaravi5\/wp-json\/wp\/v2\/pages\/53\/revisions"}],"predecessor-version":[{"id":339,"href":"https:\/\/sisu.ut.ee\/hambaravi5\/wp-json\/wp\/v2\/pages\/53\/revisions\/339"}],"wp:attachment":[{"href":"https:\/\/sisu.ut.ee\/hambaravi5\/wp-json\/wp\/v2\/media?parent=53"}],"curies":[{"name":"wp","href":"https:\/\/api.w.org\/{rel}","templated":true}]}}