{"id":51,"date":"2024-04-04T01:59:44","date_gmt":"2024-04-03T22:59:44","guid":{"rendered":"https:\/\/sisu.ut.ee\/hambaravi5\/taktiilne-meetod\/"},"modified":"2024-04-04T02:00:09","modified_gmt":"2024-04-03T23:00:09","slug":"taktiilne-meetod","status":"publish","type":"page","link":"https:\/\/sisu.ut.ee\/hambaravi5\/taktiilne-meetod\/","title":{"rendered":"Taktiilne meetod"},"content":{"rendered":"<p>Taktiilsel meetodil, mida kasutatakse kahtluse korral visuaalsele lisaks, on peamiseks abivahendiks sond, mida <strong>libistatakse m\u00f6\u00f6da hambapinda<\/strong>, v\u00e4ltides tekkinud kahjustuse \u00f5rna, demineraliseerunud struktuuri kahjustamast. <strong>Sondi ei peeta<\/strong> enam ohutuks diagnostiliseks vahendiks, kuna \u00fclem\u00e4\u00e4rast r\u00f5hku avaldades on <strong>oht n\u00f5rgenenud demineraliseerunud emailiprismasid vigastada<\/strong> ja p\u00f5hjustada destruktsiooni.<\/p>\n<table class=\"table table-hover\" style=\"width: 90%\" border=\"1\" align=\"center\">\n<tbody>\n<tr>\n<td><strong><img loading=\"lazy\" decoding=\"async\" width=\"41\" height=\"41\" class=\"alignnone wp-image-79\" style=\"float: left;margin-left: 10px;margin-right: 10px\" src=\"https:\/\/sisu.ut.ee\/wp-content\/uploads\/sites\/156\/huuumark-2.png\" title=\"huuumark.png\" alt=\"huuumark.png\">Demineraliseerunud hambapind<\/strong> on sondiga m\u00f6\u00f6da pinda libistades <strong>eba\u00fchtlane ja kare<\/strong>, terve hambakude ja <strong>remineraliseerunud kahjustus <\/strong>aga <strong>siledad<\/strong>.\u00a0<\/td>\n<\/tr>\n<\/tbody>\n<\/table>\n<h5><img loading=\"lazy\" decoding=\"async\" width=\"600\" height=\"254\" class=\"alignnone wp-image-116\" style=\"margin-left: auto;margin-right: auto\" src=\"https:\/\/sisu.ut.ee\/wp-content\/uploads\/sites\/156\/joon33.png\" title=\"joon33.png\" alt=\"joon33.png\" srcset=\"https:\/\/sisu.ut.ee\/wp-content\/uploads\/sites\/156\/joon33.png 600w, https:\/\/sisu.ut.ee\/wp-content\/uploads\/sites\/156\/joon33-300x127.png 300w\" sizes=\"auto, (max-width: 600px) 100vw, 600px\"><\/h5>\n<h5>Fotodel on ekstraheeritud hammas enne ja p\u00e4rast eksperimentaalset sondeerimist \u2013 sond on dekaltsineerunud emailipinda vigastanud. Pind, mis soodsates oludes remineraliseeruks, on n\u00fc\u00fcd j\u00e4\u00e4davalt kahjustatud.\u00a0 Allikas: <a href=\"http:\/\/dentallecnotes.blogspot.com.ee\/2011\/07\/note-on-clinical-and-histological.html\" target=\"_blank\" rel=\"noopener\">http:\/\/dentallecnotes.blogspot.com.ee\/2011\/07\/note-on-clinical-and-histological.html<\/a><\/h5>\n","protected":false},"excerpt":{"rendered":"<p>Taktiilsel meetodil, mida kasutatakse kahtluse korral visuaalsele lisaks, on peamiseks abivahendiks sond, mida libistatakse m\u00f6\u00f6da hambapinda, v\u00e4ltides tekkinud kahjustuse \u00f5rna, demineraliseerunud struktuuri kahjustamast. Sondi ei peeta enam ohutuks diagnostiliseks vahendiks, kuna \u00fclem\u00e4\u00e4rast r\u00f5hku avaldades on oht n\u00f5rgenenud demineraliseerunud emailiprismasid vigastada &#8230;<\/p>\n","protected":false},"author":12,"featured_media":0,"parent":0,"menu_order":0,"comment_status":"closed","ping_status":"closed","template":"","meta":{"_acf_changed":false,"inline_featured_image":false,"footnotes":""},"class_list":["post-51","page","type-page","status-publish","hentry"],"acf":[],"_links":{"self":[{"href":"https:\/\/sisu.ut.ee\/hambaravi5\/wp-json\/wp\/v2\/pages\/51","targetHints":{"allow":["GET"]}}],"collection":[{"href":"https:\/\/sisu.ut.ee\/hambaravi5\/wp-json\/wp\/v2\/pages"}],"about":[{"href":"https:\/\/sisu.ut.ee\/hambaravi5\/wp-json\/wp\/v2\/types\/page"}],"author":[{"embeddable":true,"href":"https:\/\/sisu.ut.ee\/hambaravi5\/wp-json\/wp\/v2\/users\/12"}],"replies":[{"embeddable":true,"href":"https:\/\/sisu.ut.ee\/hambaravi5\/wp-json\/wp\/v2\/comments?post=51"}],"version-history":[{"count":1,"href":"https:\/\/sisu.ut.ee\/hambaravi5\/wp-json\/wp\/v2\/pages\/51\/revisions"}],"predecessor-version":[{"id":236,"href":"https:\/\/sisu.ut.ee\/hambaravi5\/wp-json\/wp\/v2\/pages\/51\/revisions\/236"}],"wp:attachment":[{"href":"https:\/\/sisu.ut.ee\/hambaravi5\/wp-json\/wp\/v2\/media?parent=51"}],"curies":[{"name":"wp","href":"https:\/\/api.w.org\/{rel}","templated":true}]}}