{"id":49,"date":"2024-04-04T01:59:44","date_gmt":"2024-04-03T22:59:44","guid":{"rendered":"https:\/\/sisu.ut.ee\/hambaravi5\/kokkuvote-1\/"},"modified":"2024-04-04T02:00:09","modified_gmt":"2024-04-03T23:00:09","slug":"kokkuvote-1","status":"publish","type":"page","link":"https:\/\/sisu.ut.ee\/hambaravi5\/kokkuvote-1\/","title":{"rendered":"Kokkuv\u00f5te"},"content":{"rendered":"<p>T\u00e4nap\u00e4evane hambaravi on suunatud haiguse ravile ja ennetusele, mitte tagaj\u00e4rgede likvideerimisele. Tuleb t\u00f5sta inimeste teadlikkust ja vastutust oma (suu) tervise eest.<\/p>\n<p>\u00dclemaailmne hambaarstide f\u00f5deratsioon (FDI) on koostanud deklaratsiooni <a href=\"http:\/\/www.fdiworldental.org\/media\/11275\/Minimal-intervention-in-the-management-of-dental-caries-2002.pdf%20\" target=\"_blank\" rel=\"noopener\">http:\/\/www.fdiworldental.org\/media\/11275\/Minimal-intervention-in-the-management-of-dental-caries-2002.pdf<\/a>), mille m\u00e4rks\u00f5naks on <strong>minimaalselt invasiivne sekkumine<\/strong>.<\/p>\n<table class=\"table table-hover\" style=\"width: 90%\" align=\"center\" border=\"1\">\n<tbody>\n<tr>\n<td>\n<p><img loading=\"lazy\" decoding=\"async\" width=\"41\" height=\"100\" class=\"alignnone wp-image-91\" style=\"float: left;margin: 10px\" src=\"https:\/\/sisu.ut.ee\/wp-content\/uploads\/sites\/156\/huuumark-pikk-1.png\" title=\"huuumark-pikk.png\" alt=\"huuumark-pikk.png\">Deklaratsiooni p\u00f5hipunktideks on:<\/p>\n<ul>\n<ul>\n<li><strong>infektsiooni kontroll<\/strong> l\u00e4bi hambakatu koosluse ja s\u00fcsivesikute tarvitamise<\/li>\n<li>patsiendi <strong>teavitamine<\/strong><\/li>\n<li>mitte-kaviteerunud kahjustuste <strong>remineralisatsioon<\/strong><\/li>\n<li>kaviteerunud kahjustuste <strong>minimaalselt operatiivne<\/strong> (ehk s\u00e4\u00e4stlik) ravi<\/li>\n<li>defektsete restauratsioonide parandamine<\/li>\n<\/ul>\n<\/ul>\n<\/td>\n<\/tr>\n<\/tbody>\n<\/table>\n","protected":false},"excerpt":{"rendered":"<p>T\u00e4nap\u00e4evane hambaravi on suunatud haiguse ravile ja ennetusele, mitte tagaj\u00e4rgede likvideerimisele. Tuleb t\u00f5sta inimeste teadlikkust ja vastutust oma (suu) tervise eest. \u00dclemaailmne hambaarstide f\u00f5deratsioon (FDI) on koostanud deklaratsiooni http:\/\/www.fdiworldental.org\/media\/11275\/Minimal-intervention-in-the-management-of-dental-caries-2002.pdf), mille m\u00e4rks\u00f5naks on minimaalselt invasiivne sekkumine. Deklaratsiooni p\u00f5hipunktideks on: infektsiooni kontroll &#8230;<\/p>\n","protected":false},"author":12,"featured_media":0,"parent":0,"menu_order":0,"comment_status":"closed","ping_status":"closed","template":"","meta":{"_acf_changed":false,"inline_featured_image":false,"footnotes":""},"class_list":["post-49","page","type-page","status-publish","hentry"],"acf":[],"_links":{"self":[{"href":"https:\/\/sisu.ut.ee\/hambaravi5\/wp-json\/wp\/v2\/pages\/49","targetHints":{"allow":["GET"]}}],"collection":[{"href":"https:\/\/sisu.ut.ee\/hambaravi5\/wp-json\/wp\/v2\/pages"}],"about":[{"href":"https:\/\/sisu.ut.ee\/hambaravi5\/wp-json\/wp\/v2\/types\/page"}],"author":[{"embeddable":true,"href":"https:\/\/sisu.ut.ee\/hambaravi5\/wp-json\/wp\/v2\/users\/12"}],"replies":[{"embeddable":true,"href":"https:\/\/sisu.ut.ee\/hambaravi5\/wp-json\/wp\/v2\/comments?post=49"}],"version-history":[{"count":1,"href":"https:\/\/sisu.ut.ee\/hambaravi5\/wp-json\/wp\/v2\/pages\/49\/revisions"}],"predecessor-version":[{"id":234,"href":"https:\/\/sisu.ut.ee\/hambaravi5\/wp-json\/wp\/v2\/pages\/49\/revisions\/234"}],"wp:attachment":[{"href":"https:\/\/sisu.ut.ee\/hambaravi5\/wp-json\/wp\/v2\/media?parent=49"}],"curies":[{"name":"wp","href":"https:\/\/api.w.org\/{rel}","templated":true}]}}