{"id":48,"date":"2024-04-04T01:59:44","date_gmt":"2024-04-03T22:59:44","guid":{"rendered":"https:\/\/sisu.ut.ee\/hambaravi5\/operatiivne-ravi\/"},"modified":"2024-04-11T16:44:55","modified_gmt":"2024-04-11T13:44:55","slug":"operatiivne-ravi","status":"publish","type":"page","link":"https:\/\/sisu.ut.ee\/hambaravi5\/operatiivne-ravi\/","title":{"rendered":"Operatiivne ravi"},"content":{"rendered":"<p>Operatiivselt ravitakse enamust kaarieskahjustusi, millel on tekkinud destruktsioon \u2013 kaviteet.<\/p>\n<table class=\"table table-hover\" style=\"width: 90%;\" border=\"1\" align=\"center\">\n<tbody>\n<tr>\n<td><strong><img loading=\"lazy\" decoding=\"async\" width=\"41\" height=\"100\" class=\"alignnone wp-image-91\" style=\"float: left; margin-left: 10px; margin-right: 10px;\" title=\"huuumark-pikk.png\" src=\"https:\/\/sisu.ut.ee\/wp-content\/uploads\/sites\/156\/huuumark-pikk-1.png\" alt=\"huuumark-pikk.png\">Operatiivne ravi\u00a0<\/strong>seisneb karioosse koe eemaldamises, kaviteedi kujundamises ja kaotatud hambakoe asendamises t\u00e4idismaterjaliga.\n<p>Operatiivne ravi\u00a0<strong>ei k\u00f5rvalda haiguse p\u00f5hjust<\/strong>\u00a0vaid ainult taastab kahjustunud koed.<\/p><\/td>\n<\/tr>\n<\/tbody>\n<\/table>\n<p>Seoses t\u00e4idismaterjalide paranenud omadustega on restauratiivne ravi muutunud <strong>s\u00e4\u00e4stlikumaks<\/strong>. Kuldreegel hamba restaureerimisel k\u00f5lab: <strong>kudesid eemaldada nii v\u00e4he kui v\u00f5imalik ja nii palju kui vajalik.<\/strong><\/p>\n<p><img loading=\"lazy\" decoding=\"async\" width=\"400\" height=\"266\" class=\"alignnone wp-image-114 aligncenter\" style=\"margin-left: auto; margin-right: auto;\" title=\"joon38.png\" src=\"https:\/\/sisu.ut.ee\/wp-content\/uploads\/sites\/156\/joon38.png\" alt=\"joon38.png\" srcset=\"https:\/\/sisu.ut.ee\/wp-content\/uploads\/sites\/156\/joon38.png 400w, https:\/\/sisu.ut.ee\/wp-content\/uploads\/sites\/156\/joon38-300x200.png 300w\" sizes=\"auto, (max-width: 400px) 100vw, 400px\"><\/p>\n<h5>Allikas: <a href=\"http:\/\/www.intensiv.ch\/prodotti\/intensiv-minimal-invasiv-prep-set\/\" target=\"_blank\" rel=\"noopener\">http:\/\/www.intensiv.ch\/prodotti\/intensiv-minimal-invasiv-prep-set<\/a>\/<\/h5>\n","protected":false},"excerpt":{"rendered":"<p>Operatiivselt ravitakse enamust kaarieskahjustusi, millel on tekkinud destruktsioon \u2013 kaviteet. Operatiivne ravi\u00a0seisneb karioosse koe eemaldamises, kaviteedi kujundamises ja kaotatud hambakoe asendamises t\u00e4idismaterjaliga. Operatiivne ravi\u00a0ei k\u00f5rvalda haiguse p\u00f5hjust\u00a0vaid ainult taastab kahjustunud koed. Seoses t\u00e4idismaterjalide paranenud omadustega on restauratiivne ravi muutunud s\u00e4\u00e4stlikumaks. &#8230;<\/p>\n","protected":false},"author":12,"featured_media":0,"parent":0,"menu_order":0,"comment_status":"closed","ping_status":"closed","template":"","meta":{"_acf_changed":false,"inline_featured_image":false,"footnotes":""},"class_list":["post-48","page","type-page","status-publish","hentry"],"acf":[],"_links":{"self":[{"href":"https:\/\/sisu.ut.ee\/hambaravi5\/wp-json\/wp\/v2\/pages\/48","targetHints":{"allow":["GET"]}}],"collection":[{"href":"https:\/\/sisu.ut.ee\/hambaravi5\/wp-json\/wp\/v2\/pages"}],"about":[{"href":"https:\/\/sisu.ut.ee\/hambaravi5\/wp-json\/wp\/v2\/types\/page"}],"author":[{"embeddable":true,"href":"https:\/\/sisu.ut.ee\/hambaravi5\/wp-json\/wp\/v2\/users\/12"}],"replies":[{"embeddable":true,"href":"https:\/\/sisu.ut.ee\/hambaravi5\/wp-json\/wp\/v2\/comments?post=48"}],"version-history":[{"count":2,"href":"https:\/\/sisu.ut.ee\/hambaravi5\/wp-json\/wp\/v2\/pages\/48\/revisions"}],"predecessor-version":[{"id":342,"href":"https:\/\/sisu.ut.ee\/hambaravi5\/wp-json\/wp\/v2\/pages\/48\/revisions\/342"}],"wp:attachment":[{"href":"https:\/\/sisu.ut.ee\/hambaravi5\/wp-json\/wp\/v2\/media?parent=48"}],"curies":[{"name":"wp","href":"https:\/\/api.w.org\/{rel}","templated":true}]}}