{"id":47,"date":"2024-04-04T01:59:44","date_gmt":"2024-04-03T22:59:44","guid":{"rendered":"https:\/\/sisu.ut.ee\/hambaravi5\/mitte-operatiivne-ravi\/"},"modified":"2024-04-04T02:00:09","modified_gmt":"2024-04-03T23:00:09","slug":"mitte-operatiivne-ravi","status":"publish","type":"page","link":"https:\/\/sisu.ut.ee\/hambaravi5\/mitte-operatiivne-ravi\/","title":{"rendered":"Mitte-operatiivne ravi"},"content":{"rendered":"<p>Mitte-operatiivne ravi sobib <strong>algusj\u00e4rgus olevate karioossete kahjustuste raviks<\/strong>. Seisukohad mitte-operatiivse raviotsuse tegemisel on v\u00e4ga erinevad ja s\u00f5ltuvad koolkonnast ning eesk\u00e4tt \u00fcldistest riskifaktoritest ning inimese koost\u00f6\u00f6valmidusest.<\/p>\n<p><strong>Mitte-operatiivne ravi on suunatud algava kahjustuse peatamisele ja remineraliseerumisele<\/strong>, sisaldades k\u00f5iki ennetuse meetodeid ja hambapinna tugevdamist \u2013 peamiselt fluoroteraapiaga, kuid ka teiste mineraalidega.<\/p>\n<p>Uuringud on n\u00e4idanud, et k\u00e4itumise muutuse ja mineraliseeriva raviga on v\u00f5imalik edukalt <strong>peatada kahjustusi, mis ulatuvad kuni 1\/3 dentiinis\u00fcgavusest.<\/strong> \u00a0Mitte-operatiivne ravi vajab head patsiendi ja arsti vahelist\u00a0 koost\u00f6\u00f6d ning edasist j\u00e4lgimist ja on prognostiliselt hea tulemusega.\u00a0<\/p>\n","protected":false},"excerpt":{"rendered":"<p>Mitte-operatiivne ravi sobib algusj\u00e4rgus olevate karioossete kahjustuste raviks. Seisukohad mitte-operatiivse raviotsuse tegemisel on v\u00e4ga erinevad ja s\u00f5ltuvad koolkonnast ning eesk\u00e4tt \u00fcldistest riskifaktoritest ning inimese koost\u00f6\u00f6valmidusest. Mitte-operatiivne ravi on suunatud algava kahjustuse peatamisele ja remineraliseerumisele, sisaldades k\u00f5iki ennetuse meetodeid ja hambapinna &#8230;<\/p>\n","protected":false},"author":12,"featured_media":0,"parent":0,"menu_order":0,"comment_status":"closed","ping_status":"closed","template":"","meta":{"_acf_changed":false,"inline_featured_image":false,"footnotes":""},"class_list":["post-47","page","type-page","status-publish","hentry"],"acf":[],"_links":{"self":[{"href":"https:\/\/sisu.ut.ee\/hambaravi5\/wp-json\/wp\/v2\/pages\/47","targetHints":{"allow":["GET"]}}],"collection":[{"href":"https:\/\/sisu.ut.ee\/hambaravi5\/wp-json\/wp\/v2\/pages"}],"about":[{"href":"https:\/\/sisu.ut.ee\/hambaravi5\/wp-json\/wp\/v2\/types\/page"}],"author":[{"embeddable":true,"href":"https:\/\/sisu.ut.ee\/hambaravi5\/wp-json\/wp\/v2\/users\/12"}],"replies":[{"embeddable":true,"href":"https:\/\/sisu.ut.ee\/hambaravi5\/wp-json\/wp\/v2\/comments?post=47"}],"version-history":[{"count":1,"href":"https:\/\/sisu.ut.ee\/hambaravi5\/wp-json\/wp\/v2\/pages\/47\/revisions"}],"predecessor-version":[{"id":232,"href":"https:\/\/sisu.ut.ee\/hambaravi5\/wp-json\/wp\/v2\/pages\/47\/revisions\/232"}],"wp:attachment":[{"href":"https:\/\/sisu.ut.ee\/hambaravi5\/wp-json\/wp\/v2\/media?parent=47"}],"curies":[{"name":"wp","href":"https:\/\/api.w.org\/{rel}","templated":true}]}}