{"id":46,"date":"2024-04-04T01:59:43","date_gmt":"2024-04-03T22:59:43","guid":{"rendered":"https:\/\/sisu.ut.ee\/hambaravi5\/kaariese-ennetus\/"},"modified":"2024-04-04T02:00:10","modified_gmt":"2024-04-03T23:00:10","slug":"kaariese-ennetus","status":"publish","type":"page","link":"https:\/\/sisu.ut.ee\/hambaravi5\/kaariese-ennetus\/","title":{"rendered":"Kaariese ennetus"},"content":{"rendered":"<p>Kaariese ennetus on hambaarsti ja patsiendi koost\u00f6\u00f6 tulemus, kus kaarieskahjustuse teket \u00f5nnestub ennetada v\u00f5i avastatakse see v\u00f5imalikult varases j\u00e4rgus ja mitte-operatiivse raviga saab \u00e4ra hoida kaviteeedi tekkimise.<\/p>\n<table class=\"table table-hover\" style=\"width: 90%\" border=\"1\" align=\"center\">\n<tbody>\n<tr>\n<td>\n<p><strong><img loading=\"lazy\" decoding=\"async\" width=\"41\" height=\"100\" class=\"alignnone wp-image-91\" style=\"float: left;margin-left: 10px;margin-right: 10px\" src=\"https:\/\/sisu.ut.ee\/wp-content\/uploads\/sites\/156\/huuumark-pikk-1.png\" title=\"huuumark-pikk.png\" alt=\"huuumark-pikk.png\">Hambakaariese ennetuses on kaks peamist meetodit<\/strong>:<\/p>\n<ul>\n<ul>\n<li>patogeenide kasvu ja metabolismi <strong>p\u00e4rssimine<\/strong><\/li>\n<li>hambapinna resistentsuse ehk <strong style=\"line-height: 21px;background-color: transparent\">vastupanu t\u00f5stmine<\/strong> demineralisatsiooniprotsessile<\/li>\n<\/ul>\n<\/ul>\n<\/td>\n<\/tr>\n<\/tbody>\n<\/table>\n","protected":false},"excerpt":{"rendered":"<p>Kaariese ennetus on hambaarsti ja patsiendi koost\u00f6\u00f6 tulemus, kus kaarieskahjustuse teket \u00f5nnestub ennetada v\u00f5i avastatakse see v\u00f5imalikult varases j\u00e4rgus ja mitte-operatiivse raviga saab \u00e4ra hoida kaviteeedi tekkimise. Hambakaariese ennetuses on kaks peamist meetodit: patogeenide kasvu ja metabolismi p\u00e4rssimine hambapinna resistentsuse &#8230;<\/p>\n","protected":false},"author":12,"featured_media":0,"parent":0,"menu_order":0,"comment_status":"closed","ping_status":"closed","template":"","meta":{"_acf_changed":false,"inline_featured_image":false,"footnotes":""},"class_list":["post-46","page","type-page","status-publish","hentry"],"acf":[],"_links":{"self":[{"href":"https:\/\/sisu.ut.ee\/hambaravi5\/wp-json\/wp\/v2\/pages\/46","targetHints":{"allow":["GET"]}}],"collection":[{"href":"https:\/\/sisu.ut.ee\/hambaravi5\/wp-json\/wp\/v2\/pages"}],"about":[{"href":"https:\/\/sisu.ut.ee\/hambaravi5\/wp-json\/wp\/v2\/types\/page"}],"author":[{"embeddable":true,"href":"https:\/\/sisu.ut.ee\/hambaravi5\/wp-json\/wp\/v2\/users\/12"}],"replies":[{"embeddable":true,"href":"https:\/\/sisu.ut.ee\/hambaravi5\/wp-json\/wp\/v2\/comments?post=46"}],"version-history":[{"count":1,"href":"https:\/\/sisu.ut.ee\/hambaravi5\/wp-json\/wp\/v2\/pages\/46\/revisions"}],"predecessor-version":[{"id":262,"href":"https:\/\/sisu.ut.ee\/hambaravi5\/wp-json\/wp\/v2\/pages\/46\/revisions\/262"}],"wp:attachment":[{"href":"https:\/\/sisu.ut.ee\/hambaravi5\/wp-json\/wp\/v2\/media?parent=46"}],"curies":[{"name":"wp","href":"https:\/\/api.w.org\/{rel}","templated":true}]}}