{"id":45,"date":"2024-04-04T01:59:43","date_gmt":"2024-04-03T22:59:43","guid":{"rendered":"https:\/\/sisu.ut.ee\/hambaravi5\/hambakaariese-ravi\/"},"modified":"2024-04-04T02:00:10","modified_gmt":"2024-04-03T23:00:10","slug":"hambakaariese-ravi","status":"publish","type":"page","link":"https:\/\/sisu.ut.ee\/hambaravi5\/hambakaariese-ravi\/","title":{"rendered":"Hambakaariese ravi"},"content":{"rendered":"<p>Hambakaariese <strong>v\u00e4ltimiseks ja kontrolli all hoidmiseks<\/strong> on mitmeid v\u00f5imalusi, kontrollides kaariese peamiseid tekkep\u00f5hjuseid\u00a0 (vaata l\u00e4hemalt: <a href=\"https:\/\/sisu.ut.ee\/hambaravi5\/kaariese-etioloogilised-faktorid\">Kaariese etioloogilised faktorid<\/a>)<\/p>\n<p><strong>Kaariese ravi sisaldab<\/strong> preventiivseid ehk ennetavaid meetodeid, infektsiooni kontrolli alla saamist ajutiste t\u00e4idistega ja\/v\u00f5i dieediga ning restauratiivset ravi p\u00fcsit\u00e4idistega ja vajadusel hilisemat proteetilist lahendust.<\/p>\n<table class=\"table table-hover\" style=\"width: 90%\" align=\"center\" border=\"1\">\n<tbody>\n<tr>\n<td>\n<p><img loading=\"lazy\" decoding=\"async\" width=\"41\" height=\"100\" class=\"alignnone wp-image-91\" style=\"float: left;margin-left: 10px;margin-right: 10px\" src=\"https:\/\/sisu.ut.ee\/wp-content\/uploads\/sites\/156\/huuumark-pikk-1.png\" title=\"huuumark-pikk.png\" alt=\"huuumark-pikk.png\"><strong>Kariese ravi<\/strong> koosneb kolmest meetodist:<\/p>\n<ul>\n<ul>\n<li><strong>preventsioon<\/strong> ehk ennetus<\/li>\n<li><strong>mitte-operatiivne<\/strong> ehk konservatiivne ravi<\/li>\n<li><strong>operatiivne<\/strong> ravi<\/li>\n<\/ul>\n<\/ul>\n<\/td>\n<\/tr>\n<\/tbody>\n<\/table>\n","protected":false},"excerpt":{"rendered":"<p>Hambakaariese v\u00e4ltimiseks ja kontrolli all hoidmiseks on mitmeid v\u00f5imalusi, kontrollides kaariese peamiseid tekkep\u00f5hjuseid\u00a0 (vaata l\u00e4hemalt: Kaariese etioloogilised faktorid) Kaariese ravi sisaldab preventiivseid ehk ennetavaid meetodeid, infektsiooni kontrolli alla saamist ajutiste t\u00e4idistega ja\/v\u00f5i dieediga ning restauratiivset ravi p\u00fcsit\u00e4idistega ja vajadusel hilisemat &#8230;<\/p>\n","protected":false},"author":12,"featured_media":0,"parent":0,"menu_order":0,"comment_status":"closed","ping_status":"closed","template":"","meta":{"_acf_changed":false,"inline_featured_image":false,"footnotes":""},"class_list":["post-45","page","type-page","status-publish","hentry"],"acf":[],"_links":{"self":[{"href":"https:\/\/sisu.ut.ee\/hambaravi5\/wp-json\/wp\/v2\/pages\/45","targetHints":{"allow":["GET"]}}],"collection":[{"href":"https:\/\/sisu.ut.ee\/hambaravi5\/wp-json\/wp\/v2\/pages"}],"about":[{"href":"https:\/\/sisu.ut.ee\/hambaravi5\/wp-json\/wp\/v2\/types\/page"}],"author":[{"embeddable":true,"href":"https:\/\/sisu.ut.ee\/hambaravi5\/wp-json\/wp\/v2\/users\/12"}],"replies":[{"embeddable":true,"href":"https:\/\/sisu.ut.ee\/hambaravi5\/wp-json\/wp\/v2\/comments?post=45"}],"version-history":[{"count":1,"href":"https:\/\/sisu.ut.ee\/hambaravi5\/wp-json\/wp\/v2\/pages\/45\/revisions"}],"predecessor-version":[{"id":261,"href":"https:\/\/sisu.ut.ee\/hambaravi5\/wp-json\/wp\/v2\/pages\/45\/revisions\/261"}],"wp:attachment":[{"href":"https:\/\/sisu.ut.ee\/hambaravi5\/wp-json\/wp\/v2\/media?parent=45"}],"curies":[{"name":"wp","href":"https:\/\/api.w.org\/{rel}","templated":true}]}}