{"id":44,"date":"2024-04-04T01:59:43","date_gmt":"2024-04-03T22:59:43","guid":{"rendered":"https:\/\/sisu.ut.ee\/hambaravi5\/kaariese-diagnoosimine\/"},"modified":"2024-04-04T02:00:10","modified_gmt":"2024-04-03T23:00:10","slug":"kaariese-diagnoosimine","status":"publish","type":"page","link":"https:\/\/sisu.ut.ee\/hambaravi5\/kaariese-diagnoosimine\/","title":{"rendered":"Kaariese diagnoosimine"},"content":{"rendered":"<p>Nii kaariese diagnoosimises kui ravis on toimunud suured muutused. Varasema, kuni 1980ndate aastateni, valitseva p\u00f5him\u00f5tte \u201cpuuri ja t\u00e4ida\u201d (tuletatud inglisekeelsest \u201c<em>drill and fill<\/em>\u201c) asemel p\u00f6\u00f6ratakse n\u00fc\u00fcd enam t\u00e4helepanu ennetusele ja infektsiooni kontrolli alla saamisele, et edasiseid kahjustusi v\u00e4ltida.<\/p>\n","protected":false},"excerpt":{"rendered":"<p>Nii kaariese diagnoosimises kui ravis on toimunud suured muutused. Varasema, kuni 1980ndate aastateni, valitseva p\u00f5him\u00f5tte \u201cpuuri ja t\u00e4ida\u201d (tuletatud inglisekeelsest \u201cdrill and fill\u201c) asemel p\u00f6\u00f6ratakse n\u00fc\u00fcd enam t\u00e4helepanu ennetusele ja infektsiooni kontrolli alla saamisele, et edasiseid kahjustusi v\u00e4ltida.<\/p>\n","protected":false},"author":12,"featured_media":0,"parent":0,"menu_order":0,"comment_status":"closed","ping_status":"closed","template":"","meta":{"_acf_changed":false,"inline_featured_image":false,"footnotes":""},"class_list":["post-44","page","type-page","status-publish","hentry"],"acf":[],"_links":{"self":[{"href":"https:\/\/sisu.ut.ee\/hambaravi5\/wp-json\/wp\/v2\/pages\/44","targetHints":{"allow":["GET"]}}],"collection":[{"href":"https:\/\/sisu.ut.ee\/hambaravi5\/wp-json\/wp\/v2\/pages"}],"about":[{"href":"https:\/\/sisu.ut.ee\/hambaravi5\/wp-json\/wp\/v2\/types\/page"}],"author":[{"embeddable":true,"href":"https:\/\/sisu.ut.ee\/hambaravi5\/wp-json\/wp\/v2\/users\/12"}],"replies":[{"embeddable":true,"href":"https:\/\/sisu.ut.ee\/hambaravi5\/wp-json\/wp\/v2\/comments?post=44"}],"version-history":[{"count":1,"href":"https:\/\/sisu.ut.ee\/hambaravi5\/wp-json\/wp\/v2\/pages\/44\/revisions"}],"predecessor-version":[{"id":260,"href":"https:\/\/sisu.ut.ee\/hambaravi5\/wp-json\/wp\/v2\/pages\/44\/revisions\/260"}],"wp:attachment":[{"href":"https:\/\/sisu.ut.ee\/hambaravi5\/wp-json\/wp\/v2\/media?parent=44"}],"curies":[{"name":"wp","href":"https:\/\/api.w.org\/{rel}","templated":true}]}}