{"id":43,"date":"2024-04-04T01:59:43","date_gmt":"2024-04-03T22:59:43","guid":{"rendered":"https:\/\/sisu.ut.ee\/hambaravi5\/hulgikaaries\/"},"modified":"2024-04-11T16:42:38","modified_gmt":"2024-04-11T13:42:38","slug":"hulgikaaries","status":"publish","type":"page","link":"https:\/\/sisu.ut.ee\/hambaravi5\/hulgikaaries\/","title":{"rendered":"Hulgikaaries"},"content":{"rendered":"<p><strong>Hulgikaariese<\/strong> puhul esineb samal patsiendil hulgaliselt aktiivseid kaarieskahjustusi, seda isegi neil hammastel ja pindadel, kus kaaries harilikult ei arene. Sellel vormil on enamasti kaasnev riskitegur, mille j\u00e4rgi seda nimetatakse: lutipudelikaaries, radiatsioonkaaries, ravimitest p\u00f5hjustatud kaaries jne.<\/p>\n<p><img loading=\"lazy\" decoding=\"async\" width=\"400\" height=\"266\" class=\"alignnone wp-image-113 aligncenter\" style=\"margin-left: auto; margin-right: auto;\" title=\"joon31.png\" src=\"https:\/\/sisu.ut.ee\/wp-content\/uploads\/sites\/156\/joon31.png\" alt=\"joon31.png\" srcset=\"https:\/\/sisu.ut.ee\/wp-content\/uploads\/sites\/156\/joon31.png 400w, https:\/\/sisu.ut.ee\/wp-content\/uploads\/sites\/156\/joon31-300x200.png 300w\" sizes=\"auto, (max-width: 400px) 100vw, 400px\"><\/p>\n<h5>Fotol on 9-aastane laps, kelle k\u00f5ik suus olevad piimahambad (kaniinid ja piimamolaarid) on kaarieskahjustustega; suhul\u00f5ikunud j\u00e4\u00e4vhambad (intsisiivid ja esimesed molaarid) on kaetud hambakatuga. Allikas: Saag jt Ks\u00fclitooliuuring Tartu \u00dclikooli Stomatoloogia kliinikus.<\/h5>\n","protected":false},"excerpt":{"rendered":"<p>Hulgikaariese puhul esineb samal patsiendil hulgaliselt aktiivseid kaarieskahjustusi, seda isegi neil hammastel ja pindadel, kus kaaries harilikult ei arene. Sellel vormil on enamasti kaasnev riskitegur, mille j\u00e4rgi seda nimetatakse: lutipudelikaaries, radiatsioonkaaries, ravimitest p\u00f5hjustatud kaaries jne. Fotol on 9-aastane laps, kelle &#8230;<\/p>\n","protected":false},"author":12,"featured_media":0,"parent":0,"menu_order":0,"comment_status":"closed","ping_status":"closed","template":"","meta":{"_acf_changed":false,"inline_featured_image":false,"footnotes":""},"class_list":["post-43","page","type-page","status-publish","hentry"],"acf":[],"_links":{"self":[{"href":"https:\/\/sisu.ut.ee\/hambaravi5\/wp-json\/wp\/v2\/pages\/43","targetHints":{"allow":["GET"]}}],"collection":[{"href":"https:\/\/sisu.ut.ee\/hambaravi5\/wp-json\/wp\/v2\/pages"}],"about":[{"href":"https:\/\/sisu.ut.ee\/hambaravi5\/wp-json\/wp\/v2\/types\/page"}],"author":[{"embeddable":true,"href":"https:\/\/sisu.ut.ee\/hambaravi5\/wp-json\/wp\/v2\/users\/12"}],"replies":[{"embeddable":true,"href":"https:\/\/sisu.ut.ee\/hambaravi5\/wp-json\/wp\/v2\/comments?post=43"}],"version-history":[{"count":2,"href":"https:\/\/sisu.ut.ee\/hambaravi5\/wp-json\/wp\/v2\/pages\/43\/revisions"}],"predecessor-version":[{"id":336,"href":"https:\/\/sisu.ut.ee\/hambaravi5\/wp-json\/wp\/v2\/pages\/43\/revisions\/336"}],"wp:attachment":[{"href":"https:\/\/sisu.ut.ee\/hambaravi5\/wp-json\/wp\/v2\/media?parent=43"}],"curies":[{"name":"wp","href":"https:\/\/api.w.org\/{rel}","templated":true}]}}