{"id":41,"date":"2024-04-04T01:59:43","date_gmt":"2024-04-03T22:59:43","guid":{"rendered":"https:\/\/sisu.ut.ee\/hambaravi5\/sumptomatoloogiline-kaariese-klassifikatsioon\/"},"modified":"2024-04-11T16:42:07","modified_gmt":"2024-04-11T13:42:07","slug":"sumptomatoloogiline-kaariese-klassifikatsioon","status":"publish","type":"page","link":"https:\/\/sisu.ut.ee\/hambaravi5\/sumptomatoloogiline-kaariese-klassifikatsioon\/","title":{"rendered":"S\u00fcmptomatoloogiline kaariese klassifikatsioon"},"content":{"rendered":"<p><strong>Algav kaaries<\/strong> emailis, mis on enamasti <strong>as\u00fcmptomaatiline<\/strong>, varieerudes piimjasvalgest kuni tumepruuni v\u00e4rvuseni.<\/p>\n<p>Edasiarenenud, <strong>s\u00fcgavam kahjustus<\/strong> p\u00f5hjustab <strong>paikset reaktsiooni v\u00e4lis\u00e4rritajatele<\/strong>. Patsient oskab kahjustust lokaliseerida ja seostada kindla piirkonnaga. Vastus v\u00f5ib tekkida nii <strong>mehhaanilisel<\/strong> stimulatsioonil (harjamine, m\u00e4lumine) kui<strong> keemilisel<\/strong> stimulatsioonil (peamiselt magusale ja hapule, kusjuures valu kestab pikemalt) ning vastuseks <strong>termilisele<\/strong> \u00e4rritajale.<\/p>\n<p>Kui protsess ulatub <strong>pulbini<\/strong>, siis eristatakse s\u00fcmptomaatiliselt omakorda kas<strong> p\u00f6\u00f6rduvat<\/strong> (<em>reversiibel<\/em>) v\u00f5i <strong>p\u00f6\u00f6rdumatut<\/strong> (<em>irrerversiibel<\/em>) pulbi kahjustust.<\/p>\n<p><img loading=\"lazy\" decoding=\"async\" width=\"400\" height=\"300\" class=\"alignnone wp-image-111 aligncenter\" style=\"margin-left: auto; margin-right: auto;\" title=\"joon39.png\" src=\"https:\/\/sisu.ut.ee\/wp-content\/uploads\/sites\/156\/joon39.png\" alt=\"joon39.png\" srcset=\"https:\/\/sisu.ut.ee\/wp-content\/uploads\/sites\/156\/joon39.png 400w, https:\/\/sisu.ut.ee\/wp-content\/uploads\/sites\/156\/joon39-300x225.png 300w\" sizes=\"auto, (max-width: 400px) 100vw, 400px\"><\/p>\n<h5>R\u00f6ntgen\u00fclesv\u00f5ttel on n\u00e4ha s\u00fcgav, pulbi\u00f5\u00f5neni ulatuv kahjustus. Hammas vajab enne hambakrooni restauratsiooni ka juureravi. Alumisel vasakpoolsel fotol on hammas karioose koe eemaldamise j\u00e4rgselt; alumisel parempoolsel fotol avatud pulbi\u00f5\u00f5s.\u00a0 Allikas:\u00a0<a href=\"http:\/\/www.dentalindia.com\/ipap.html#.Vqsw8FKctvU\" target=\"_blank\" rel=\"noopener\">http:\/\/www.dentalindia.com\/ipap.html#.Vqsw8FKctvU<\/a><\/h5>\n","protected":false},"excerpt":{"rendered":"<p>Algav kaaries emailis, mis on enamasti as\u00fcmptomaatiline, varieerudes piimjasvalgest kuni tumepruuni v\u00e4rvuseni. Edasiarenenud, s\u00fcgavam kahjustus p\u00f5hjustab paikset reaktsiooni v\u00e4lis\u00e4rritajatele. Patsient oskab kahjustust lokaliseerida ja seostada kindla piirkonnaga. Vastus v\u00f5ib tekkida nii mehhaanilisel stimulatsioonil (harjamine, m\u00e4lumine) kui keemilisel stimulatsioonil (peamiselt magusale &#8230;<\/p>\n","protected":false},"author":12,"featured_media":0,"parent":0,"menu_order":0,"comment_status":"closed","ping_status":"closed","template":"","meta":{"_acf_changed":false,"inline_featured_image":false,"footnotes":""},"class_list":["post-41","page","type-page","status-publish","hentry"],"acf":[],"_links":{"self":[{"href":"https:\/\/sisu.ut.ee\/hambaravi5\/wp-json\/wp\/v2\/pages\/41","targetHints":{"allow":["GET"]}}],"collection":[{"href":"https:\/\/sisu.ut.ee\/hambaravi5\/wp-json\/wp\/v2\/pages"}],"about":[{"href":"https:\/\/sisu.ut.ee\/hambaravi5\/wp-json\/wp\/v2\/types\/page"}],"author":[{"embeddable":true,"href":"https:\/\/sisu.ut.ee\/hambaravi5\/wp-json\/wp\/v2\/users\/12"}],"replies":[{"embeddable":true,"href":"https:\/\/sisu.ut.ee\/hambaravi5\/wp-json\/wp\/v2\/comments?post=41"}],"version-history":[{"count":2,"href":"https:\/\/sisu.ut.ee\/hambaravi5\/wp-json\/wp\/v2\/pages\/41\/revisions"}],"predecessor-version":[{"id":334,"href":"https:\/\/sisu.ut.ee\/hambaravi5\/wp-json\/wp\/v2\/pages\/41\/revisions\/334"}],"wp:attachment":[{"href":"https:\/\/sisu.ut.ee\/hambaravi5\/wp-json\/wp\/v2\/media?parent=41"}],"curies":[{"name":"wp","href":"https:\/\/api.w.org\/{rel}","templated":true}]}}