{"id":39,"date":"2024-04-04T01:59:43","date_gmt":"2024-04-03T22:59:43","guid":{"rendered":"https:\/\/sisu.ut.ee\/hambaravi5\/radiograafiline-kaariese-klassifikatsioon\/"},"modified":"2024-04-11T16:41:39","modified_gmt":"2024-04-11T13:41:39","slug":"radiograafiline-kaariese-klassifikatsioon","status":"publish","type":"page","link":"https:\/\/sisu.ut.ee\/hambaravi5\/radiograafiline-kaariese-klassifikatsioon\/","title":{"rendered":"Radiograafiline kaariese klassifikatsioon"},"content":{"rendered":"<p>Radiograafiline diagnostika teeb v\u00f5imalikuks n\u00e4ha v\u00f5i kinnitada kaariese diagnoosi.\u00a0 Vastavalt radioloogilisele\u00a0 leiule jaotatakse leiud viide gruppi.<\/p>\n<ul>\n<li><strong>D0<\/strong> \u2013 n\u00e4htav radiolutsents puudub<\/li>\n<li><strong>D1 <\/strong>\u2013 radiolutsens on emaili v\u00e4limises pooles<\/li>\n<li><strong>D2 <\/strong>\u2013 Radiolutsents haarab kogu emaili paksust<\/li>\n<li><strong>D3<\/strong> \u2013 Radiolutsents ulatub kuni poole\u00a0 dentiinikoeni<\/li>\n<li><strong>D4<\/strong> \u2013 radiolutsents haarab kogu dentiini, ulatudes pulbini<\/li>\n<\/ul>\n<p><img loading=\"lazy\" decoding=\"async\" width=\"400\" height=\"318\" class=\"alignnone wp-image-109 aligncenter\" style=\"margin-left: auto; margin-right: auto;\" title=\"joon29.png\" src=\"https:\/\/sisu.ut.ee\/wp-content\/uploads\/sites\/156\/joon29.png\" alt=\"joon29.png\" srcset=\"https:\/\/sisu.ut.ee\/wp-content\/uploads\/sites\/156\/joon29.png 400w, https:\/\/sisu.ut.ee\/wp-content\/uploads\/sites\/156\/joon29-300x239.png 300w\" sizes=\"auto, (max-width: 400px) 100vw, 400px\"><\/p>\n<h5>R\u00f6ntgen\u00fclesv\u00f5ttel on n\u00e4ha erineva s\u00fcgavusega kahjustuse t\u00fc\u00fcpe: n\u00e4iteks \u00fclemisel premolaaril 1\/2 ulatuses dentiini haarav kahjustus (D3) ja alumiste molaaride kontaktpinnal paiknevad emailikaariesed (D2 vasakpoolsel ja D1 parempoolsel).<\/h5>\n","protected":false},"excerpt":{"rendered":"<p>Radiograafiline diagnostika teeb v\u00f5imalikuks n\u00e4ha v\u00f5i kinnitada kaariese diagnoosi.\u00a0 Vastavalt radioloogilisele\u00a0 leiule jaotatakse leiud viide gruppi. D0 \u2013 n\u00e4htav radiolutsents puudub D1 \u2013 radiolutsens on emaili v\u00e4limises pooles D2 \u2013 Radiolutsents haarab kogu emaili paksust D3 \u2013 Radiolutsents ulatub kuni &#8230;<\/p>\n","protected":false},"author":12,"featured_media":0,"parent":0,"menu_order":0,"comment_status":"closed","ping_status":"closed","template":"","meta":{"_acf_changed":false,"inline_featured_image":false,"footnotes":""},"class_list":["post-39","page","type-page","status-publish","hentry"],"acf":[],"_links":{"self":[{"href":"https:\/\/sisu.ut.ee\/hambaravi5\/wp-json\/wp\/v2\/pages\/39","targetHints":{"allow":["GET"]}}],"collection":[{"href":"https:\/\/sisu.ut.ee\/hambaravi5\/wp-json\/wp\/v2\/pages"}],"about":[{"href":"https:\/\/sisu.ut.ee\/hambaravi5\/wp-json\/wp\/v2\/types\/page"}],"author":[{"embeddable":true,"href":"https:\/\/sisu.ut.ee\/hambaravi5\/wp-json\/wp\/v2\/users\/12"}],"replies":[{"embeddable":true,"href":"https:\/\/sisu.ut.ee\/hambaravi5\/wp-json\/wp\/v2\/comments?post=39"}],"version-history":[{"count":2,"href":"https:\/\/sisu.ut.ee\/hambaravi5\/wp-json\/wp\/v2\/pages\/39\/revisions"}],"predecessor-version":[{"id":332,"href":"https:\/\/sisu.ut.ee\/hambaravi5\/wp-json\/wp\/v2\/pages\/39\/revisions\/332"}],"wp:attachment":[{"href":"https:\/\/sisu.ut.ee\/hambaravi5\/wp-json\/wp\/v2\/media?parent=39"}],"curies":[{"name":"wp","href":"https:\/\/api.w.org\/{rel}","templated":true}]}}