{"id":38,"date":"2024-04-04T01:59:43","date_gmt":"2024-04-03T22:59:43","guid":{"rendered":"https:\/\/sisu.ut.ee\/hambaravi5\/kliiniline-kaariese-klassifikatsioon\/"},"modified":"2024-04-11T16:41:28","modified_gmt":"2024-04-11T13:41:28","slug":"kliiniline-kaariese-klassifikatsioon","status":"publish","type":"page","link":"https:\/\/sisu.ut.ee\/hambaravi5\/kliiniline-kaariese-klassifikatsioon\/","title":{"rendered":"Kliiniline kaariese klassifikatsioon"},"content":{"rendered":"<p>Kliiniline jaotus sisaldab viite jaotist, kahjutuse s\u00fcgavuse j\u00e4rgi, olles sarnane eelnevale jaotusele.<\/p>\n<ul>\n<li><strong>Esmane kaaries<\/strong> ehk <strong>valge laigu (<em>macula cariosa<\/em>) staadium<\/strong> \u2013\u00a0 demineraliseerunud email, mille struktuur on s\u00e4ilunud. See\u00a0 pind v\u00f5ib fluoriidide ja\/v\u00f5i mineraalide toimel remineraliseeruda<\/li>\n<li><strong>Pindmine kaaries (<em>caries superficialis<\/em>) ehk emailikaaries<\/strong> \u2013 kiilukujuline kahjustus, mis ulatub emaili-dentiini piirini<\/li>\n<li>M\u00f5\u00f5dukas kaaries ehk <strong>dentiinikaaries (<em>caries dentini<\/em>)<\/strong> \u2013 kahjustus ulatub dentiini ja levib seal v\u00e4hima vastupanuga suundades<\/li>\n<li><strong>S\u00fcgav kaaries (<em>caries profunda<\/em>)<\/strong> \u2013 kahjustus haarab dentiinikude ja ulatub pulbi l\u00e4hedusse ning p\u00f5hjustab seal tertsiaalse dentiini moodustumise.<\/li>\n<li>Perforeeriv kaaries ehk <strong>komplitseerunud kaaries (<em>caries complicata<\/em>)<\/strong> puutub kokku pulbikoega ja p\u00f5hjustab selle kahjustuse.<\/li>\n<\/ul>\n<p><img loading=\"lazy\" decoding=\"async\" width=\"400\" height=\"266\" class=\"alignnone wp-image-108 aligncenter\" style=\"margin-left: auto; margin-right: auto;\" title=\"joon28.png\" src=\"https:\/\/sisu.ut.ee\/wp-content\/uploads\/sites\/156\/joon28.png\" alt=\"joon28.png\" srcset=\"https:\/\/sisu.ut.ee\/wp-content\/uploads\/sites\/156\/joon28.png 400w, https:\/\/sisu.ut.ee\/wp-content\/uploads\/sites\/156\/joon28-300x200.png 300w\" sizes=\"auto, (max-width: 400px) 100vw, 400px\"><\/p>\n<h5>Fotol oleval hambal on n\u00e4ha igeme l\u00e4heduses paiknev\u00a0 valge laigu staadiumis olev kahjustus ja sellest eespool h\u00e4vinud krooniosaga piimahammas (komplitseerunud kaaries), millest on s\u00e4ilunud karioossed juured (iseloomulik dentiinikaariese pilt). Foto: Saag jt. Ks\u00fclitooliuuring T\u00dc Stomatoloogia kliinikus.<\/h5>\n","protected":false},"excerpt":{"rendered":"<p>Kliiniline jaotus sisaldab viite jaotist, kahjutuse s\u00fcgavuse j\u00e4rgi, olles sarnane eelnevale jaotusele. Esmane kaaries ehk valge laigu (macula cariosa) staadium \u2013\u00a0 demineraliseerunud email, mille struktuur on s\u00e4ilunud. See\u00a0 pind v\u00f5ib fluoriidide ja\/v\u00f5i mineraalide toimel remineraliseeruda Pindmine kaaries (caries superficialis) ehk &#8230;<\/p>\n","protected":false},"author":12,"featured_media":0,"parent":0,"menu_order":0,"comment_status":"closed","ping_status":"closed","template":"","meta":{"_acf_changed":false,"inline_featured_image":false,"footnotes":""},"class_list":["post-38","page","type-page","status-publish","hentry"],"acf":[],"_links":{"self":[{"href":"https:\/\/sisu.ut.ee\/hambaravi5\/wp-json\/wp\/v2\/pages\/38","targetHints":{"allow":["GET"]}}],"collection":[{"href":"https:\/\/sisu.ut.ee\/hambaravi5\/wp-json\/wp\/v2\/pages"}],"about":[{"href":"https:\/\/sisu.ut.ee\/hambaravi5\/wp-json\/wp\/v2\/types\/page"}],"author":[{"embeddable":true,"href":"https:\/\/sisu.ut.ee\/hambaravi5\/wp-json\/wp\/v2\/users\/12"}],"replies":[{"embeddable":true,"href":"https:\/\/sisu.ut.ee\/hambaravi5\/wp-json\/wp\/v2\/comments?post=38"}],"version-history":[{"count":2,"href":"https:\/\/sisu.ut.ee\/hambaravi5\/wp-json\/wp\/v2\/pages\/38\/revisions"}],"predecessor-version":[{"id":331,"href":"https:\/\/sisu.ut.ee\/hambaravi5\/wp-json\/wp\/v2\/pages\/38\/revisions\/331"}],"wp:attachment":[{"href":"https:\/\/sisu.ut.ee\/hambaravi5\/wp-json\/wp\/v2\/media?parent=38"}],"curies":[{"name":"wp","href":"https:\/\/api.w.org\/{rel}","templated":true}]}}