{"id":36,"date":"2024-04-04T01:59:43","date_gmt":"2024-04-03T22:59:43","guid":{"rendered":"https:\/\/sisu.ut.ee\/hambaravi5\/kahjustuse-jargnevuse-alusel\/"},"modified":"2024-04-11T16:41:14","modified_gmt":"2024-04-11T13:41:14","slug":"kahjustuse-jargnevuse-alusel","status":"publish","type":"page","link":"https:\/\/sisu.ut.ee\/hambaravi5\/kahjustuse-jargnevuse-alusel\/","title":{"rendered":"Kahjustuse j\u00e4rgnevuse alusel"},"content":{"rendered":"<table class=\"table table-hover\" style=\"width: 90%;\" border=\"1\" align=\"center\">\n<tbody>\n<tr>\n<td><strong><img loading=\"lazy\" decoding=\"async\" width=\"41\" height=\"100\" class=\"alignnone wp-image-91\" style=\"float: left; margin-left: 10px; margin-right: 10px;\" title=\"huuumark-pikk.png\" src=\"https:\/\/sisu.ut.ee\/wp-content\/uploads\/sites\/156\/huuumark-pikk-1.png\" alt=\"huuumark-pikk.png\">Kahjustuse j\u00e4rgnevuse alusel<\/strong>\u00a0jaotatakse kaaries:\n<ul>\n<li style=\"list-style-type: none;\">\n<ul>\n<li><strong>Esmane ehk initsiaalne<\/strong> kaaries<\/li>\n<li><strong>Sekundaarne ehk rekurrentne<\/strong> ehk taastekkiv kaaries<\/li>\n<\/ul>\n<\/li>\n<\/ul>\n<\/td>\n<\/tr>\n<\/tbody>\n<\/table>\n<h3>Esmane kaaries<\/h3>\n<p>Esmane kahjustus tekib <strong>eelnevalt kahjustamata<\/strong> ja t\u00e4idismaterjaliga taastamata hambapinnale.<\/p>\n<h3>Sekundaarne kaaries<\/h3>\n<p>Teisene kaaries areneb <strong>t\u00e4idise serval<\/strong> v\u00f5i selle all. P\u00f5hjuseks v\u00f5ib olla:<\/p>\n<ul>\n<li>t\u00e4idise \u00fclem\u00e4\u00e4r, mis soodustab katu retensiooni ja takistab selle eemaldamist<\/li>\n<li>t\u00e4idise halb \u00fchilduvus hambakoega, mille tagaj\u00e4rjeks on marginaalne leke<\/li>\n<li>kaviteedi preparatsioonil\u00a0ei ole kogu karioosset kude eemaldatud<\/li>\n<\/ul>\n<p><img loading=\"lazy\" decoding=\"async\" width=\"400\" height=\"266\" class=\"alignnone wp-image-106 aligncenter\" style=\"margin-left: auto; margin-right: auto;\" title=\"joon27.png\" src=\"https:\/\/sisu.ut.ee\/wp-content\/uploads\/sites\/156\/joon27.png\" alt=\"joon27.png\" srcset=\"https:\/\/sisu.ut.ee\/wp-content\/uploads\/sites\/156\/joon27.png 400w, https:\/\/sisu.ut.ee\/wp-content\/uploads\/sites\/156\/joon27-300x200.png 300w\" sizes=\"auto, (max-width: 400px) 100vw, 400px\"><\/p>\n<h5>Fotol on n\u00e4ha ravitud hammas, mille t\u00e4idise servas on arenenud sekundaarne kaaries. Selline hammas vajab \u00fcmberravi. Foto: Saag jt. Ks\u00fclitooliuuring T\u00dc Stomatoloogia kliinikus.<\/h5>\n","protected":false},"excerpt":{"rendered":"<p>Kahjustuse j\u00e4rgnevuse alusel\u00a0jaotatakse kaaries: Esmane ehk initsiaalne kaaries Sekundaarne ehk rekurrentne ehk taastekkiv kaaries Esmane kaaries Esmane kahjustus tekib eelnevalt kahjustamata ja t\u00e4idismaterjaliga taastamata hambapinnale. Sekundaarne kaaries Teisene kaaries areneb t\u00e4idise serval v\u00f5i selle all. P\u00f5hjuseks v\u00f5ib olla: t\u00e4idise \u00fclem\u00e4\u00e4r, &#8230;<\/p>\n","protected":false},"author":12,"featured_media":0,"parent":0,"menu_order":0,"comment_status":"closed","ping_status":"closed","template":"","meta":{"_acf_changed":false,"inline_featured_image":false,"footnotes":""},"class_list":["post-36","page","type-page","status-publish","hentry"],"acf":[],"_links":{"self":[{"href":"https:\/\/sisu.ut.ee\/hambaravi5\/wp-json\/wp\/v2\/pages\/36","targetHints":{"allow":["GET"]}}],"collection":[{"href":"https:\/\/sisu.ut.ee\/hambaravi5\/wp-json\/wp\/v2\/pages"}],"about":[{"href":"https:\/\/sisu.ut.ee\/hambaravi5\/wp-json\/wp\/v2\/types\/page"}],"author":[{"embeddable":true,"href":"https:\/\/sisu.ut.ee\/hambaravi5\/wp-json\/wp\/v2\/users\/12"}],"replies":[{"embeddable":true,"href":"https:\/\/sisu.ut.ee\/hambaravi5\/wp-json\/wp\/v2\/comments?post=36"}],"version-history":[{"count":2,"href":"https:\/\/sisu.ut.ee\/hambaravi5\/wp-json\/wp\/v2\/pages\/36\/revisions"}],"predecessor-version":[{"id":330,"href":"https:\/\/sisu.ut.ee\/hambaravi5\/wp-json\/wp\/v2\/pages\/36\/revisions\/330"}],"wp:attachment":[{"href":"https:\/\/sisu.ut.ee\/hambaravi5\/wp-json\/wp\/v2\/media?parent=36"}],"curies":[{"name":"wp","href":"https:\/\/api.w.org\/{rel}","templated":true}]}}