{"id":31,"date":"2024-04-04T01:59:43","date_gmt":"2024-04-03T22:59:43","guid":{"rendered":"https:\/\/sisu.ut.ee\/hambaravi5\/kokkuvote-0\/"},"modified":"2024-04-04T02:00:10","modified_gmt":"2024-04-03T23:00:10","slug":"kokkuvote-0","status":"publish","type":"page","link":"https:\/\/sisu.ut.ee\/hambaravi5\/kokkuvote-0\/","title":{"rendered":"Kokkuv\u00f5te"},"content":{"rendered":"<p>Kaariese areng on pikaajaline protsess, mis algab kudede demineraliseerumisega (valge laigu staadium) ja areneb ebasoodsatel tingimustel karioosseks kahjustuseks (emaili ja dentiinikaaries).<\/p>\n<p>Protsess j\u00e4rgib emailiprismade ja dentiinituubulite kulgu, levides k\u00f5ige laiemalt emaili-dentiini piiril. Kahjustus v\u00f5ib varases staadiumis peetuda, seda eesk\u00e4tt kahjustavate tegurite lakkamisel ja s\u00fclje vabal juurdep\u00e4\u00e4sul kahjustusele.\u00a0<\/p>\n","protected":false},"excerpt":{"rendered":"<p>Kaariese areng on pikaajaline protsess, mis algab kudede demineraliseerumisega (valge laigu staadium) ja areneb ebasoodsatel tingimustel karioosseks kahjustuseks (emaili ja dentiinikaaries). Protsess j\u00e4rgib emailiprismade ja dentiinituubulite kulgu, levides k\u00f5ige laiemalt emaili-dentiini piiril. Kahjustus v\u00f5ib varases staadiumis peetuda, seda eesk\u00e4tt kahjustavate &#8230;<\/p>\n","protected":false},"author":12,"featured_media":0,"parent":0,"menu_order":0,"comment_status":"closed","ping_status":"closed","template":"","meta":{"_acf_changed":false,"inline_featured_image":false,"footnotes":""},"class_list":["post-31","page","type-page","status-publish","hentry"],"acf":[],"_links":{"self":[{"href":"https:\/\/sisu.ut.ee\/hambaravi5\/wp-json\/wp\/v2\/pages\/31","targetHints":{"allow":["GET"]}}],"collection":[{"href":"https:\/\/sisu.ut.ee\/hambaravi5\/wp-json\/wp\/v2\/pages"}],"about":[{"href":"https:\/\/sisu.ut.ee\/hambaravi5\/wp-json\/wp\/v2\/types\/page"}],"author":[{"embeddable":true,"href":"https:\/\/sisu.ut.ee\/hambaravi5\/wp-json\/wp\/v2\/users\/12"}],"replies":[{"embeddable":true,"href":"https:\/\/sisu.ut.ee\/hambaravi5\/wp-json\/wp\/v2\/comments?post=31"}],"version-history":[{"count":1,"href":"https:\/\/sisu.ut.ee\/hambaravi5\/wp-json\/wp\/v2\/pages\/31\/revisions"}],"predecessor-version":[{"id":247,"href":"https:\/\/sisu.ut.ee\/hambaravi5\/wp-json\/wp\/v2\/pages\/31\/revisions\/247"}],"wp:attachment":[{"href":"https:\/\/sisu.ut.ee\/hambaravi5\/wp-json\/wp\/v2\/media?parent=31"}],"curies":[{"name":"wp","href":"https:\/\/api.w.org\/{rel}","templated":true}]}}