{"id":3,"date":"2024-04-04T01:59:41","date_gmt":"2024-04-03T22:59:41","guid":{"rendered":"https:\/\/sisu.ut.ee\/hambaravi5\/omandatud-hamba-kovakudede-patoloogiad\/"},"modified":"2024-04-04T02:00:10","modified_gmt":"2024-04-03T23:00:10","slug":"omandatud-hamba-kovakudede-patoloogiad","status":"publish","type":"page","link":"https:\/\/sisu.ut.ee\/hambaravi5\/omandatud-hamba-kovakudede-patoloogiad\/","title":{"rendered":"Omandatud hamba k\u00f5vakudede patoloogiad"},"content":{"rendered":"<p>Selle termini all m\u00f5eldakse k\u00f5iki<strong> hamba k\u00f5vakoe kaotusega kulgevaid protsesse, mis ei ole seotud hambakaariesega<\/strong>. Omaette r\u00fchm on <strong>hamba traumad<\/strong>.<\/p>\n<p>Hamba k\u00f5vakoed on email, dentiin ja tsement. M\u00f5ningane <strong>hammaste kulumine on normaalne f\u00fcsioloogiline protsess<\/strong>. Kuna tegemist on mittetaastuvate kudedega, siis protsess <strong>kumuleerub<\/strong> aja jooksul. Mida kauem on oma hambad suus, seda m\u00e4rgatavamad on muutused.<\/p>\n<p>Enamasti on tegemist mitme m\u00f5ju ja p\u00f5hjusega, mis toimivad koos ja mida eristada on keeruline. Harva on m\u00f5ni tegur selgelt \u00fclekaalus, enamasti on tegemist kombineeritud m\u00f5juga.<\/p>\n<p><strong>Diagnoosimisel<\/strong> on oluline m\u00e4rgata kahjustuse paiknemist ja kuju ning anamnees \u2013 kas ja millised on v\u00f5imalikud kahjulikud tegurid.<\/p>\n<p><strong>Kahjustuse edasiarenemise v\u00e4ltimiseks<\/strong> v\u00f5i selle aeglustamiseks on oluline <strong>p\u00f5hjustava teguri k\u00f5rvaldamine<\/strong>. Kui puuduvad kaebused hammaste tundlikkusele ja ei ole ohtu hamba murdumiseks, siis sellised kahjustused ravi ei vaja. Raskematel juhtudel on n\u00e4idustatud restauratiivne ravi t\u00e4idismaterjalide v\u00f5i proteetiliste lahendustega.<\/p>\n<table class=\"table table-hover\" border=\"1\">\n<tbody>\n<tr>\n<td><strong>Vaata lisaks<img loading=\"lazy\" decoding=\"async\" width=\"41\" height=\"41\" class=\"alignnone wp-image-62\" style=\"float: left;margin: 10px\" src=\"https:\/\/sisu.ut.ee\/wp-content\/uploads\/sites\/156\/huuumark.png\" title=\"huuumark.png\" alt=\"huuumark.png\">:<\/strong> Inglise\/prantsuse\/itaalia\/saksakeelne e-\u00f5ppe veebileht, mis kirjeldab levinumaid hambak\u00f5vakudede kahjustusi ja ravi v\u00f5imalusi <a href=\"http:\/\/www.elearningerosion.com\/en\/elearning_erosion.html%20\" target=\"_blank\" rel=\"noopener\">http:\/\/www.elearningerosion.com\/en\/ elearning_erosion.html<\/a><\/td>\n<\/tr>\n<\/tbody>\n<\/table>\n","protected":false},"excerpt":{"rendered":"<p>Selle termini all m\u00f5eldakse k\u00f5iki hamba k\u00f5vakoe kaotusega kulgevaid protsesse, mis ei ole seotud hambakaariesega. Omaette r\u00fchm on hamba traumad. Hamba k\u00f5vakoed on email, dentiin ja tsement. M\u00f5ningane hammaste kulumine on normaalne f\u00fcsioloogiline protsess. Kuna tegemist on mittetaastuvate kudedega, siis &#8230;<\/p>\n","protected":false},"author":12,"featured_media":0,"parent":0,"menu_order":0,"comment_status":"closed","ping_status":"closed","template":"","meta":{"_acf_changed":false,"inline_featured_image":false,"footnotes":""},"class_list":["post-3","page","type-page","status-publish","hentry"],"acf":[],"_links":{"self":[{"href":"https:\/\/sisu.ut.ee\/hambaravi5\/wp-json\/wp\/v2\/pages\/3","targetHints":{"allow":["GET"]}}],"collection":[{"href":"https:\/\/sisu.ut.ee\/hambaravi5\/wp-json\/wp\/v2\/pages"}],"about":[{"href":"https:\/\/sisu.ut.ee\/hambaravi5\/wp-json\/wp\/v2\/types\/page"}],"author":[{"embeddable":true,"href":"https:\/\/sisu.ut.ee\/hambaravi5\/wp-json\/wp\/v2\/users\/12"}],"replies":[{"embeddable":true,"href":"https:\/\/sisu.ut.ee\/hambaravi5\/wp-json\/wp\/v2\/comments?post=3"}],"version-history":[{"count":1,"href":"https:\/\/sisu.ut.ee\/hambaravi5\/wp-json\/wp\/v2\/pages\/3\/revisions"}],"predecessor-version":[{"id":279,"href":"https:\/\/sisu.ut.ee\/hambaravi5\/wp-json\/wp\/v2\/pages\/3\/revisions\/279"}],"wp:attachment":[{"href":"https:\/\/sisu.ut.ee\/hambaravi5\/wp-json\/wp\/v2\/media?parent=3"}],"curies":[{"name":"wp","href":"https:\/\/api.w.org\/{rel}","templated":true}]}}