{"id":24,"date":"2024-04-04T01:59:42","date_gmt":"2024-04-03T22:59:42","guid":{"rendered":"https:\/\/sisu.ut.ee\/hambaravi5\/kaaries\/"},"modified":"2024-04-04T02:00:10","modified_gmt":"2024-04-03T23:00:10","slug":"kaaries","status":"publish","type":"page","link":"https:\/\/sisu.ut.ee\/hambaravi5\/kaaries\/","title":{"rendered":"Kaaries"},"content":{"rendered":"<table class=\"table table-hover\" style=\"width: 100%\" border=\"1\" align=\"center\" cellpadding=\"1\" cellspacing=\"1\">\n<tbody>\n<tr>\n<td><img loading=\"lazy\" decoding=\"async\" width=\"41\" height=\"41\" class=\"alignnone wp-image-79\" style=\"float: left;margin-left: 10px;margin-right: 10px\" src=\"https:\/\/sisu.ut.ee\/wp-content\/uploads\/sites\/156\/huuumark-2.png\" title=\"huuumark.png\" alt=\"huuumark.png\"><strong>Kaaries on<\/strong> hamba k\u00f5vakudede destruktsiooniga kulgev haigus\/kahjustus, mis on p\u00f5hjustatud bakterite elutegevusel s\u00fcsivesikute tarbimisel tekkivate happeliste j\u00e4\u00e4kainete poolt.\u00a0<\/td>\n<\/tr>\n<\/tbody>\n<\/table>\n<p>Keyes`i\u00a0 diagramm (1960), mida hilisemalt on t\u00e4iendatud, n\u00e4itab kolme peamise teguri koostoimet, mille m\u00f5jul kaaries areneb. Nendeks on:<\/p>\n<ul>\n<li>peremeesorganism \u00a0(hammas)<\/li>\n<li>substraat \u00a0(s\u00fcsivesikud)<\/li>\n<li>mikroorganismid (streptokokid, laktobatsillid)<\/li>\n<\/ul>\n","protected":false},"excerpt":{"rendered":"<p>Kaaries on hamba k\u00f5vakudede destruktsiooniga kulgev haigus\/kahjustus, mis on p\u00f5hjustatud bakterite elutegevusel s\u00fcsivesikute tarbimisel tekkivate happeliste j\u00e4\u00e4kainete poolt.\u00a0 Keyes`i\u00a0 diagramm (1960), mida hilisemalt on t\u00e4iendatud, n\u00e4itab kolme peamise teguri koostoimet, mille m\u00f5jul kaaries areneb. Nendeks on: peremeesorganism \u00a0(hammas) substraat \u00a0(s\u00fcsivesikud) &#8230;<\/p>\n","protected":false},"author":12,"featured_media":0,"parent":0,"menu_order":0,"comment_status":"closed","ping_status":"closed","template":"","meta":{"_acf_changed":false,"inline_featured_image":false,"footnotes":""},"class_list":["post-24","page","type-page","status-publish","hentry"],"acf":[],"_links":{"self":[{"href":"https:\/\/sisu.ut.ee\/hambaravi5\/wp-json\/wp\/v2\/pages\/24","targetHints":{"allow":["GET"]}}],"collection":[{"href":"https:\/\/sisu.ut.ee\/hambaravi5\/wp-json\/wp\/v2\/pages"}],"about":[{"href":"https:\/\/sisu.ut.ee\/hambaravi5\/wp-json\/wp\/v2\/types\/page"}],"author":[{"embeddable":true,"href":"https:\/\/sisu.ut.ee\/hambaravi5\/wp-json\/wp\/v2\/users\/12"}],"replies":[{"embeddable":true,"href":"https:\/\/sisu.ut.ee\/hambaravi5\/wp-json\/wp\/v2\/comments?post=24"}],"version-history":[{"count":1,"href":"https:\/\/sisu.ut.ee\/hambaravi5\/wp-json\/wp\/v2\/pages\/24\/revisions"}],"predecessor-version":[{"id":272,"href":"https:\/\/sisu.ut.ee\/hambaravi5\/wp-json\/wp\/v2\/pages\/24\/revisions\/272"}],"wp:attachment":[{"href":"https:\/\/sisu.ut.ee\/hambaravi5\/wp-json\/wp\/v2\/media?parent=24"}],"curies":[{"name":"wp","href":"https:\/\/api.w.org\/{rel}","templated":true}]}}