{"id":23,"date":"2024-04-04T01:59:42","date_gmt":"2024-04-03T22:59:42","guid":{"rendered":"https:\/\/sisu.ut.ee\/hambaravi5\/3-emaili-ja-dentiini-kaariese-kliiniline-pilt\/"},"modified":"2024-04-04T02:00:10","modified_gmt":"2024-04-03T23:00:10","slug":"3-emaili-ja-dentiini-kaariese-kliiniline-pilt","status":"publish","type":"page","link":"https:\/\/sisu.ut.ee\/hambaravi5\/3-emaili-ja-dentiini-kaariese-kliiniline-pilt\/","title":{"rendered":"3. Emaili ja dentiini kaariese kliiniline pilt, diagnostika ja ravi"},"content":{"rendered":"<p>Hambaarst peab oskama <strong>\u00f5ige ravitaktika valimiseks<\/strong> hinnata karioosse kahjustuse iseloomu ja kulgu. Hambaarsti kogemus ja hea silm on selles olulisel kohal, kuid lisaks on kasutada mitmeid <strong>diagnostilisi meetodeid<\/strong>, mis aitavad diagnoosi p\u00fcstitada. <\/p>\n<p><strong>Kaariese ravi<\/strong> peaks olema v\u00f5imalikult kudesid s\u00e4\u00e4stev. Seega oleks\u00a0<strong>esmane valik<\/strong>\u00a0<strong>mitte-invasiivne ravi<\/strong> ehk ennetus ja\/v\u00f5i kahjustunud hamba pinna remineraliseerimine.\u00a0<\/p>\n","protected":false},"excerpt":{"rendered":"<p>Hambaarst peab oskama \u00f5ige ravitaktika valimiseks hinnata karioosse kahjustuse iseloomu ja kulgu. Hambaarsti kogemus ja hea silm on selles olulisel kohal, kuid lisaks on kasutada mitmeid diagnostilisi meetodeid, mis aitavad diagnoosi p\u00fcstitada. Kaariese ravi peaks olema v\u00f5imalikult kudesid s\u00e4\u00e4stev. Seega &#8230;<\/p>\n","protected":false},"author":12,"featured_media":0,"parent":0,"menu_order":0,"comment_status":"closed","ping_status":"closed","template":"","meta":{"_acf_changed":false,"inline_featured_image":false,"footnotes":""},"class_list":["post-23","page","type-page","status-publish","hentry"],"acf":[],"_links":{"self":[{"href":"https:\/\/sisu.ut.ee\/hambaravi5\/wp-json\/wp\/v2\/pages\/23","targetHints":{"allow":["GET"]}}],"collection":[{"href":"https:\/\/sisu.ut.ee\/hambaravi5\/wp-json\/wp\/v2\/pages"}],"about":[{"href":"https:\/\/sisu.ut.ee\/hambaravi5\/wp-json\/wp\/v2\/types\/page"}],"author":[{"embeddable":true,"href":"https:\/\/sisu.ut.ee\/hambaravi5\/wp-json\/wp\/v2\/users\/12"}],"replies":[{"embeddable":true,"href":"https:\/\/sisu.ut.ee\/hambaravi5\/wp-json\/wp\/v2\/comments?post=23"}],"version-history":[{"count":1,"href":"https:\/\/sisu.ut.ee\/hambaravi5\/wp-json\/wp\/v2\/pages\/23\/revisions"}],"predecessor-version":[{"id":271,"href":"https:\/\/sisu.ut.ee\/hambaravi5\/wp-json\/wp\/v2\/pages\/23\/revisions\/271"}],"wp:attachment":[{"href":"https:\/\/sisu.ut.ee\/hambaravi5\/wp-json\/wp\/v2\/media?parent=23"}],"curies":[{"name":"wp","href":"https:\/\/api.w.org\/{rel}","templated":true}]}}