{"id":22,"date":"2024-04-04T01:59:42","date_gmt":"2024-04-03T22:59:42","guid":{"rendered":"https:\/\/sisu.ut.ee\/hambaravi5\/4-hamba-kovakudede-patoloogiad\/"},"modified":"2024-04-04T02:00:10","modified_gmt":"2024-04-03T23:00:10","slug":"4-hamba-kovakudede-patoloogiad","status":"publish","type":"page","link":"https:\/\/sisu.ut.ee\/hambaravi5\/4-hamba-kovakudede-patoloogiad\/","title":{"rendered":"4. Hamba k\u00f5vakudede patoloogiad"},"content":{"rendered":"<p>Hamba k\u00f5vakudede <strong>patoloogiad jagatakse<\/strong> vastavalt nende tekkimise ajale:<\/p>\n<ul>\n<li>hamba <strong>arenemise ajal tekkinud ehk arenguh\u00e4ired<\/strong><\/li>\n<li><strong>p\u00e4rast hamba suhul\u00f5ikumist tekkinud<\/strong> patoloogiad<\/li>\n<\/ul>\n<p><strong>Arengu ajal<\/strong> tekkinud patoloogiad v\u00f5ivad olla<strong> lokaalse m\u00f5ju<\/strong> tulemus (n\u00e4iteks traumad, p\u00f5letikud vms), mis m\u00f5jutavad ainult m\u00f5nda hambaalget. Muutuda v\u00f5ib hammaste arv, morfoloogia v\u00f5i struktuur (emailil ja dentiinil). Teine arenguanomaaliate tekkep\u00f5hjuste grupp on <strong>\u00fcldised<\/strong>, mis m\u00f5jutavad kogu keha (n\u00e4iteks geneetilised) ja millega v\u00f5ivad kaasneda raskemad ja ulatuslikumad kudede v\u00e4\u00e4rarengud nagu l\u00f5hed ja sundroomid.<\/p>\n<p><strong>L\u00f5ikumise j\u00e4rgselt<\/strong> tekkinud patoloogiad jagatakse enamasti <strong>sisemisteks<\/strong> (endogeenseteks) ja<strong> v\u00e4limisteks<\/strong> (eksogeenseteks). Viimased on tunduvalt sagedasemini hammaste k\u00f5vakudede kaotuse p\u00f5hjuseks. Siia hulka kuuluvad ka kaaries (k\u00e4sitletud varasemas peat\u00fckis) ja n\u00e4iteks hammaste traumad.\u00a0<\/p>\n","protected":false},"excerpt":{"rendered":"<p>Hamba k\u00f5vakudede patoloogiad jagatakse vastavalt nende tekkimise ajale: hamba arenemise ajal tekkinud ehk arenguh\u00e4ired p\u00e4rast hamba suhul\u00f5ikumist tekkinud patoloogiad Arengu ajal tekkinud patoloogiad v\u00f5ivad olla lokaalse m\u00f5ju tulemus (n\u00e4iteks traumad, p\u00f5letikud vms), mis m\u00f5jutavad ainult m\u00f5nda hambaalget. Muutuda v\u00f5ib hammaste &#8230;<\/p>\n","protected":false},"author":12,"featured_media":0,"parent":0,"menu_order":0,"comment_status":"closed","ping_status":"closed","template":"","meta":{"_acf_changed":false,"inline_featured_image":false,"footnotes":""},"class_list":["post-22","page","type-page","status-publish","hentry"],"acf":[],"_links":{"self":[{"href":"https:\/\/sisu.ut.ee\/hambaravi5\/wp-json\/wp\/v2\/pages\/22","targetHints":{"allow":["GET"]}}],"collection":[{"href":"https:\/\/sisu.ut.ee\/hambaravi5\/wp-json\/wp\/v2\/pages"}],"about":[{"href":"https:\/\/sisu.ut.ee\/hambaravi5\/wp-json\/wp\/v2\/types\/page"}],"author":[{"embeddable":true,"href":"https:\/\/sisu.ut.ee\/hambaravi5\/wp-json\/wp\/v2\/users\/12"}],"replies":[{"embeddable":true,"href":"https:\/\/sisu.ut.ee\/hambaravi5\/wp-json\/wp\/v2\/comments?post=22"}],"version-history":[{"count":1,"href":"https:\/\/sisu.ut.ee\/hambaravi5\/wp-json\/wp\/v2\/pages\/22\/revisions"}],"predecessor-version":[{"id":270,"href":"https:\/\/sisu.ut.ee\/hambaravi5\/wp-json\/wp\/v2\/pages\/22\/revisions\/270"}],"wp:attachment":[{"href":"https:\/\/sisu.ut.ee\/hambaravi5\/wp-json\/wp\/v2\/media?parent=22"}],"curies":[{"name":"wp","href":"https:\/\/api.w.org\/{rel}","templated":true}]}}