{"id":21,"date":"2024-04-04T01:59:42","date_gmt":"2024-04-03T22:59:42","guid":{"rendered":"https:\/\/sisu.ut.ee\/hambaravi5\/2-hambakaariese-etioloogia-ja-patogenees\/"},"modified":"2024-04-04T02:00:10","modified_gmt":"2024-04-03T23:00:10","slug":"2-hambakaariese-etioloogia-ja-patogenees","status":"publish","type":"page","link":"https:\/\/sisu.ut.ee\/hambaravi5\/2-hambakaariese-etioloogia-ja-patogenees\/","title":{"rendered":"2. Hambakaariese etioloogia ja patogenees"},"content":{"rendered":"<p><strong>Hambakaariese peamiseid tekkep\u00f5hjuseid<\/strong> (hambakoe omadused, kariogeensed bakterid ja s\u00fcsivesikud) on teatud juba enam kui sada aastat, muutunud on pigem r\u00f5huasetus.<\/p>\n<p>On tekkinud arusaam, et <strong>mitte iga hambakoe kahjustus ei arene karioosseks defektiks<\/strong>, mis restauratiivset ravi vajab, vaid pigem on kaaries <strong>d\u00fcnaamiline protsess<\/strong>, mille kulg s\u00f5ltub isiku tervisek\u00e4itumisest ja paljudest kaudsetest teguritest.\u00a0\u00a0<\/p>\n\n","protected":false},"excerpt":{"rendered":"<p>Hambakaariese peamiseid tekkep\u00f5hjuseid (hambakoe omadused, kariogeensed bakterid ja s\u00fcsivesikud) on teatud juba enam kui sada aastat, muutunud on pigem r\u00f5huasetus. On tekkinud arusaam, et mitte iga hambakoe kahjustus ei arene karioosseks defektiks, mis restauratiivset ravi vajab, vaid pigem on kaaries &#8230;<\/p>\n","protected":false},"author":12,"featured_media":0,"parent":0,"menu_order":0,"comment_status":"closed","ping_status":"closed","template":"","meta":{"_acf_changed":false,"inline_featured_image":false,"footnotes":""},"class_list":["post-21","page","type-page","status-publish","hentry"],"acf":[],"_links":{"self":[{"href":"https:\/\/sisu.ut.ee\/hambaravi5\/wp-json\/wp\/v2\/pages\/21","targetHints":{"allow":["GET"]}}],"collection":[{"href":"https:\/\/sisu.ut.ee\/hambaravi5\/wp-json\/wp\/v2\/pages"}],"about":[{"href":"https:\/\/sisu.ut.ee\/hambaravi5\/wp-json\/wp\/v2\/types\/page"}],"author":[{"embeddable":true,"href":"https:\/\/sisu.ut.ee\/hambaravi5\/wp-json\/wp\/v2\/users\/12"}],"replies":[{"embeddable":true,"href":"https:\/\/sisu.ut.ee\/hambaravi5\/wp-json\/wp\/v2\/comments?post=21"}],"version-history":[{"count":1,"href":"https:\/\/sisu.ut.ee\/hambaravi5\/wp-json\/wp\/v2\/pages\/21\/revisions"}],"predecessor-version":[{"id":269,"href":"https:\/\/sisu.ut.ee\/hambaravi5\/wp-json\/wp\/v2\/pages\/21\/revisions\/269"}],"wp:attachment":[{"href":"https:\/\/sisu.ut.ee\/hambaravi5\/wp-json\/wp\/v2\/media?parent=21"}],"curies":[{"name":"wp","href":"https:\/\/api.w.org\/{rel}","templated":true}]}}