{"id":14,"date":"2024-04-04T01:59:41","date_gmt":"2024-04-03T22:59:41","guid":{"rendered":"https:\/\/sisu.ut.ee\/hambaravi5\/suu-ja-hambahaiguste-epidemioloogia\/"},"modified":"2024-04-04T02:00:11","modified_gmt":"2024-04-03T23:00:11","slug":"suu-ja-hambahaiguste-epidemioloogia","status":"publish","type":"page","link":"https:\/\/sisu.ut.ee\/hambaravi5\/suu-ja-hambahaiguste-epidemioloogia\/","title":{"rendered":"Suu- ja hambahaiguste epidemioloogia"},"content":{"rendered":"<p>Kogu maailmas<\/p>\n<ul>\n<li>60-90% kooliealistest lastest ja 80-100% t\u00e4iskasvanutest on hambakaaries<\/li>\n<li>hamba kinnituskudede haiguste rasket vormi p\u00f5eb 15-20% keskealistest inimestest<\/li>\n<li>umbes 30% \u00fcle 65-aastastest ei ole oma hambaid<\/li>\n<li>suu\u00f5\u00f5ne haiguseid on enam madalama sissetulekuga gruppides<\/li>\n<li>suu\u00f5\u00f5ne haiguste peamisteks riskiteguriteks on ebatervislik toitumine, tubaka kasutamine, rohke alkoholitarbimine, halb suuh\u00fcgieen ning sotsiaalsed tegurid<\/li>\n<\/ul>\n<p>Suutervis on t\u00e4nu tekkep\u00f5hjuste m\u00f5istmisele ja teadusp\u00f5hisele ennetust\u00f6\u00f6le paljudes riikides oluliselt paranenud, kuid probleem on endiselt suur, n\u00e4iteks arengumaades ja madalamate sotsiaalsete n\u00e4itajatega gruppides. <strong>Suutervise peamised probleemid<\/strong> nagu hambakaaries, parodondihaigused (ehk hamba kinnituskudede haigused), hammaste kaotus, suulimaskesta muutused, suu\u00f5\u00f5ne kasvajad, HIV\/AIDS-iga seotud suu\u00f5\u00f5ne haigused ning suu- ja\u00a0 hambatraumad on osa rahvatervisest ja p\u00f5hjustavad suuri v\u00e4ljaminekuid tervishoius.<\/p>\n<p>Halb suutervis v\u00f5ib halvendada \u00fcldtervislikku seisundit. M\u00f5ningad suu\u00f5\u00f5ne haigused on seotud \u00fcldhaigustega (diabeet, s\u00fcdame-veresoonkonna haigused jt). Valu ja v\u00e4henenud m\u00e4lumisefektiivsus m\u00f5jutavad inimese elukvaliteeti, kaotatud v\u00f5i ebaesteetilised hambad m\u00f5jutavad sotsiaalset suhtlemist ja inimese enesehinnangut. Suu\u00f5\u00f5ne haiguste ja nende t\u00fcsistuste t\u00f5ttu kaotatakse hulgaliselt t\u00f6\u00f6tunde kuigi kaks peamist suu\u00f5\u00f5ne haiguste r\u00fchma \u2013 hambakaaries ja parodondihaigused \u2013 on m\u00f5lemad <strong>ennetatavad ja kontrollitavad haigused<\/strong>.\u00a0<\/p>\n","protected":false},"excerpt":{"rendered":"<p>Kogu maailmas 60-90% kooliealistest lastest ja 80-100% t\u00e4iskasvanutest on hambakaaries hamba kinnituskudede haiguste rasket vormi p\u00f5eb 15-20% keskealistest inimestest umbes 30% \u00fcle 65-aastastest ei ole oma hambaid suu\u00f5\u00f5ne haiguseid on enam madalama sissetulekuga gruppides suu\u00f5\u00f5ne haiguste peamisteks riskiteguriteks on ebatervislik &#8230;<\/p>\n","protected":false},"author":12,"featured_media":0,"parent":0,"menu_order":0,"comment_status":"closed","ping_status":"closed","template":"","meta":{"_acf_changed":false,"inline_featured_image":false,"footnotes":""},"class_list":["post-14","page","type-page","status-publish","hentry"],"acf":[],"_links":{"self":[{"href":"https:\/\/sisu.ut.ee\/hambaravi5\/wp-json\/wp\/v2\/pages\/14","targetHints":{"allow":["GET"]}}],"collection":[{"href":"https:\/\/sisu.ut.ee\/hambaravi5\/wp-json\/wp\/v2\/pages"}],"about":[{"href":"https:\/\/sisu.ut.ee\/hambaravi5\/wp-json\/wp\/v2\/types\/page"}],"author":[{"embeddable":true,"href":"https:\/\/sisu.ut.ee\/hambaravi5\/wp-json\/wp\/v2\/users\/12"}],"replies":[{"embeddable":true,"href":"https:\/\/sisu.ut.ee\/hambaravi5\/wp-json\/wp\/v2\/comments?post=14"}],"version-history":[{"count":1,"href":"https:\/\/sisu.ut.ee\/hambaravi5\/wp-json\/wp\/v2\/pages\/14\/revisions"}],"predecessor-version":[{"id":290,"href":"https:\/\/sisu.ut.ee\/hambaravi5\/wp-json\/wp\/v2\/pages\/14\/revisions\/290"}],"wp:attachment":[{"href":"https:\/\/sisu.ut.ee\/hambaravi5\/wp-json\/wp\/v2\/media?parent=14"}],"curies":[{"name":"wp","href":"https:\/\/api.w.org\/{rel}","templated":true}]}}