{"id":12,"date":"2024-04-04T01:59:41","date_gmt":"2024-04-03T22:59:41","guid":{"rendered":"https:\/\/sisu.ut.ee\/hambaravi5\/kokkuvote-2\/"},"modified":"2024-04-04T02:00:11","modified_gmt":"2024-04-03T23:00:11","slug":"kokkuvote-2","status":"publish","type":"page","link":"https:\/\/sisu.ut.ee\/hambaravi5\/kokkuvote-2\/","title":{"rendered":"Kokkuv\u00f5te"},"content":{"rendered":"<p>Hamba k\u00f5vakudede patoloogiate hulka kuuluvad hamba\u00a0 erinevatel arenguetappidel\u00a0 ja v\u00e4ga erineva p\u00f5hjusega tekkinud\u00a0 anomaaliad, mis varieeruvad kosmeetilisest probleemist suuri restauratiivseid lahendusi vajavate olukordadeni.<\/p>\n<p>Hambaarsti t\u00f6\u00f6s on oluline patoloogia \u00e4ra tunda ja vastavalt sellele ravi planeerida.<\/p>\n<p>P\u00f5hjalikumaks teabeallikaks v\u00f5ib kasutada n\u00e4iteks selle peat\u00fcki \u00f5ppematerjali koostamisel aluseks v\u00f5etud <strong>\u00f5pikut\u00a0 A. Schuurs \u201cPathology of the Hard Dental Tissues\u201d<\/strong>\u00a02013 Wiley-Blackwell, mis annab p\u00f5hjaliku \u00fclevaate hamba k\u00f5vakudede patoloogiate esinemissagedusest, p\u00f5hjustest, variatsioonidest ja nende raviv\u00f5imalustest.\u00a0<\/p>\n","protected":false},"excerpt":{"rendered":"<p>Hamba k\u00f5vakudede patoloogiate hulka kuuluvad hamba\u00a0 erinevatel arenguetappidel\u00a0 ja v\u00e4ga erineva p\u00f5hjusega tekkinud\u00a0 anomaaliad, mis varieeruvad kosmeetilisest probleemist suuri restauratiivseid lahendusi vajavate olukordadeni. Hambaarsti t\u00f6\u00f6s on oluline patoloogia \u00e4ra tunda ja vastavalt sellele ravi planeerida. P\u00f5hjalikumaks teabeallikaks v\u00f5ib kasutada n\u00e4iteks &#8230;<\/p>\n","protected":false},"author":12,"featured_media":0,"parent":0,"menu_order":0,"comment_status":"closed","ping_status":"closed","template":"","meta":{"_acf_changed":false,"inline_featured_image":false,"footnotes":""},"class_list":["post-12","page","type-page","status-publish","hentry"],"acf":[],"_links":{"self":[{"href":"https:\/\/sisu.ut.ee\/hambaravi5\/wp-json\/wp\/v2\/pages\/12","targetHints":{"allow":["GET"]}}],"collection":[{"href":"https:\/\/sisu.ut.ee\/hambaravi5\/wp-json\/wp\/v2\/pages"}],"about":[{"href":"https:\/\/sisu.ut.ee\/hambaravi5\/wp-json\/wp\/v2\/types\/page"}],"author":[{"embeddable":true,"href":"https:\/\/sisu.ut.ee\/hambaravi5\/wp-json\/wp\/v2\/users\/12"}],"replies":[{"embeddable":true,"href":"https:\/\/sisu.ut.ee\/hambaravi5\/wp-json\/wp\/v2\/comments?post=12"}],"version-history":[{"count":1,"href":"https:\/\/sisu.ut.ee\/hambaravi5\/wp-json\/wp\/v2\/pages\/12\/revisions"}],"predecessor-version":[{"id":288,"href":"https:\/\/sisu.ut.ee\/hambaravi5\/wp-json\/wp\/v2\/pages\/12\/revisions\/288"}],"wp:attachment":[{"href":"https:\/\/sisu.ut.ee\/hambaravi5\/wp-json\/wp\/v2\/media?parent=12"}],"curies":[{"name":"wp","href":"https:\/\/api.w.org\/{rel}","templated":true}]}}